{"id":103,"date":"2025-02-10T13:41:33","date_gmt":"2025-02-10T16:41:33","guid":{"rendered":"https:\/\/boletimch.museu-goeldi.br\/?page_id=103"},"modified":"2025-05-08T12:21:27","modified_gmt":"2025-05-08T15:21:27","slug":"sobre","status":"publish","type":"page","link":"https:\/\/boletimch.museu-goeldi.br\/?page_id=103","title":{"rendered":"Sobre"},"content":{"rendered":"\t\t<div data-elementor-type=\"wp-page\" data-elementor-id=\"103\" class=\"elementor elementor-103\" data-elementor-post-type=\"page\">\n\t\t\t\t<div class=\"elementor-element elementor-element-82e61f2 e-flex e-con-boxed e-con e-parent\" data-id=\"82e61f2\" data-element_type=\"container\" data-e-type=\"container\">\n\t\t\t\t\t<div class=\"e-con-inner\">\n\t\t\t\t<div class=\"elementor-element elementor-element-56dfd20 elementor-widget elementor-widget-heading\" data-id=\"56dfd20\" data-element_type=\"widget\" data-e-type=\"widget\" data-widget_type=\"heading.default\">\n\t\t\t\t<div class=\"elementor-widget-container\">\n\t\t\t\t\t<h2 class=\"elementor-heading-title elementor-size-default\">FOCO E ESCOPO<\/h2>\t\t\t\t<\/div>\n\t\t\t\t<\/div>\n\t\t\t\t<div class=\"elementor-element elementor-element-a22c4e2 elementor-widget elementor-widget-text-editor\" data-id=\"a22c4e2\" data-element_type=\"widget\" data-e-type=\"widget\" data-widget_type=\"text-editor.default\">\n\t\t\t\t<div class=\"elementor-widget-container\">\n\t\t\t\t\t\t\t\t\t<p>O Boletim do Museu Paraense Em\u00edlio Goeldi. Ci\u00eancias Humanas tem como miss\u00e3o publicar trabalhos originais em arqueologia, hist\u00f3ria, antropologia, lingu\u00edstica ind\u00edgena e disciplinas correlatas, bem como promover a diversidade no que se refere \u00e0 equidade de g\u00eaneros e grupos \u00e9tnicos e \u00e0 representatividade geogr\u00e1fica.<\/p>\t\t\t\t\t\t\t\t<\/div>\n\t\t\t\t<\/div>\n\t\t\t\t<div class=\"elementor-element elementor-element-0c2b032 elementor-widget elementor-widget-heading\" data-id=\"0c2b032\" data-element_type=\"widget\" data-e-type=\"widget\" data-widget_type=\"heading.default\">\n\t\t\t\t<div class=\"elementor-widget-container\">\n\t\t\t\t\t<h2 class=\"elementor-heading-title elementor-size-default\">POL\u00cdTICAS DE SE\u00c7\u00c3O<\/h2>\t\t\t\t<\/div>\n\t\t\t\t<\/div>\n\t\t\t\t<div class=\"elementor-element elementor-element-1e1a5f8 elementor-widget elementor-widget-text-editor\" data-id=\"1e1a5f8\" data-element_type=\"widget\" data-e-type=\"widget\" data-widget_type=\"text-editor.default\">\n\t\t\t\t<div class=\"elementor-widget-container\">\n\t\t\t\t\t\t\t\t\t<p>A revista aceita colabora\u00e7\u00f5es em portugu\u00eas, espanhol, ingl\u00eas e franc\u00eas para as seguintes se\u00e7\u00f5es: Artigos Cient\u00edficos e de Revis\u00e3o; Entrevista; Ensaio Fotogr\u00e1fico; Notas de Pesquisa; Mem\u00f3ria; Debate; Resenhas Bibliogr\u00e1ficas; Resumos de teses e disserta\u00e7\u00f5es.<\/p>\t\t\t\t\t\t\t\t<\/div>\n\t\t\t\t<\/div>\n\t\t\t\t<div class=\"elementor-element elementor-element-b1c6474 elementor-widget elementor-widget-heading\" data-id=\"b1c6474\" data-element_type=\"widget\" data-e-type=\"widget\" data-widget_type=\"heading.default\">\n\t\t\t\t<div class=\"elementor-widget-container\">\n\t\t\t\t\t<h2 class=\"elementor-heading-title elementor-size-default\">CI\u00caNCIA ABERTA<\/h2>\t\t\t\t<\/div>\n\t\t\t\t<\/div>\n\t\t\t\t<div class=\"elementor-element elementor-element-a01de01 elementor-widget elementor-widget-text-editor\" data-id=\"a01de01\" data-element_type=\"widget\" data-e-type=\"widget\" data-widget_type=\"text-editor.default\">\n\t\t\t\t<div class=\"elementor-widget-container\">\n\t\t\t\t\t\t\t\t\t<p>O peri\u00f3dico atua em conformidade com a Ci\u00eancia Aberta e com os Crit\u00e9rios SciELO. \u00c9 de acesso aberto, com conte\u00fado dispon\u00edvel gratuitamente, sem qualquer custo. N\u00e3o h\u00e1 cobran\u00e7a de taxas para submiss\u00e3o de manuscritos ou para a publica\u00e7\u00e3o.<\/p>\t\t\t\t\t\t\t\t<\/div>\n\t\t\t\t<\/div>\n\t\t\t\t\t<\/div>\n\t\t\t\t<\/div>\n\t\t\t\t<\/div>\n\t\t","protected":false},"excerpt":{"rendered":"<p>FOCO E ESCOPO O Boletim do Museu Paraense Em\u00edlio Goeldi. Ci\u00eancias Humanas tem como miss\u00e3o publicar trabalhos originais em arqueologia, hist\u00f3ria, antropologia, lingu\u00edstica ind\u00edgena e disciplinas correlatas, bem como promover a diversidade no que se refere \u00e0 equidade de g\u00eaneros e grupos \u00e9tnicos e \u00e0 representatividade geogr\u00e1fica. POL\u00cdTICAS DE SE\u00c7\u00c3O A revista aceita colabora\u00e7\u00f5es em [&hellip;]<\/p>\n","protected":false},"author":2,"featured_media":0,"parent":0,"menu_order":0,"comment_status":"closed","ping_status":"closed","template":"","meta":{"footnotes":""},"class_list":["post-103","page","type-page","status-publish","hentry"],"meta_box":[],"_links":{"self":[{"href":"https:\/\/boletimch.museu-goeldi.br\/index.php?rest_route=\/wp\/v2\/pages\/103","targetHints":{"allow":["GET"]}}],"collection":[{"href":"https:\/\/boletimch.museu-goeldi.br\/index.php?rest_route=\/wp\/v2\/pages"}],"about":[{"href":"https:\/\/boletimch.museu-goeldi.br\/index.php?rest_route=\/wp\/v2\/types\/page"}],"author":[{"embeddable":true,"href":"https:\/\/boletimch.museu-goeldi.br\/index.php?rest_route=\/wp\/v2\/users\/2"}],"replies":[{"embeddable":true,"href":"https:\/\/boletimch.museu-goeldi.br\/index.php?rest_route=%2Fwp%2Fv2%2Fcomments&post=103"}],"version-history":[{"count":25,"href":"https:\/\/boletimch.museu-goeldi.br\/index.php?rest_route=\/wp\/v2\/pages\/103\/revisions"}],"predecessor-version":[{"id":4387,"href":"https:\/\/boletimch.museu-goeldi.br\/index.php?rest_route=\/wp\/v2\/pages\/103\/revisions\/4387"}],"wp:attachment":[{"href":"https:\/\/boletimch.museu-goeldi.br\/index.php?rest_route=%2Fwp%2Fv2%2Fmedia&parent=103"}],"curies":[{"name":"wp","href":"https:\/\/api.w.org\/{rel}","templated":true}]}}