{"id":1122,"date":"2025-02-24T14:12:10","date_gmt":"2025-02-24T17:12:10","guid":{"rendered":"https:\/\/boletimch.museu-goeldi.br\/?page_id=1122"},"modified":"2026-04-16T11:57:40","modified_gmt":"2026-04-16T14:57:40","slug":"ciencias-humanas-v-15-n-2","status":"publish","type":"page","link":"https:\/\/boletimch.museu-goeldi.br\/?page_id=1122","title":{"rendered":"Ci\u00eancias Humanas, v.15, n.2"},"content":{"rendered":"\t\t<div data-elementor-type=\"wp-page\" data-elementor-id=\"1122\" class=\"elementor elementor-1122\" data-elementor-post-type=\"page\">\n\t\t\t\t<div class=\"elementor-element elementor-element-01f1205 elementor-hidden-desktop elementor-hidden-tablet e-flex e-con-boxed e-con e-parent\" data-id=\"01f1205\" data-element_type=\"container\" data-e-type=\"container\">\n\t\t\t\t\t<div class=\"e-con-inner\">\n\t\t\t\t<div class=\"elementor-element elementor-element-11524ff elementor-widget elementor-widget-image\" data-id=\"11524ff\" data-element_type=\"widget\" data-e-type=\"widget\" data-widget_type=\"image.default\">\n\t\t\t\t<div class=\"elementor-widget-container\">\n\t\t\t\t\t\t\t\t\t\t\t\t\t\t\t<img fetchpriority=\"high\" decoding=\"async\" width=\"800\" height=\"944\" src=\"https:\/\/boletimch.museu-goeldi.br\/wp-content\/uploads\/2025\/02\/chv15n2-Copia.jpg\" class=\"attachment-large size-large wp-image-457\" alt=\"\" srcset=\"https:\/\/boletimch.museu-goeldi.br\/wp-content\/uploads\/2025\/02\/chv15n2-Copia.jpg 800w, https:\/\/boletimch.museu-goeldi.br\/wp-content\/uploads\/2025\/02\/chv15n2-Copia-254x300.jpg 254w, https:\/\/boletimch.museu-goeldi.br\/wp-content\/uploads\/2025\/02\/chv15n2-Copia-768x906.jpg 768w\" sizes=\"(max-width: 800px) 100vw, 800px\" \/>\t\t\t\t\t\t\t\t\t\t\t\t\t\t\t<\/div>\n\t\t\t\t<\/div>\n\t\t\t\t\t<\/div>\n\t\t\t\t<\/div>\n\t\t<div class=\"elementor-element elementor-element-d728ebc e-flex e-con-boxed e-con e-parent\" data-id=\"d728ebc\" data-element_type=\"container\" data-e-type=\"container\">\n\t\t\t\t\t<div class=\"e-con-inner\">\n\t\t<div class=\"elementor-element elementor-element-ac2ee4b e-con-full e-flex e-con e-child\" data-id=\"ac2ee4b\" data-element_type=\"container\" data-e-type=\"container\">\n\t\t\t\t<div class=\"elementor-element elementor-element-2170d2b elementor-widget elementor-widget-heading\" data-id=\"2170d2b\" data-element_type=\"widget\" data-e-type=\"widget\" data-widget_type=\"heading.default\">\n\t\t\t\t<div class=\"elementor-widget-container\">\n\t\t\t\t\t<h2 class=\"elementor-heading-title elementor-size-default\">EDI\u00c7\u00c3O <\/h2>\t\t\t\t<\/div>\n\t\t\t\t<\/div>\n\t\t\t\t<div class=\"elementor-element elementor-element-2a66f34 elementor-widget elementor-widget-heading\" data-id=\"2a66f34\" data-element_type=\"widget\" data-e-type=\"widget\" data-widget_type=\"heading.default\">\n\t\t\t\t<div class=\"elementor-widget-container\">\n\t\t\t\t\t<h4 class=\"elementor-heading-title elementor-size-default\">Ci\u00eancias Humanas, v.15, n.2<\/h4>\t\t\t\t<\/div>\n\t\t\t\t<\/div>\n\t\t\t\t<div class=\"elementor-element elementor-element-a0c6075 elementor-widget elementor-widget-heading\" data-id=\"a0c6075\" data-element_type=\"widget\" data-e-type=\"widget\" data-widget_type=\"heading.default\">\n\t\t\t\t<div class=\"elementor-widget-container\">\n\t\t\t\t\t<h4 class=\"elementor-heading-title elementor-size-default\"><a href=\"https:\/\/boletimch.museu-goeldi.br\/wp-content\/uploads\/2025\/04\/Humanas_V15N2_baixa.pdf\" target=\"_blank\">DOWNLOAD DA EDI\u00c7\u00c3O COMPLETA\u200b<\/a><\/h4>\t\t\t\t<\/div>\n\t\t\t\t<\/div>\n\t\t\t\t<div class=\"elementor-element elementor-element-1d04092 elementor-widget elementor-widget-heading\" data-id=\"1d04092\" data-element_type=\"widget\" data-e-type=\"widget\" data-widget_type=\"heading.default\">\n\t\t\t\t<div class=\"elementor-widget-container\">\n\t\t\t\t\t<h4 class=\"elementor-heading-title elementor-size-default\"><br><strong>PUBLICA\u00c7\u00c3O CONT\u00cdNUA<\/strong> | Maio\/Agosto de 2020\n<br>\n<br>Publica\u00e7\u00e3o quadrimestral do Museu Paraense Em\u00edlio Goeldi\n<br>\n<br>ISSN: 2178-2547<\/h4>\t\t\t\t<\/div>\n\t\t\t\t<\/div>\n\t\t\t\t<div class=\"elementor-element elementor-element-abc5eb4 elementor-widget elementor-widget-html\" data-id=\"abc5eb4\" data-element_type=\"widget\" data-e-type=\"widget\" data-widget_type=\"html.default\">\n\t\t\t\t<div class=\"elementor-widget-container\">\n\t\t\t\t\t<div class=\"categoria\">DOSSI\u00ca<\/div>\r\n\r\n<div class=\"artigo\">\r\n  <div class=\"titulo-pt\">Introdu\u00e7\u00e3o: arqueologia dos \u2018pioneiros\u2019 e da diversidade do alto rio Madeira<\/div>\r\n  <div class=\"titulo-en\">Introduction: the archaeology of the \u2018pioneers\u2019 and of the diversity in the Upper Madeira River<\/div>\r\n  <div class=\"autores\">Fernando Ozorio de Almeida, Guilherme Mongel\u00f3<\/div>\r\n  <a class=\"btn-link\" href=\"http:\/\/dx.doi.org\/10.1590\/2178-2547-bgoeldi-2019-0080\" target=\"_blank\">VERS\u00c3O INTEGRAL<\/a>\r\n<\/div>\r\n\r\n<div class=\"artigo\">\r\n  <div class=\"titulo-pt\">Ocupa\u00e7\u00f5es humanas do Holoceno inicial e m\u00e9dio no sudoeste amaz\u00f4nico<\/div>\r\n  <div class=\"titulo-en\">Early and Middle Holocene human ocuppations in Southwest Amazon<\/div>\r\n  <div class=\"autores\">Guilherme Mongel\u00f3<\/div>\r\n  <a class=\"btn-link\" href=\"http:\/\/dx.doi.org\/10.1590\/2178-2547-bgoeldi-2019-0079\" target=\"_blank\">VERS\u00c3O INTEGRAL<\/a>\r\n<\/div>\r\n\r\n<div class=\"artigo\">\r\n  <div class=\"titulo-pt\">Arqueobot\u00e2nica de ocupa\u00e7\u00f5es ceramistas na Cachoeira do Teot\u00f4nio<\/div>\r\n  <div class=\"titulo-en\">Archaeobotanical data from ceramic occupations of the Cachoeira do Teot\u00f4nio<\/div>\r\n  <div class=\"autores\">Jennifer Watling   | Fernando Almeida   | Thiago Kater   | \r\nSilvana Zuse  | Myrtle Pearl Shock  | Guilherme Mongel\u00f3  | Eduardo Bespalez  | Juliana Rossato Santi  | Eduardo G\u00f3es Neves<\/div>\r\n  <a class=\"btn-link\" href=\"http:\/\/dx.doi.org\/10.1590\/2178-2547-bgoeldi-2019-0075\" target=\"_blank\">VERS\u00c3O INTEGRAL<\/a>\r\n<\/div>\r\n\r\n<div class=\"artigo\">\r\n  <div class=\"titulo-pt\">A temporalidade das ocupa\u00e7\u00f5es ceramistas no s\u00edtio Teot\u00f4nio<\/div>\r\n  <div class=\"titulo-en\">Temporality of archaeological ceramics at the Teot\u00f4nio site<\/div>\r\n  <div class=\"autores\">Thiago Kater<\/div>\r\n  <a class=\"btn-link\" href=\"http:\/\/dx.doi.org\/10.1590\/2178-2547-bgoeldi-2019-0078\" target=\"_blank\">VERS\u00c3O INTEGRAL<\/a>\r\n<\/div>\r\n\r\n<div class=\"artigo\">\r\n  <div class=\"titulo-pt\">Arqueologia no s\u00edtio Santa Paula, alto Madeira, Porto Velho, Rond\u00f4nia, Brasil<\/div>\r\n  <div class=\"titulo-en\">Archaeology at the Santa Paula site, upper Madeira, Porto Velho, Rond\u00f4nia, Brazil<\/div>\r\n  <div class=\"autores\">Eduardo Bespalez  | Silvana Zuse  | Cliverson Pessoa  | \r\n              Pedro Pedraza Venere  | Juliana Rossato Santi<\/div>\r\n  <a class=\"btn-link\" href=\"http:\/\/dx.doi.org\/10.1590\/2178-2547-bgoeldi-2019-0076\" target=\"_blank\">VERS\u00c3O INTEGRAL<\/a>\r\n<\/div>\r\n\r\n<div class=\"artigo\">\r\n  <div class=\"titulo-pt\">Aldeia circular e os correlatos da ocupa\u00e7\u00e3o ind\u00edgena na margem esquerda da Cachoeira de Santo Ant\u00f4nio<\/div>\r\n  <div class=\"titulo-en\">Circular village and objects associated with indigenous occupation on the left bank of the Santo Ant\u00f4nio Waterfall<\/div>\r\n  <div class=\"autores\">Cliverson Pessoa  | Silvana Zuse  | Angislaine Freitas Costa  | \r\n      Renato Kipnis  | Eduardo G\u00f3es Neves<\/div>\r\n  <a class=\"btn-link\" href=\"http:\/\/dx.doi.org\/10.1590\/2178-2547-bgoeldi-2019-0083\" target=\"_blank\">VERS\u00c3O INTEGRAL<\/a>\r\n<\/div>\r\n\r\n<div class=\"artigo\">\r\n  <div class=\"titulo-pt\">Tecnologias cer\u00e2micas no alto rio Madeira: s\u00edntese, cronologia e perspectivas<\/div>\r\n  <div class=\"titulo-en\">Ceramic technologies on the upper Madeira River: \r\n              summary, timeline, and perspectives<\/div>\r\n  <div class=\"autores\">Silvana Zuse   | Angislaine Freitas Costa  | Cliverson Pessoa  | Renato Kipnis<\/div>\r\n  <a class=\"btn-link\" href=\"http:\/\/dx.doi.org\/10.1590\/2178-2547-bgoeldi-2019-0082\" target=\"_blank\">VERS\u00c3O INTEGRAL<\/a>\r\n<\/div>\r\n\r\n<div class=\"artigo\">\r\n  <div class=\"titulo-pt\">A arqueologia do alto Madeira no contexto arqueol\u00f3gico da Amaz\u00f4nia<\/div>\r\n  <div class=\"titulo-en\">The archaeology of the Upper Madeira within the archaeological context of Amazonia<\/div>\r\n  <div class=\"autores\">Eduardo G\u00f3es Neves  | Jennifer Watling  | Fernando Ozorio de Almeida<\/div>\r\n  <a class=\"btn-link\" href=\"http:\/\/dx.doi.org\/10.1590\/2178-2547-bgoeldi-2019-0081\" target=\"_blank\">VERS\u00c3O INTEGRAL<\/a>\r\n<\/div>\r\n\r\n<div class=\"categoria\">ARTIGOS<\/div>\r\n\r\n<div class=\"artigo\">\r\n  <div class=\"titulo-pt\">Ethnohistoric review of amylolytic fermentation in Amazonia<\/div>\r\n  <div class=\"titulo-en\">Revis\u00e3o etnohist\u00f3rica da fermenta\u00e7\u00e3o amilol\u00edtica na Amaz\u00f4nia<\/div>\r\n  <div class=\"autores\">Alessandro Barghini<\/div>\r\n  <a class=\"btn-link\" href=\"http:\/\/dx.doi.org\/10.1590\/2178-2547-bgoeldi-2019-0073\" target=\"_blank\">VERS\u00c3O INTEGRAL<\/a>\r\n<\/div>\r\n\r\n<div class=\"artigo\">\r\n  <div class=\"titulo-pt\">O Sambaqui do Recreio: geoarqueologia, ictioarqueologia e etnoarqueologia<\/div>\r\n  <div class=\"titulo-en\">The Recreio Shellmound: geoarchaeology, ictioarchaeology and etnoarchaeology<\/div>\r\n  <div class=\"autores\">Gustavo Peretti Wagner   | Lucas Antonio da Silva   | Lautaro Maximiliam Hilbert<\/div>\r\n  <a class=\"btn-link\" href=\"http:\/\/dx.doi.org\/10.1590\/2178-2547-bgoeldi-2019-0084\" target=\"_blank\">VERS\u00c3O INTEGRAL<\/a>\r\n<\/div>\t\t\t\t<\/div>\n\t\t\t\t<\/div>\n\t\t\t\t<\/div>\n\t\t\t\t<div class=\"elementor-element elementor-element-759232c elementor-widget elementor-widget-spacer\" data-id=\"759232c\" data-element_type=\"widget\" data-e-type=\"widget\" data-widget_type=\"spacer.default\">\n\t\t\t\t<div class=\"elementor-widget-container\">\n\t\t\t\t\t\t\t<div class=\"elementor-spacer\">\n\t\t\t<div class=\"elementor-spacer-inner\"><\/div>\n\t\t<\/div>\n\t\t\t\t\t\t<\/div>\n\t\t\t\t<\/div>\n\t\t<div class=\"elementor-element elementor-element-d49d1a3 e-con-full e-flex e-con e-child\" data-id=\"d49d1a3\" data-element_type=\"container\" data-e-type=\"container\">\n\t\t\t\t<div class=\"elementor-element elementor-element-91c7d66 elementor-hidden-mobile elementor-widget elementor-widget-image-gallery\" data-id=\"91c7d66\" data-element_type=\"widget\" data-e-type=\"widget\" data-widget_type=\"image-gallery.default\">\n\t\t\t\t<div class=\"elementor-widget-container\">\n\t\t\t\t\t\t\t<div class=\"elementor-image-gallery\">\n\t\t\t<div id='gallery-1' class='gallery galleryid-1122 gallery-columns-1 gallery-size-2048x2048'><figure class='gallery-item'>\n\t\t\t<div class='gallery-icon portrait'>\n\t\t\t\t<a data-elementor-open-lightbox=\"yes\" data-elementor-lightbox-slideshow=\"91c7d66\" data-elementor-lightbox-title=\"v11n1\" data-e-action-hash=\"#elementor-action%3Aaction%3Dlightbox%26settings%3DeyJpZCI6NDU3LCJ1cmwiOiJodHRwczpcL1wvYm9sZXRpbWNoLm11c2V1LWdvZWxkaS5iclwvd3AtY29udGVudFwvdXBsb2Fkc1wvMjAyNVwvMDJcL2NodjE1bjItQ29waWEuanBnIiwic2xpZGVzaG93IjoiOTFjN2Q2NiJ9\" href='https:\/\/boletimch.museu-goeldi.br\/wp-content\/uploads\/2025\/02\/chv15n2-Copia.jpg'><img decoding=\"async\" width=\"800\" height=\"944\" src=\"https:\/\/boletimch.museu-goeldi.br\/wp-content\/uploads\/2025\/02\/chv15n2-Copia.jpg\" class=\"attachment-2048x2048 size-2048x2048\" alt=\"\" srcset=\"https:\/\/boletimch.museu-goeldi.br\/wp-content\/uploads\/2025\/02\/chv15n2-Copia.jpg 800w, https:\/\/boletimch.museu-goeldi.br\/wp-content\/uploads\/2025\/02\/chv15n2-Copia-254x300.jpg 254w, https:\/\/boletimch.museu-goeldi.br\/wp-content\/uploads\/2025\/02\/chv15n2-Copia-768x906.jpg 768w\" sizes=\"(max-width: 800px) 100vw, 800px\" \/><\/a>\n\t\t\t<\/div><\/figure>\n\t\t<\/div>\n\t\t<\/div>\n\t\t\t\t\t\t<\/div>\n\t\t\t\t<\/div>\n\t\t<div class=\"elementor-element elementor-element-03f8368 e-con-full e-flex e-con e-child\" data-id=\"03f8368\" data-element_type=\"container\" data-e-type=\"container\">\n\t\t\t\t<div class=\"elementor-element elementor-element-4227e5a elementor-align-justify elementor-widget elementor-widget-button\" data-id=\"4227e5a\" data-element_type=\"widget\" data-e-type=\"widget\" data-widget_type=\"button.default\">\n\t\t\t\t<div class=\"elementor-widget-container\">\n\t\t\t\t\t\t\t\t\t<div class=\"elementor-button-wrapper\">\n\t\t\t\t\t<a class=\"elementor-button elementor-button-link elementor-size-sm\" href=\"https:\/\/mc04.manuscriptcentral.com\/bgoeldi-scielo\">\n\t\t\t\t\t\t<span class=\"elementor-button-content-wrapper\">\n\t\t\t\t\t\t\t\t\t<span class=\"elementor-button-text\">INICIAR SUBMISS\u00c3O<\/span>\n\t\t\t\t\t<\/span>\n\t\t\t\t\t<\/a>\n\t\t\t\t<\/div>\n\t\t\t\t\t\t\t\t<\/div>\n\t\t\t\t<\/div>\n\t\t\t\t<div class=\"elementor-element elementor-element-b3b3afe elementor-align-justify elementor-widget elementor-widget-button\" data-id=\"b3b3afe\" data-element_type=\"widget\" data-e-type=\"widget\" data-widget_type=\"button.default\">\n\t\t\t\t<div class=\"elementor-widget-container\">\n\t\t\t\t\t\t\t\t\t<div class=\"elementor-button-wrapper\">\n\t\t\t\t\t<a class=\"elementor-button elementor-button-link elementor-size-sm\" href=\"https:\/\/boletimch.museu-goeldi.br\/?page_id=142\">\n\t\t\t\t\t\t<span class=\"elementor-button-content-wrapper\">\n\t\t\t\t\t\t\t\t\t<span class=\"elementor-button-text\">INSTRU\u00c7\u00d5ES AOS AUTORES<\/span>\n\t\t\t\t\t<\/span>\n\t\t\t\t\t<\/a>\n\t\t\t\t<\/div>\n\t\t\t\t\t\t\t\t<\/div>\n\t\t\t\t<\/div>\n\t\t\t\t<div class=\"elementor-element elementor-element-2fedbfb elementor-align-justify elementor-widget elementor-widget-button\" data-id=\"2fedbfb\" data-element_type=\"widget\" data-e-type=\"widget\" data-widget_type=\"button.default\">\n\t\t\t\t<div class=\"elementor-widget-container\">\n\t\t\t\t\t\t\t\t\t<div class=\"elementor-button-wrapper\">\n\t\t\t\t\t<a class=\"elementor-button elementor-button-link elementor-size-sm\" href=\"https:\/\/www.scimagojr.com\/journalsearch.php?q=19900193545&#038;tip=sid&#038;clean=0\" target=\"_blank\">\n\t\t\t\t\t\t<span class=\"elementor-button-content-wrapper\">\n\t\t\t\t\t\t\t\t\t<span class=\"elementor-button-text\">FATOR DE IMPACTO<\/span>\n\t\t\t\t\t<\/span>\n\t\t\t\t\t<\/a>\n\t\t\t\t<\/div>\n\t\t\t\t\t\t\t\t<\/div>\n\t\t\t\t<\/div>\n\t\t\t\t<div class=\"elementor-element elementor-element-5209679 elementor-align-justify elementor-widget elementor-widget-button\" data-id=\"5209679\" data-element_type=\"widget\" data-e-type=\"widget\" data-widget_type=\"button.default\">\n\t\t\t\t<div class=\"elementor-widget-container\">\n\t\t\t\t\t\t\t\t\t<div class=\"elementor-button-wrapper\">\n\t\t\t\t\t<a class=\"elementor-button elementor-button-link elementor-size-sm\" href=\"https:\/\/www.scielo.org\/\">\n\t\t\t\t\t\t<span class=\"elementor-button-content-wrapper\">\n\t\t\t\t\t\t\t\t\t<span class=\"elementor-button-text\">SCIELO<\/span>\n\t\t\t\t\t<\/span>\n\t\t\t\t\t<\/a>\n\t\t\t\t<\/div>\n\t\t\t\t\t\t\t\t<\/div>\n\t\t\t\t<\/div>\n\t\t\t\t<\/div>\n\t\t\t\t<\/div>\n\t\t\t\t\t<\/div>\n\t\t\t\t<\/div>\n\t\t<div class=\"elementor-element elementor-element-6093c9f e-flex e-con-boxed e-con e-parent\" data-id=\"6093c9f\" data-element_type=\"container\" data-e-type=\"container\">\n\t\t\t\t\t<div class=\"e-con-inner\">\n\t\t<div class=\"elementor-element elementor-element-a284a81 e-con-full e-flex e-con e-child\" data-id=\"a284a81\" data-element_type=\"container\" data-e-type=\"container\">\n\t\t\t\t<div class=\"elementor-element elementor-element-174633a elementor-widget elementor-widget-heading\" data-id=\"174633a\" data-element_type=\"widget\" data-e-type=\"widget\" data-widget_type=\"heading.default\">\n\t\t\t\t<div class=\"elementor-widget-container\">\n\t\t\t\t\t<h3 class=\"elementor-heading-title elementor-size-default\">LINKS<\/h3>\t\t\t\t<\/div>\n\t\t\t\t<\/div>\n\t\t\t\t<\/div>\n\t\t<div class=\"elementor-element elementor-element-bc03181 e-grid e-con-full e-con e-child\" data-id=\"bc03181\" data-element_type=\"container\" data-e-type=\"container\">\n\t\t\t\t<div class=\"elementor-element elementor-element-b6cdba3 elementor-align-justify elementor-widget elementor-widget-button\" data-id=\"b6cdba3\" data-element_type=\"widget\" data-e-type=\"widget\" data-widget_type=\"button.default\">\n\t\t\t\t<div class=\"elementor-widget-container\">\n\t\t\t\t\t\t\t\t\t<div class=\"elementor-button-wrapper\">\n\t\t\t\t\t<a class=\"elementor-button elementor-button-link elementor-size-sm\" href=\"https:\/\/www.abecbrasil.org.br\/\">\n\t\t\t\t\t\t<span class=\"elementor-button-content-wrapper\">\n\t\t\t\t\t\t\t\t\t<span class=\"elementor-button-text\">ABEC<\/span>\n\t\t\t\t\t<\/span>\n\t\t\t\t\t<\/a>\n\t\t\t\t<\/div>\n\t\t\t\t\t\t\t\t<\/div>\n\t\t\t\t<\/div>\n\t\t\t\t<div class=\"elementor-element elementor-element-f0af15f elementor-align-justify elementor-widget elementor-widget-button\" data-id=\"f0af15f\" data-element_type=\"widget\" data-e-type=\"widget\" data-widget_type=\"button.default\">\n\t\t\t\t<div class=\"elementor-widget-container\">\n\t\t\t\t\t\t\t\t\t<div class=\"elementor-button-wrapper\">\n\t\t\t\t\t<a class=\"elementor-button elementor-button-link elementor-size-sm\" href=\"https:\/\/apastyle.apa.org\/\">\n\t\t\t\t\t\t<span class=\"elementor-button-content-wrapper\">\n\t\t\t\t\t\t\t\t\t<span class=\"elementor-button-text\">APA<\/span>\n\t\t\t\t\t<\/span>\n\t\t\t\t\t<\/a>\n\t\t\t\t<\/div>\n\t\t\t\t\t\t\t\t<\/div>\n\t\t\t\t<\/div>\n\t\t\t\t<div class=\"elementor-element elementor-element-6307284 elementor-align-justify elementor-widget elementor-widget-button\" data-id=\"6307284\" data-element_type=\"widget\" data-e-type=\"widget\" data-widget_type=\"button.default\">\n\t\t\t\t<div class=\"elementor-widget-container\">\n\t\t\t\t\t\t\t\t\t<div class=\"elementor-button-wrapper\">\n\t\t\t\t\t<a class=\"elementor-button elementor-button-link elementor-size-sm\" href=\"http:\/\/hemerotecadigital.bn.br\/\">\n\t\t\t\t\t\t<span class=\"elementor-button-content-wrapper\">\n\t\t\t\t\t\t\t\t\t<span class=\"elementor-button-text\">Hemeroteca Digital Brasileira<\/span>\n\t\t\t\t\t<\/span>\n\t\t\t\t\t<\/a>\n\t\t\t\t<\/div>\n\t\t\t\t\t\t\t\t<\/div>\n\t\t\t\t<\/div>\n\t\t\t\t<div class=\"elementor-element elementor-element-7f641bd elementor-align-justify elementor-widget elementor-widget-button\" data-id=\"7f641bd\" data-element_type=\"widget\" data-e-type=\"widget\" data-widget_type=\"button.default\">\n\t\t\t\t<div class=\"elementor-widget-container\">\n\t\t\t\t\t\t\t\t\t<div class=\"elementor-button-wrapper\">\n\t\t\t\t\t<a class=\"elementor-button elementor-button-link elementor-size-sm\" href=\"http:\/\/qualis.capes.gov.br\/webqualis\/principal.seam\">\n\t\t\t\t\t\t<span class=\"elementor-button-content-wrapper\">\n\t\t\t\t\t\t\t\t\t<span class=\"elementor-button-text\">CAPES - WebQualis<\/span>\n\t\t\t\t\t<\/span>\n\t\t\t\t\t<\/a>\n\t\t\t\t<\/div>\n\t\t\t\t\t\t\t\t<\/div>\n\t\t\t\t<\/div>\n\t\t\t\t<div class=\"elementor-element elementor-element-4c76daa elementor-align-justify elementor-widget elementor-widget-button\" data-id=\"4c76daa\" data-element_type=\"widget\" data-e-type=\"widget\" data-widget_type=\"button.default\">\n\t\t\t\t<div class=\"elementor-widget-container\">\n\t\t\t\t\t\t\t\t\t<div class=\"elementor-button-wrapper\">\n\t\t\t\t\t<a class=\"elementor-button elementor-button-link elementor-size-sm\" href=\"http:\/\/memoria.cnpq.br\/normas\/lei_po_085_11.htm#etica\">\n\t\t\t\t\t\t<span class=\"elementor-button-content-wrapper\">\n\t\t\t\t\t\t\t\t\t<span class=\"elementor-button-text\">CNPq<\/span>\n\t\t\t\t\t<\/span>\n\t\t\t\t\t<\/a>\n\t\t\t\t<\/div>\n\t\t\t\t\t\t\t\t<\/div>\n\t\t\t\t<\/div>\n\t\t\t\t<div class=\"elementor-element elementor-element-74a67bb elementor-align-justify elementor-widget elementor-widget-button\" data-id=\"74a67bb\" data-element_type=\"widget\" data-e-type=\"widget\" data-widget_type=\"button.default\">\n\t\t\t\t<div class=\"elementor-widget-container\">\n\t\t\t\t\t\t\t\t\t<div class=\"elementor-button-wrapper\">\n\t\t\t\t\t<a class=\"elementor-button elementor-button-link elementor-size-sm\" href=\"http:\/\/publicationethics.org\/files\/Ethical_guidelines_for_peer_reviewers_0.pdf\">\n\t\t\t\t\t\t<span class=\"elementor-button-content-wrapper\">\n\t\t\t\t\t\t\t\t\t<span class=\"elementor-button-text\">Committee on Publication Ethics<\/span>\n\t\t\t\t\t<\/span>\n\t\t\t\t\t<\/a>\n\t\t\t\t<\/div>\n\t\t\t\t\t\t\t\t<\/div>\n\t\t\t\t<\/div>\n\t\t\t\t<\/div>\n\t\t<div class=\"elementor-element elementor-element-7b2b354 e-grid e-con-full e-con e-child\" data-id=\"7b2b354\" data-element_type=\"container\" data-e-type=\"container\">\n\t\t\t\t<div class=\"elementor-element elementor-element-9dd7712 elementor-align-justify elementor-widget elementor-widget-button\" data-id=\"9dd7712\" data-element_type=\"widget\" data-e-type=\"widget\" data-widget_type=\"button.default\">\n\t\t\t\t<div class=\"elementor-widget-container\">\n\t\t\t\t\t\t\t\t\t<div class=\"elementor-button-wrapper\">\n\t\t\t\t\t<a class=\"elementor-button elementor-button-link elementor-size-sm\" href=\"http:\/\/dejavu-fonts.org\/wiki\/Main_Page\">\n\t\t\t\t\t\t<span class=\"elementor-button-content-wrapper\">\n\t\t\t\t\t\t\t\t\t<span class=\"elementor-button-text\">DejaVu Fonts<\/span>\n\t\t\t\t\t<\/span>\n\t\t\t\t\t<\/a>\n\t\t\t\t<\/div>\n\t\t\t\t\t\t\t\t<\/div>\n\t\t\t\t<\/div>\n\t\t\t\t<div class=\"elementor-element elementor-element-b770cea elementor-align-justify elementor-widget elementor-widget-button\" data-id=\"b770cea\" data-element_type=\"widget\" data-e-type=\"widget\" data-widget_type=\"button.default\">\n\t\t\t\t<div class=\"elementor-widget-container\">\n\t\t\t\t\t\t\t\t\t<div class=\"elementor-button-wrapper\">\n\t\t\t\t\t<a class=\"elementor-button elementor-button-link elementor-size-sm\" href=\"http:\/\/www.icmje.org\/\">\n\t\t\t\t\t\t<span class=\"elementor-button-content-wrapper\">\n\t\t\t\t\t\t\t\t\t<span class=\"elementor-button-text\">International Committee of  Medical Journal Editors<\/span>\n\t\t\t\t\t<\/span>\n\t\t\t\t\t<\/a>\n\t\t\t\t<\/div>\n\t\t\t\t\t\t\t\t<\/div>\n\t\t\t\t<\/div>\n\t\t\t\t<div class=\"elementor-element elementor-element-442cccd elementor-align-justify elementor-widget elementor-widget-button\" data-id=\"442cccd\" data-element_type=\"widget\" data-e-type=\"widget\" data-widget_type=\"button.default\">\n\t\t\t\t<div class=\"elementor-widget-container\">\n\t\t\t\t\t\t\t\t\t<div class=\"elementor-button-wrapper\">\n\t\t\t\t\t<a class=\"elementor-button elementor-button-link elementor-size-sm\" href=\"http:\/\/www.periodicos.capes.gov.br\/\">\n\t\t\t\t\t\t<span class=\"elementor-button-content-wrapper\">\n\t\t\t\t\t\t\t\t\t<span class=\"elementor-button-text\">Portal de Peri\u00f3dicos<\/span>\n\t\t\t\t\t<\/span>\n\t\t\t\t\t<\/a>\n\t\t\t\t<\/div>\n\t\t\t\t\t\t\t\t<\/div>\n\t\t\t\t<\/div>\n\t\t\t\t<div class=\"elementor-element elementor-element-238e4da elementor-align-justify elementor-widget elementor-widget-button\" data-id=\"238e4da\" data-element_type=\"widget\" data-e-type=\"widget\" data-widget_type=\"button.default\">\n\t\t\t\t<div class=\"elementor-widget-container\">\n\t\t\t\t\t\t\t\t\t<div class=\"elementor-button-wrapper\">\n\t\t\t\t\t<a class=\"elementor-button elementor-button-link elementor-size-sm\" href=\"http:\/\/retractionwatch.wordpress.com\/\">\n\t\t\t\t\t\t<span class=\"elementor-button-content-wrapper\">\n\t\t\t\t\t\t\t\t\t<span class=\"elementor-button-text\">Retraction Watch<\/span>\n\t\t\t\t\t<\/span>\n\t\t\t\t\t<\/a>\n\t\t\t\t<\/div>\n\t\t\t\t\t\t\t\t<\/div>\n\t\t\t\t<\/div>\n\t\t\t\t<div class=\"elementor-element elementor-element-6c27021 elementor-align-justify elementor-widget elementor-widget-button\" data-id=\"6c27021\" data-element_type=\"widget\" data-e-type=\"widget\" data-widget_type=\"button.default\">\n\t\t\t\t<div class=\"elementor-widget-container\">\n\t\t\t\t\t\t\t\t\t<div class=\"elementor-button-wrapper\">\n\t\t\t\t\t<a class=\"elementor-button elementor-button-link elementor-size-sm\" href=\"https:\/\/www.scielo.org\/\">\n\t\t\t\t\t\t<span class=\"elementor-button-content-wrapper\">\n\t\t\t\t\t\t\t\t\t<span class=\"elementor-button-text\">SCIELO<\/span>\n\t\t\t\t\t<\/span>\n\t\t\t\t\t<\/a>\n\t\t\t\t<\/div>\n\t\t\t\t\t\t\t\t<\/div>\n\t\t\t\t<\/div>\n\t\t\t\t<div class=\"elementor-element elementor-element-1941d0a elementor-align-justify elementor-widget elementor-widget-button\" data-id=\"1941d0a\" data-element_type=\"widget\" data-e-type=\"widget\" data-widget_type=\"button.default\">\n\t\t\t\t<div class=\"elementor-widget-container\">\n\t\t\t\t\t\t\t\t\t<div class=\"elementor-button-wrapper\">\n\t\t\t\t\t<a class=\"elementor-button elementor-button-link elementor-size-sm\" href=\"http:\/\/www.scopus.com\/home.url\">\n\t\t\t\t\t\t<span class=\"elementor-button-content-wrapper\">\n\t\t\t\t\t\t\t\t\t<span class=\"elementor-button-text\">SCIELO<\/span>\n\t\t\t\t\t<\/span>\n\t\t\t\t\t<\/a>\n\t\t\t\t<\/div>\n\t\t\t\t\t\t\t\t<\/div>\n\t\t\t\t<\/div>\n\t\t\t\t<\/div>\n\t\t\t\t\t<\/div>\n\t\t\t\t<\/div>\n\t\t<div class=\"elementor-element elementor-element-993df86 e-flex e-con-boxed e-con e-parent\" data-id=\"993df86\" data-element_type=\"container\" data-e-type=\"container\">\n\t\t\t\t\t<div class=\"e-con-inner\">\n\t\t\t\t\t<\/div>\n\t\t\t\t<\/div>\n\t\t\t\t<\/div>\n\t\t","protected":false},"excerpt":{"rendered":"<p>EDI\u00c7\u00c3O Ci\u00eancias Humanas, v.15, n.2 DOWNLOAD DA EDI\u00c7\u00c3O COMPLETA\u200b PUBLICA\u00c7\u00c3O CONT\u00cdNUA | Maio\/Agosto de 2020 Publica\u00e7\u00e3o quadrimestral do Museu Paraense Em\u00edlio Goeldi ISSN: 2178-2547 DOSSI\u00ca Introdu\u00e7\u00e3o: arqueologia dos \u2018pioneiros\u2019 e da diversidade do alto rio Madeira Introduction: the archaeology of the \u2018pioneers\u2019 and of the diversity in the Upper Madeira River Fernando Ozorio de Almeida, [&hellip;]<\/p>\n","protected":false},"author":2,"featured_media":0,"parent":0,"menu_order":0,"comment_status":"closed","ping_status":"closed","template":"","meta":{"footnotes":""},"class_list":["post-1122","page","type-page","status-publish","hentry"],"meta_box":[],"_links":{"self":[{"href":"https:\/\/boletimch.museu-goeldi.br\/index.php?rest_route=\/wp\/v2\/pages\/1122","targetHints":{"allow":["GET"]}}],"collection":[{"href":"https:\/\/boletimch.museu-goeldi.br\/index.php?rest_route=\/wp\/v2\/pages"}],"about":[{"href":"https:\/\/boletimch.museu-goeldi.br\/index.php?rest_route=\/wp\/v2\/types\/page"}],"author":[{"embeddable":true,"href":"https:\/\/boletimch.museu-goeldi.br\/index.php?rest_route=\/wp\/v2\/users\/2"}],"replies":[{"embeddable":true,"href":"https:\/\/boletimch.museu-goeldi.br\/index.php?rest_route=%2Fwp%2Fv2%2Fcomments&post=1122"}],"version-history":[{"count":16,"href":"https:\/\/boletimch.museu-goeldi.br\/index.php?rest_route=\/wp\/v2\/pages\/1122\/revisions"}],"predecessor-version":[{"id":5024,"href":"https:\/\/boletimch.museu-goeldi.br\/index.php?rest_route=\/wp\/v2\/pages\/1122\/revisions\/5024"}],"wp:attachment":[{"href":"https:\/\/boletimch.museu-goeldi.br\/index.php?rest_route=%2Fwp%2Fv2%2Fmedia&parent=1122"}],"curies":[{"name":"wp","href":"https:\/\/api.w.org\/{rel}","templated":true}]}}