{"id":1169,"date":"2025-02-24T14:25:11","date_gmt":"2025-02-24T17:25:11","guid":{"rendered":"https:\/\/boletimch.museu-goeldi.br\/?page_id=1169"},"modified":"2026-04-16T12:07:51","modified_gmt":"2026-04-16T15:07:51","slug":"ciencias-humanas-v-5-n-3","status":"publish","type":"page","link":"https:\/\/boletimch.museu-goeldi.br\/?page_id=1169","title":{"rendered":"Ci\u00eancias Humanas, v.5, n.3"},"content":{"rendered":"\t\t<div data-elementor-type=\"wp-page\" data-elementor-id=\"1169\" class=\"elementor elementor-1169\" data-elementor-post-type=\"page\">\n\t\t\t\t<div class=\"elementor-element elementor-element-276d56b elementor-hidden-desktop elementor-hidden-tablet e-flex e-con-boxed e-con e-parent\" data-id=\"276d56b\" data-element_type=\"container\" data-e-type=\"container\">\n\t\t\t\t\t<div class=\"e-con-inner\">\n\t\t\t\t<div class=\"elementor-element elementor-element-aa63f80 elementor-widget elementor-widget-image\" data-id=\"aa63f80\" data-element_type=\"widget\" data-e-type=\"widget\" data-widget_type=\"image.default\">\n\t\t\t\t<div class=\"elementor-widget-container\">\n\t\t\t\t\t\t\t\t\t\t\t\t\t\t\t<img fetchpriority=\"high\" decoding=\"async\" width=\"800\" height=\"944\" src=\"https:\/\/boletimch.museu-goeldi.br\/wp-content\/uploads\/2025\/02\/chv5n3.jpg\" class=\"attachment-large size-large wp-image-428\" alt=\"\" srcset=\"https:\/\/boletimch.museu-goeldi.br\/wp-content\/uploads\/2025\/02\/chv5n3.jpg 800w, https:\/\/boletimch.museu-goeldi.br\/wp-content\/uploads\/2025\/02\/chv5n3-254x300.jpg 254w, https:\/\/boletimch.museu-goeldi.br\/wp-content\/uploads\/2025\/02\/chv5n3-768x906.jpg 768w\" sizes=\"(max-width: 800px) 100vw, 800px\" \/>\t\t\t\t\t\t\t\t\t\t\t\t\t\t\t<\/div>\n\t\t\t\t<\/div>\n\t\t\t\t\t<\/div>\n\t\t\t\t<\/div>\n\t\t<div class=\"elementor-element elementor-element-ece20c4 e-flex e-con-boxed e-con e-parent\" data-id=\"ece20c4\" data-element_type=\"container\" data-e-type=\"container\">\n\t\t\t\t\t<div class=\"e-con-inner\">\n\t\t<div class=\"elementor-element elementor-element-2ba8f14 e-con-full e-flex e-con e-child\" data-id=\"2ba8f14\" data-element_type=\"container\" data-e-type=\"container\">\n\t\t\t\t<div class=\"elementor-element elementor-element-146901a elementor-widget elementor-widget-heading\" data-id=\"146901a\" data-element_type=\"widget\" data-e-type=\"widget\" data-widget_type=\"heading.default\">\n\t\t\t\t<div class=\"elementor-widget-container\">\n\t\t\t\t\t<h2 class=\"elementor-heading-title elementor-size-default\">EDI\u00c7\u00c3O <\/h2>\t\t\t\t<\/div>\n\t\t\t\t<\/div>\n\t\t\t\t<div class=\"elementor-element elementor-element-c83a05e elementor-widget elementor-widget-heading\" data-id=\"c83a05e\" data-element_type=\"widget\" data-e-type=\"widget\" data-widget_type=\"heading.default\">\n\t\t\t\t<div class=\"elementor-widget-container\">\n\t\t\t\t\t<h4 class=\"elementor-heading-title elementor-size-default\">Ci\u00eancias Humanas, v.5, n.3<\/h4>\t\t\t\t<\/div>\n\t\t\t\t<\/div>\n\t\t\t\t<div class=\"elementor-element elementor-element-1a568b8 elementor-widget elementor-widget-heading\" data-id=\"1a568b8\" data-element_type=\"widget\" data-e-type=\"widget\" data-widget_type=\"heading.default\">\n\t\t\t\t<div class=\"elementor-widget-container\">\n\t\t\t\t\t<h4 class=\"elementor-heading-title elementor-size-default\"><br>\n<br>Setembro\/Dezembro de 2010\n<br>\n<br>Publica\u00e7\u00e3o quadrimestral do Museu Paraense Em\u00edlio Goeldi\n<br>\n<br>ISSN: 1981-8122<\/h4>\t\t\t\t<\/div>\n\t\t\t\t<\/div>\n\t\t\t\t<div class=\"elementor-element elementor-element-3acfe9d elementor-widget elementor-widget-spacer\" data-id=\"3acfe9d\" data-element_type=\"widget\" data-e-type=\"widget\" data-widget_type=\"spacer.default\">\n\t\t\t\t<div class=\"elementor-widget-container\">\n\t\t\t\t\t\t\t<div class=\"elementor-spacer\">\n\t\t\t<div class=\"elementor-spacer-inner\"><\/div>\n\t\t<\/div>\n\t\t\t\t\t\t<\/div>\n\t\t\t\t<\/div>\n\t\t\t\t<div class=\"elementor-element elementor-element-f4e5a7a elementor-widget elementor-widget-heading\" data-id=\"f4e5a7a\" data-element_type=\"widget\" data-e-type=\"widget\" data-widget_type=\"heading.default\">\n\t\t\t\t<div class=\"elementor-widget-container\">\n\t\t\t\t\t<h3 class=\"elementor-heading-title elementor-size-default\"><a href=\"https:\/\/www.scielo.br\/j\/bgoeldi\/a\/4QQby4hqWzDg9QrGFhTj5NM\/?lang=pt\" target=\"_blank\">CARTA DO EDITOR<\/a><\/h3>\t\t\t\t<\/div>\n\t\t\t\t<\/div>\n\t\t\t\t<div class=\"elementor-element elementor-element-b4d312f elementor-widget elementor-widget-html\" data-id=\"b4d312f\" data-element_type=\"widget\" data-e-type=\"widget\" data-widget_type=\"html.default\">\n\t\t\t\t<div class=\"elementor-widget-container\">\n\t\t\t\t\t<div class=\"categoria\">ARTIGOS<\/div>\r\n<div class=\"artigo\">\r\n  <div class=\"titulo-pt\">Urban agriculture in Santar\u00e9m, Par\u00e1, Brazil: diversity and circulation of cultivated plants in urban homegardens<\/div>\r\n  <div class=\"titulo-en\">Agricultura urbana em Santar\u00e9m, Par\u00e1, Brasil: diversidade e circula\u00e7\u00e3o de plantas cultivadas em quintais urbanos<\/div>\r\n  <div class=\"autores\">Antoinette WinklerPrins, Perpetuo Socorro de Souza Oliveira<\/div>\r\n  <a class=\"btn-link\" href=\"http:\/\/www.scielo.br\/scielo.php?script=sci_arttext&amp;pid=S1981-81222010000300002&amp;lng=pt&amp;nrm=iso&amp;tlng=en\" target=\"_blank\">VERS\u00c3O INTEGRAL<\/a>\r\n<\/div>\r\n\r\n<div class=\"artigo\">\r\n  <div class=\"titulo-pt\">Fatores que influenciam no comportamento territorial de ribeirinhos sobre ambientes de pesca em \u00e1reas de v\u00e1rzea do baixo Solim\u00f5es, Amaz\u00f4nia Central, Brasil<\/div>\r\n  <div class=\"titulo-en\">Factors that affect riverines territorial behavior on fishing environments in flooding areas, Low Solim\u00f5es, Central Amazonia, Brazil<\/div>\r\n  <div class=\"autores\">Danielle Sequeira Garcez, Jorge Iv\u00e1n S\u00e1nchez-Botero, Nidia Noemi Fabr\u00e9<\/div>\r\n  <a class=\"btn-link\" href=\"http:\/\/www.scielo.br\/scielo.php?script=sci_arttext&amp;pid=S1981-81222010000300003&amp;lng=pt&amp;nrm=iso&amp;tlng=pt\" target=\"_blank\">VERS\u00c3O INTEGRAL<\/a>\r\n<\/div>\r\n\r\n<div class=\"artigo\">\r\n  <div class=\"titulo-pt\">Repensando a historicidade discursiva no exame das trajet\u00f3rias pol\u00edticas de dois l\u00edderes nacionalistas da Col\u00f4mbia<\/div>\r\n  <div class=\"titulo-en\">Rethinking discursive historicity by the examination of the political trajectories of two nationalist leaders of Colombia<\/div>\r\n  <div class=\"autores\">Priscila Faulhaber<\/div>\r\n  <a class=\"btn-link\" href=\"http:\/\/www.scielo.br\/scielo.php?script=sci_arttext&amp;pid=S1981-81222010000300004&amp;lng=pt&amp;nrm=iso&amp;tlng=pt\" target=\"_blank\">VERS\u00c3O INTEGRAL<\/a>\r\n<\/div>\r\n\r\n<div class=\"artigo\">\r\n  <div class=\"titulo-pt\"> Heloisa Alberto Torres e o inqu\u00e9rito nacional sobre ci\u00eancias naturais e      antropol\u00f3gicas, 1946<\/div>\r\n  <div class=\"titulo-en\">Heloisa Alberto Torres and the national inquiry about Natural Sciences and <br> Anthropology, 1946<\/div>\r\n  <div class=\"autores\">Heloisa Maria Bertol Domingues<\/div>\r\n  <a class=\"btn-link\" href=\"http:\/\/www.scielo.br\/scielo.php?script=sci_arttext&amp;pid=S1981-81222010000300005&amp;lng=pt&amp;nrm=iso&amp;tlng=pt\" target=\"_blank\">VERS\u00c3O INTEGRAL<\/a>\r\n<\/div>\r\n\r\n<div class=\"categoria\">MEM\u00d3RIA<\/div>\r\n<div class=\"artigo\">\r\n  <div class=\"titulo-pt\">A Amaz\u00f4nia ind\u00edgena de George Catlin: imagens e relatos de viagem desconhecidos<\/div>\r\n  <div class=\"titulo-en\">The native Amazonia of George Catlin: little known pictures and travel accounts<\/div>\r\n  <div class=\"autores\">Antonio Porro<\/div>\r\n  <a class=\"btn-link\" href=\"http:\/\/www.scielo.br\/scielo.php?script=sci_arttext&amp;pid=S1981-81222010000300006&amp;lng=pt&amp;nrm=iso&amp;tlng=pt\" target=\"_blank\">VERS\u00c3O INTEGRAL<\/a>\r\n<\/div>\r\n\r\n<div class=\"artigo\">\r\n  <div class=\"titulo-pt\">Passagens do livro \u201cItiner\u00e1rio para P\u00e1rocos de \u00cdndios\u201d, de Pe\u00f1a Montenegro (1668), em um confession\u00e1rio jesu\u00edtico setecentista da Amaz\u00f4nia<\/div>\r\n  <div class=\"titulo-en\">Passages from the book \u201cItinerary for Parish Priests of Indians\u201d, by Pe\u00f1a Montenegro (1668), contained in a 17th Century Jesuit manual of penitence from the Amazon<\/div>\r\n  <div class=\"autores\">Maria C\u00e2ndida Drumond Mendes Barros, Vitor Manoel Marques da Fonseca<\/div>\r\n  <a class=\"btn-link\" href=\"http:\/\/www.scielo.br\/scielo.php?script=sci_arttext&amp;pid=S1981-81222010000300007&amp;lng=pt&amp;nrm=iso&amp;tlng=pt\" target=\"_blank\">VERS\u00c3O INTEGRAL<\/a>\r\n<\/div>\r\n\r\n<div class=\"categoria\">RESENHAS<\/div>\r\n<div class=\"artigo\">\r\n  <div class=\"titulo-pt\">Desenvolvimento, pol\u00edticas sociais e acesso \u00e0 Justi\u00e7a para os povos ind\u00edgenas americanos<\/div>\r\n  <div class=\"titulo-en\"><\/div>\r\n  <div class=\"autores\">Nath\u00e1lia Tha\u00eds Cosmo da Silva, Sheila Maria Doula<\/div>\r\n  <a class=\"btn-link\" href=\"http:\/\/www.scielo.br\/scielo.php?script=sci_arttext&amp;pid=S1981-81222010000300008&amp;lng=pt&amp;nrm=iso&amp;tlng=pt\" target=\"_blank\">VERS\u00c3O INTEGRAL<\/a>\r\n<\/div>   \r\n\r\n<div class=\"artigo\">\r\n  <div class=\"titulo-pt\">A constru\u00e7\u00e3o da identidade nacional (1920 e 1940): entre pr\u00e1ticas e projetos<\/div>\r\n  <div class=\"titulo-en\"><\/div>\r\n  <div class=\"autores\">Alda Heizer<\/div>\r\n  <a class=\"btn-link\" href=\"http:\/\/www.scielo.br\/scielo.php?script=sci_arttext&amp;pid=S1981-81222010000300009&amp;lng=pt&amp;nrm=iso&amp;tlng=pt\" target=\"_blank\">VERS\u00c3O INTEGRAL<\/a>\r\n<\/div>   \t\t\t\t<\/div>\n\t\t\t\t<\/div>\n\t\t\t\t<\/div>\n\t\t\t\t<div class=\"elementor-element elementor-element-fe156be elementor-widget elementor-widget-spacer\" data-id=\"fe156be\" data-element_type=\"widget\" data-e-type=\"widget\" data-widget_type=\"spacer.default\">\n\t\t\t\t<div class=\"elementor-widget-container\">\n\t\t\t\t\t\t\t<div class=\"elementor-spacer\">\n\t\t\t<div class=\"elementor-spacer-inner\"><\/div>\n\t\t<\/div>\n\t\t\t\t\t\t<\/div>\n\t\t\t\t<\/div>\n\t\t<div class=\"elementor-element elementor-element-f662756 e-con-full e-flex e-con e-child\" data-id=\"f662756\" data-element_type=\"container\" data-e-type=\"container\">\n\t\t\t\t<div class=\"elementor-element elementor-element-077b761 elementor-hidden-mobile elementor-widget elementor-widget-image-gallery\" data-id=\"077b761\" data-element_type=\"widget\" data-e-type=\"widget\" data-widget_type=\"image-gallery.default\">\n\t\t\t\t<div class=\"elementor-widget-container\">\n\t\t\t\t\t\t\t<div class=\"elementor-image-gallery\">\n\t\t\t<div id='gallery-1' class='gallery galleryid-1169 gallery-columns-1 gallery-size-2048x2048'><figure class='gallery-item'>\n\t\t\t<div class='gallery-icon portrait'>\n\t\t\t\t<a data-elementor-open-lightbox=\"yes\" data-elementor-lightbox-slideshow=\"077b761\" data-elementor-lightbox-title=\"chv5n3\" data-e-action-hash=\"#elementor-action%3Aaction%3Dlightbox%26settings%3DeyJpZCI6NDI4LCJ1cmwiOiJodHRwczpcL1wvYm9sZXRpbWNoLm11c2V1LWdvZWxkaS5iclwvd3AtY29udGVudFwvdXBsb2Fkc1wvMjAyNVwvMDJcL2NodjVuMy5qcGciLCJzbGlkZXNob3ciOiIwNzdiNzYxIn0%3D\" href='https:\/\/boletimch.museu-goeldi.br\/wp-content\/uploads\/2025\/02\/chv5n3.jpg'><img decoding=\"async\" width=\"800\" height=\"944\" src=\"https:\/\/boletimch.museu-goeldi.br\/wp-content\/uploads\/2025\/02\/chv5n3.jpg\" class=\"attachment-2048x2048 size-2048x2048\" alt=\"\" srcset=\"https:\/\/boletimch.museu-goeldi.br\/wp-content\/uploads\/2025\/02\/chv5n3.jpg 800w, https:\/\/boletimch.museu-goeldi.br\/wp-content\/uploads\/2025\/02\/chv5n3-254x300.jpg 254w, https:\/\/boletimch.museu-goeldi.br\/wp-content\/uploads\/2025\/02\/chv5n3-768x906.jpg 768w\" sizes=\"(max-width: 800px) 100vw, 800px\" \/><\/a>\n\t\t\t<\/div><\/figure>\n\t\t<\/div>\n\t\t<\/div>\n\t\t\t\t\t\t<\/div>\n\t\t\t\t<\/div>\n\t\t<div class=\"elementor-element elementor-element-7522fb0 e-con-full e-flex e-con e-child\" data-id=\"7522fb0\" data-element_type=\"container\" data-e-type=\"container\">\n\t\t\t\t<div class=\"elementor-element elementor-element-1841ced elementor-align-justify elementor-widget elementor-widget-button\" data-id=\"1841ced\" data-element_type=\"widget\" data-e-type=\"widget\" data-widget_type=\"button.default\">\n\t\t\t\t<div class=\"elementor-widget-container\">\n\t\t\t\t\t\t\t\t\t<div class=\"elementor-button-wrapper\">\n\t\t\t\t\t<a class=\"elementor-button elementor-button-link elementor-size-sm\" href=\"https:\/\/mc04.manuscriptcentral.com\/bgoeldi-scielo\">\n\t\t\t\t\t\t<span class=\"elementor-button-content-wrapper\">\n\t\t\t\t\t\t\t\t\t<span class=\"elementor-button-text\">INICIAR SUBMISS\u00c3O<\/span>\n\t\t\t\t\t<\/span>\n\t\t\t\t\t<\/a>\n\t\t\t\t<\/div>\n\t\t\t\t\t\t\t\t<\/div>\n\t\t\t\t<\/div>\n\t\t\t\t<div class=\"elementor-element elementor-element-4e935a4 elementor-align-justify elementor-widget elementor-widget-button\" data-id=\"4e935a4\" data-element_type=\"widget\" data-e-type=\"widget\" data-widget_type=\"button.default\">\n\t\t\t\t<div class=\"elementor-widget-container\">\n\t\t\t\t\t\t\t\t\t<div class=\"elementor-button-wrapper\">\n\t\t\t\t\t<a class=\"elementor-button elementor-button-link elementor-size-sm\" href=\"https:\/\/boletimch.museu-goeldi.br\/?page_id=142\">\n\t\t\t\t\t\t<span class=\"elementor-button-content-wrapper\">\n\t\t\t\t\t\t\t\t\t<span class=\"elementor-button-text\">INSTRU\u00c7\u00d5ES AOS AUTORES<\/span>\n\t\t\t\t\t<\/span>\n\t\t\t\t\t<\/a>\n\t\t\t\t<\/div>\n\t\t\t\t\t\t\t\t<\/div>\n\t\t\t\t<\/div>\n\t\t\t\t<div class=\"elementor-element elementor-element-cca80d3 elementor-align-justify elementor-widget elementor-widget-button\" data-id=\"cca80d3\" data-element_type=\"widget\" data-e-type=\"widget\" data-widget_type=\"button.default\">\n\t\t\t\t<div class=\"elementor-widget-container\">\n\t\t\t\t\t\t\t\t\t<div class=\"elementor-button-wrapper\">\n\t\t\t\t\t<a class=\"elementor-button elementor-button-link elementor-size-sm\" href=\"https:\/\/www.scimagojr.com\/journalsearch.php?q=19900193545&#038;tip=sid&#038;clean=0\" target=\"_blank\">\n\t\t\t\t\t\t<span class=\"elementor-button-content-wrapper\">\n\t\t\t\t\t\t\t\t\t<span class=\"elementor-button-text\">FATOR DE IMPACTO<\/span>\n\t\t\t\t\t<\/span>\n\t\t\t\t\t<\/a>\n\t\t\t\t<\/div>\n\t\t\t\t\t\t\t\t<\/div>\n\t\t\t\t<\/div>\n\t\t\t\t<div class=\"elementor-element elementor-element-31c52b6 elementor-align-justify elementor-widget elementor-widget-button\" data-id=\"31c52b6\" data-element_type=\"widget\" data-e-type=\"widget\" data-widget_type=\"button.default\">\n\t\t\t\t<div class=\"elementor-widget-container\">\n\t\t\t\t\t\t\t\t\t<div class=\"elementor-button-wrapper\">\n\t\t\t\t\t<a class=\"elementor-button elementor-button-link elementor-size-sm\" href=\"https:\/\/www.scielo.org\/\">\n\t\t\t\t\t\t<span class=\"elementor-button-content-wrapper\">\n\t\t\t\t\t\t\t\t\t<span class=\"elementor-button-text\">SCIELO<\/span>\n\t\t\t\t\t<\/span>\n\t\t\t\t\t<\/a>\n\t\t\t\t<\/div>\n\t\t\t\t\t\t\t\t<\/div>\n\t\t\t\t<\/div>\n\t\t\t\t<\/div>\n\t\t\t\t<\/div>\n\t\t\t\t\t<\/div>\n\t\t\t\t<\/div>\n\t\t<div class=\"elementor-element elementor-element-4ad5291 e-flex e-con-boxed e-con e-parent\" data-id=\"4ad5291\" data-element_type=\"container\" data-e-type=\"container\">\n\t\t\t\t\t<div class=\"e-con-inner\">\n\t\t<div class=\"elementor-element elementor-element-d08ea8d e-con-full e-flex e-con e-child\" data-id=\"d08ea8d\" data-element_type=\"container\" data-e-type=\"container\">\n\t\t\t\t<div class=\"elementor-element elementor-element-1ca9d10 elementor-widget elementor-widget-heading\" data-id=\"1ca9d10\" data-element_type=\"widget\" data-e-type=\"widget\" data-widget_type=\"heading.default\">\n\t\t\t\t<div class=\"elementor-widget-container\">\n\t\t\t\t\t<h3 class=\"elementor-heading-title elementor-size-default\">LINKS<\/h3>\t\t\t\t<\/div>\n\t\t\t\t<\/div>\n\t\t\t\t<\/div>\n\t\t<div class=\"elementor-element elementor-element-3fba9fe e-grid e-con-full e-con e-child\" data-id=\"3fba9fe\" data-element_type=\"container\" data-e-type=\"container\">\n\t\t\t\t<div class=\"elementor-element elementor-element-00608a4 elementor-align-justify elementor-widget elementor-widget-button\" data-id=\"00608a4\" data-element_type=\"widget\" data-e-type=\"widget\" data-widget_type=\"button.default\">\n\t\t\t\t<div class=\"elementor-widget-container\">\n\t\t\t\t\t\t\t\t\t<div class=\"elementor-button-wrapper\">\n\t\t\t\t\t<a class=\"elementor-button elementor-button-link elementor-size-sm\" href=\"https:\/\/www.abecbrasil.org.br\/\">\n\t\t\t\t\t\t<span class=\"elementor-button-content-wrapper\">\n\t\t\t\t\t\t\t\t\t<span class=\"elementor-button-text\">ABEC<\/span>\n\t\t\t\t\t<\/span>\n\t\t\t\t\t<\/a>\n\t\t\t\t<\/div>\n\t\t\t\t\t\t\t\t<\/div>\n\t\t\t\t<\/div>\n\t\t\t\t<div class=\"elementor-element elementor-element-a30cdd3 elementor-align-justify elementor-widget elementor-widget-button\" data-id=\"a30cdd3\" data-element_type=\"widget\" data-e-type=\"widget\" data-widget_type=\"button.default\">\n\t\t\t\t<div class=\"elementor-widget-container\">\n\t\t\t\t\t\t\t\t\t<div class=\"elementor-button-wrapper\">\n\t\t\t\t\t<a class=\"elementor-button elementor-button-link elementor-size-sm\" href=\"https:\/\/apastyle.apa.org\/\">\n\t\t\t\t\t\t<span class=\"elementor-button-content-wrapper\">\n\t\t\t\t\t\t\t\t\t<span class=\"elementor-button-text\">APA<\/span>\n\t\t\t\t\t<\/span>\n\t\t\t\t\t<\/a>\n\t\t\t\t<\/div>\n\t\t\t\t\t\t\t\t<\/div>\n\t\t\t\t<\/div>\n\t\t\t\t<div class=\"elementor-element elementor-element-1ef1677 elementor-align-justify elementor-widget elementor-widget-button\" data-id=\"1ef1677\" data-element_type=\"widget\" data-e-type=\"widget\" data-widget_type=\"button.default\">\n\t\t\t\t<div class=\"elementor-widget-container\">\n\t\t\t\t\t\t\t\t\t<div class=\"elementor-button-wrapper\">\n\t\t\t\t\t<a class=\"elementor-button elementor-button-link elementor-size-sm\" href=\"http:\/\/hemerotecadigital.bn.br\/\">\n\t\t\t\t\t\t<span class=\"elementor-button-content-wrapper\">\n\t\t\t\t\t\t\t\t\t<span class=\"elementor-button-text\">Hemeroteca Digital Brasileira<\/span>\n\t\t\t\t\t<\/span>\n\t\t\t\t\t<\/a>\n\t\t\t\t<\/div>\n\t\t\t\t\t\t\t\t<\/div>\n\t\t\t\t<\/div>\n\t\t\t\t<div class=\"elementor-element elementor-element-9b61904 elementor-align-justify elementor-widget elementor-widget-button\" data-id=\"9b61904\" data-element_type=\"widget\" data-e-type=\"widget\" data-widget_type=\"button.default\">\n\t\t\t\t<div class=\"elementor-widget-container\">\n\t\t\t\t\t\t\t\t\t<div class=\"elementor-button-wrapper\">\n\t\t\t\t\t<a class=\"elementor-button elementor-button-link elementor-size-sm\" href=\"http:\/\/qualis.capes.gov.br\/webqualis\/principal.seam\">\n\t\t\t\t\t\t<span class=\"elementor-button-content-wrapper\">\n\t\t\t\t\t\t\t\t\t<span class=\"elementor-button-text\">CAPES - WebQualis<\/span>\n\t\t\t\t\t<\/span>\n\t\t\t\t\t<\/a>\n\t\t\t\t<\/div>\n\t\t\t\t\t\t\t\t<\/div>\n\t\t\t\t<\/div>\n\t\t\t\t<div class=\"elementor-element elementor-element-cb3fa49 elementor-align-justify elementor-widget elementor-widget-button\" data-id=\"cb3fa49\" data-element_type=\"widget\" data-e-type=\"widget\" data-widget_type=\"button.default\">\n\t\t\t\t<div class=\"elementor-widget-container\">\n\t\t\t\t\t\t\t\t\t<div class=\"elementor-button-wrapper\">\n\t\t\t\t\t<a class=\"elementor-button elementor-button-link elementor-size-sm\" href=\"http:\/\/memoria.cnpq.br\/normas\/lei_po_085_11.htm#etica\">\n\t\t\t\t\t\t<span class=\"elementor-button-content-wrapper\">\n\t\t\t\t\t\t\t\t\t<span class=\"elementor-button-text\">CNPq<\/span>\n\t\t\t\t\t<\/span>\n\t\t\t\t\t<\/a>\n\t\t\t\t<\/div>\n\t\t\t\t\t\t\t\t<\/div>\n\t\t\t\t<\/div>\n\t\t\t\t<div class=\"elementor-element elementor-element-122f7e8 elementor-align-justify elementor-widget elementor-widget-button\" data-id=\"122f7e8\" data-element_type=\"widget\" data-e-type=\"widget\" data-widget_type=\"button.default\">\n\t\t\t\t<div class=\"elementor-widget-container\">\n\t\t\t\t\t\t\t\t\t<div class=\"elementor-button-wrapper\">\n\t\t\t\t\t<a class=\"elementor-button elementor-button-link elementor-size-sm\" href=\"http:\/\/publicationethics.org\/files\/Ethical_guidelines_for_peer_reviewers_0.pdf\">\n\t\t\t\t\t\t<span class=\"elementor-button-content-wrapper\">\n\t\t\t\t\t\t\t\t\t<span class=\"elementor-button-text\">Committee on Publication Ethics<\/span>\n\t\t\t\t\t<\/span>\n\t\t\t\t\t<\/a>\n\t\t\t\t<\/div>\n\t\t\t\t\t\t\t\t<\/div>\n\t\t\t\t<\/div>\n\t\t\t\t<\/div>\n\t\t<div class=\"elementor-element elementor-element-502b4f1 e-grid e-con-full e-con e-child\" data-id=\"502b4f1\" data-element_type=\"container\" data-e-type=\"container\">\n\t\t\t\t<div class=\"elementor-element elementor-element-8e73b8f elementor-align-justify elementor-widget elementor-widget-button\" data-id=\"8e73b8f\" data-element_type=\"widget\" data-e-type=\"widget\" data-widget_type=\"button.default\">\n\t\t\t\t<div class=\"elementor-widget-container\">\n\t\t\t\t\t\t\t\t\t<div class=\"elementor-button-wrapper\">\n\t\t\t\t\t<a class=\"elementor-button elementor-button-link elementor-size-sm\" href=\"http:\/\/dejavu-fonts.org\/wiki\/Main_Page\">\n\t\t\t\t\t\t<span class=\"elementor-button-content-wrapper\">\n\t\t\t\t\t\t\t\t\t<span class=\"elementor-button-text\">DejaVu Fonts<\/span>\n\t\t\t\t\t<\/span>\n\t\t\t\t\t<\/a>\n\t\t\t\t<\/div>\n\t\t\t\t\t\t\t\t<\/div>\n\t\t\t\t<\/div>\n\t\t\t\t<div class=\"elementor-element elementor-element-3500bf6 elementor-align-justify elementor-widget elementor-widget-button\" data-id=\"3500bf6\" data-element_type=\"widget\" data-e-type=\"widget\" data-widget_type=\"button.default\">\n\t\t\t\t<div class=\"elementor-widget-container\">\n\t\t\t\t\t\t\t\t\t<div class=\"elementor-button-wrapper\">\n\t\t\t\t\t<a class=\"elementor-button elementor-button-link elementor-size-sm\" href=\"http:\/\/www.icmje.org\/\">\n\t\t\t\t\t\t<span class=\"elementor-button-content-wrapper\">\n\t\t\t\t\t\t\t\t\t<span class=\"elementor-button-text\">International Committee of  Medical Journal Editors<\/span>\n\t\t\t\t\t<\/span>\n\t\t\t\t\t<\/a>\n\t\t\t\t<\/div>\n\t\t\t\t\t\t\t\t<\/div>\n\t\t\t\t<\/div>\n\t\t\t\t<div class=\"elementor-element elementor-element-2db2252 elementor-align-justify elementor-widget elementor-widget-button\" data-id=\"2db2252\" data-element_type=\"widget\" data-e-type=\"widget\" data-widget_type=\"button.default\">\n\t\t\t\t<div class=\"elementor-widget-container\">\n\t\t\t\t\t\t\t\t\t<div class=\"elementor-button-wrapper\">\n\t\t\t\t\t<a class=\"elementor-button elementor-button-link elementor-size-sm\" href=\"http:\/\/www.periodicos.capes.gov.br\/\">\n\t\t\t\t\t\t<span class=\"elementor-button-content-wrapper\">\n\t\t\t\t\t\t\t\t\t<span class=\"elementor-button-text\">Portal de Peri\u00f3dicos<\/span>\n\t\t\t\t\t<\/span>\n\t\t\t\t\t<\/a>\n\t\t\t\t<\/div>\n\t\t\t\t\t\t\t\t<\/div>\n\t\t\t\t<\/div>\n\t\t\t\t<div class=\"elementor-element elementor-element-e49a09f elementor-align-justify elementor-widget elementor-widget-button\" data-id=\"e49a09f\" data-element_type=\"widget\" data-e-type=\"widget\" data-widget_type=\"button.default\">\n\t\t\t\t<div class=\"elementor-widget-container\">\n\t\t\t\t\t\t\t\t\t<div class=\"elementor-button-wrapper\">\n\t\t\t\t\t<a class=\"elementor-button elementor-button-link elementor-size-sm\" href=\"http:\/\/retractionwatch.wordpress.com\/\">\n\t\t\t\t\t\t<span class=\"elementor-button-content-wrapper\">\n\t\t\t\t\t\t\t\t\t<span class=\"elementor-button-text\">Retraction Watch<\/span>\n\t\t\t\t\t<\/span>\n\t\t\t\t\t<\/a>\n\t\t\t\t<\/div>\n\t\t\t\t\t\t\t\t<\/div>\n\t\t\t\t<\/div>\n\t\t\t\t<div class=\"elementor-element elementor-element-013f779 elementor-align-justify elementor-widget elementor-widget-button\" data-id=\"013f779\" data-element_type=\"widget\" data-e-type=\"widget\" data-widget_type=\"button.default\">\n\t\t\t\t<div class=\"elementor-widget-container\">\n\t\t\t\t\t\t\t\t\t<div class=\"elementor-button-wrapper\">\n\t\t\t\t\t<a class=\"elementor-button elementor-button-link elementor-size-sm\" href=\"https:\/\/www.scielo.org\/\">\n\t\t\t\t\t\t<span class=\"elementor-button-content-wrapper\">\n\t\t\t\t\t\t\t\t\t<span class=\"elementor-button-text\">SCIELO<\/span>\n\t\t\t\t\t<\/span>\n\t\t\t\t\t<\/a>\n\t\t\t\t<\/div>\n\t\t\t\t\t\t\t\t<\/div>\n\t\t\t\t<\/div>\n\t\t\t\t<div class=\"elementor-element elementor-element-927aece elementor-align-justify elementor-widget elementor-widget-button\" data-id=\"927aece\" data-element_type=\"widget\" data-e-type=\"widget\" data-widget_type=\"button.default\">\n\t\t\t\t<div class=\"elementor-widget-container\">\n\t\t\t\t\t\t\t\t\t<div class=\"elementor-button-wrapper\">\n\t\t\t\t\t<a class=\"elementor-button elementor-button-link elementor-size-sm\" href=\"http:\/\/www.scopus.com\/home.url\">\n\t\t\t\t\t\t<span class=\"elementor-button-content-wrapper\">\n\t\t\t\t\t\t\t\t\t<span class=\"elementor-button-text\">SCIELO<\/span>\n\t\t\t\t\t<\/span>\n\t\t\t\t\t<\/a>\n\t\t\t\t<\/div>\n\t\t\t\t\t\t\t\t<\/div>\n\t\t\t\t<\/div>\n\t\t\t\t<\/div>\n\t\t\t\t\t<\/div>\n\t\t\t\t<\/div>\n\t\t<div class=\"elementor-element elementor-element-1f982c9 e-flex e-con-boxed e-con e-parent\" data-id=\"1f982c9\" data-element_type=\"container\" data-e-type=\"container\">\n\t\t\t\t\t<div class=\"e-con-inner\">\n\t\t\t\t\t<\/div>\n\t\t\t\t<\/div>\n\t\t\t\t<\/div>\n\t\t","protected":false},"excerpt":{"rendered":"<p>EDI\u00c7\u00c3O Ci\u00eancias Humanas, v.5, n.3 Setembro\/Dezembro de 2010 Publica\u00e7\u00e3o quadrimestral do Museu Paraense Em\u00edlio Goeldi ISSN: 1981-8122 CARTA DO EDITOR ARTIGOS Urban agriculture in Santar\u00e9m, Par\u00e1, Brazil: diversity and circulation of cultivated plants in urban homegardens Agricultura urbana em Santar\u00e9m, Par\u00e1, Brasil: diversidade e circula\u00e7\u00e3o de plantas cultivadas em quintais urbanos Antoinette WinklerPrins, Perpetuo Socorro [&hellip;]<\/p>\n","protected":false},"author":2,"featured_media":0,"parent":0,"menu_order":0,"comment_status":"closed","ping_status":"closed","template":"","meta":{"footnotes":""},"class_list":["post-1169","page","type-page","status-publish","hentry"],"meta_box":[],"_links":{"self":[{"href":"https:\/\/boletimch.museu-goeldi.br\/index.php?rest_route=\/wp\/v2\/pages\/1169","targetHints":{"allow":["GET"]}}],"collection":[{"href":"https:\/\/boletimch.museu-goeldi.br\/index.php?rest_route=\/wp\/v2\/pages"}],"about":[{"href":"https:\/\/boletimch.museu-goeldi.br\/index.php?rest_route=\/wp\/v2\/types\/page"}],"author":[{"embeddable":true,"href":"https:\/\/boletimch.museu-goeldi.br\/index.php?rest_route=\/wp\/v2\/users\/2"}],"replies":[{"embeddable":true,"href":"https:\/\/boletimch.museu-goeldi.br\/index.php?rest_route=%2Fwp%2Fv2%2Fcomments&post=1169"}],"version-history":[{"count":16,"href":"https:\/\/boletimch.museu-goeldi.br\/index.php?rest_route=\/wp\/v2\/pages\/1169\/revisions"}],"predecessor-version":[{"id":5111,"href":"https:\/\/boletimch.museu-goeldi.br\/index.php?rest_route=\/wp\/v2\/pages\/1169\/revisions\/5111"}],"wp:attachment":[{"href":"https:\/\/boletimch.museu-goeldi.br\/index.php?rest_route=%2Fwp%2Fv2%2Fmedia&parent=1169"}],"curies":[{"name":"wp","href":"https:\/\/api.w.org\/{rel}","templated":true}]}}