{"id":1191,"date":"2025-02-24T14:29:46","date_gmt":"2025-02-24T17:29:46","guid":{"rendered":"https:\/\/boletimch.museu-goeldi.br\/?page_id=1191"},"modified":"2026-04-16T12:11:36","modified_gmt":"2026-04-16T15:11:36","slug":"ciencias-humanas-v-2-n-2","status":"publish","type":"page","link":"https:\/\/boletimch.museu-goeldi.br\/?page_id=1191","title":{"rendered":"Ci\u00eancias Humanas, v.2, n.2"},"content":{"rendered":"\t\t<div data-elementor-type=\"wp-page\" data-elementor-id=\"1191\" class=\"elementor elementor-1191\" data-elementor-post-type=\"page\">\n\t\t\t\t<div class=\"elementor-element elementor-element-fede953 elementor-hidden-desktop elementor-hidden-tablet e-flex e-con-boxed e-con e-parent\" data-id=\"fede953\" data-element_type=\"container\" data-e-type=\"container\">\n\t\t\t\t\t<div class=\"e-con-inner\">\n\t\t\t\t<div class=\"elementor-element elementor-element-4acd40f elementor-widget elementor-widget-image\" data-id=\"4acd40f\" data-element_type=\"widget\" data-e-type=\"widget\" data-widget_type=\"image.default\">\n\t\t\t\t<div class=\"elementor-widget-container\">\n\t\t\t\t\t\t\t\t\t\t\t\t\t\t\t<img fetchpriority=\"high\" decoding=\"async\" width=\"800\" height=\"944\" src=\"https:\/\/boletimch.museu-goeldi.br\/wp-content\/uploads\/2025\/05\/chvxnx.jpg\" class=\"attachment-large size-large wp-image-4135\" alt=\"\" srcset=\"https:\/\/boletimch.museu-goeldi.br\/wp-content\/uploads\/2025\/05\/chvxnx.jpg 800w, https:\/\/boletimch.museu-goeldi.br\/wp-content\/uploads\/2025\/05\/chvxnx-254x300.jpg 254w, https:\/\/boletimch.museu-goeldi.br\/wp-content\/uploads\/2025\/05\/chvxnx-768x906.jpg 768w\" sizes=\"(max-width: 800px) 100vw, 800px\" \/>\t\t\t\t\t\t\t\t\t\t\t\t\t\t\t<\/div>\n\t\t\t\t<\/div>\n\t\t\t\t\t<\/div>\n\t\t\t\t<\/div>\n\t\t<div class=\"elementor-element elementor-element-eca07fe e-flex e-con-boxed e-con e-parent\" data-id=\"eca07fe\" data-element_type=\"container\" data-e-type=\"container\">\n\t\t\t\t\t<div class=\"e-con-inner\">\n\t\t<div class=\"elementor-element elementor-element-d864dac e-con-full e-flex e-con e-child\" data-id=\"d864dac\" data-element_type=\"container\" data-e-type=\"container\">\n\t\t\t\t<div class=\"elementor-element elementor-element-9579b14 elementor-widget elementor-widget-heading\" data-id=\"9579b14\" data-element_type=\"widget\" data-e-type=\"widget\" data-widget_type=\"heading.default\">\n\t\t\t\t<div class=\"elementor-widget-container\">\n\t\t\t\t\t<h2 class=\"elementor-heading-title elementor-size-default\">EDI\u00c7\u00c3O <\/h2>\t\t\t\t<\/div>\n\t\t\t\t<\/div>\n\t\t\t\t<div class=\"elementor-element elementor-element-b2dc11f elementor-widget elementor-widget-heading\" data-id=\"b2dc11f\" data-element_type=\"widget\" data-e-type=\"widget\" data-widget_type=\"heading.default\">\n\t\t\t\t<div class=\"elementor-widget-container\">\n\t\t\t\t\t<h4 class=\"elementor-heading-title elementor-size-default\">Ci\u00eancias Humanas, v.2, n.2<\/h4>\t\t\t\t<\/div>\n\t\t\t\t<\/div>\n\t\t\t\t<div class=\"elementor-element elementor-element-bdcc333 elementor-widget elementor-widget-heading\" data-id=\"bdcc333\" data-element_type=\"widget\" data-e-type=\"widget\" data-widget_type=\"heading.default\">\n\t\t\t\t<div class=\"elementor-widget-container\">\n\t\t\t\t\t<h4 class=\"elementor-heading-title elementor-size-default\">Publica\u00e7\u00e3o cont\u00ednua\n<br>\n<br>Maio\/Agosto de 2007\n<br>\n<br>Publica\u00e7\u00e3o do Museu Paraense Em\u00edlio Goeldi\n<br>\n<br>ISSN: 2178-2547<\/h4>\t\t\t\t<\/div>\n\t\t\t\t<\/div>\n\t\t\t\t<div class=\"elementor-element elementor-element-584ae4a elementor-widget elementor-widget-spacer\" data-id=\"584ae4a\" data-element_type=\"widget\" data-e-type=\"widget\" data-widget_type=\"spacer.default\">\n\t\t\t\t<div class=\"elementor-widget-container\">\n\t\t\t\t\t\t\t<div class=\"elementor-spacer\">\n\t\t\t<div class=\"elementor-spacer-inner\"><\/div>\n\t\t<\/div>\n\t\t\t\t\t\t<\/div>\n\t\t\t\t<\/div>\n\t\t\t\t<div class=\"elementor-element elementor-element-364d6ba elementor-widget elementor-widget-heading\" data-id=\"364d6ba\" data-element_type=\"widget\" data-e-type=\"widget\" data-widget_type=\"heading.default\">\n\t\t\t\t<div class=\"elementor-widget-container\">\n\t\t\t\t\t<h3 class=\"elementor-heading-title elementor-size-default\"><a href=\"https:\/\/www.scielo.br\/j\/bgoeldi\/a\/PkMKVgwWJBNGQ67L3nVf8Fc\/?lang=pt\" target=\"_blank\">CARTA DO EDITOR<\/a><\/h3>\t\t\t\t<\/div>\n\t\t\t\t<\/div>\n\t\t\t\t<div class=\"elementor-element elementor-element-ca30949 elementor-widget elementor-widget-heading\" data-id=\"ca30949\" data-element_type=\"widget\" data-e-type=\"widget\" data-widget_type=\"heading.default\">\n\t\t\t\t<div class=\"elementor-widget-container\">\n\t\t\t\t\t<h3 class=\"elementor-heading-title elementor-size-default\"><a href=\"https:\/\/www.scielo.br\/j\/bgoeldi\/a\/HYD67kPvrk4SMFbj8W6GKSd\/?lang=pt\" target=\"_blank\">INTRODU\u00c7\u00c3O<\/a><\/h3>\t\t\t\t<\/div>\n\t\t\t\t<\/div>\n\t\t\t\t<div class=\"elementor-element elementor-element-af7adb8 elementor-widget elementor-widget-html\" data-id=\"af7adb8\" data-element_type=\"widget\" data-e-type=\"widget\" data-widget_type=\"html.default\">\n\t\t\t\t<div class=\"elementor-widget-container\">\n\t\t\t\t\t<div class=\"categoria\">ARTIGOS<\/div>\r\n<div class=\"artigo\">\r\n  <div class=\"titulo-pt\">Is Greenberg\u2019s \u201cMacro-Carib\u201d viable?<\/div>\r\n  <div class=\"titulo-en\">\u00c9 vi\u00e1vel a hip\u00f3tese \u201cMacro-Carib\u201d de Greenberg?<\/div>\r\n  <div class=\"autores\">Spike Gildea, Doris Payne<\/div>\r\n  <a class=\"btn-link\" href=\"http:\/\/www.scielo.br\/scielo.php?script=sci_arttext&amp;pid=S1981-81222007000200003&amp;lng=pt&amp;nrm=iso&amp;tlng=en\" target=\"_blank\">VERS\u00c3O INTEGRAL<\/a>\r\n<\/div>\r\n\r\n<div class=\"artigo\">\r\n  <div class=\"titulo-pt\">On the Tupi-Guaranian prehistory of the Siriono verb<\/div>\r\n  <div class=\"titulo-en\">Sobre a pr\u00e9-hist\u00f3ria Tupi-Guarani do verbo Siriono<\/div>\r\n  <div class=\"autores\">Roland Hemmauer<\/div>\r\n  <a class=\"btn-link\" href=\"http:\/\/www.scielo.br\/scielo.php?script=sci_arttext&amp;pid=S1981-81222007000200004&amp;lng=pt&amp;nrm=iso&amp;tlng=en\" target=\"_blank\">VERS\u00c3O INTEGRAL<\/a>\r\n<\/div>\r\n\r\n<div class=\"artigo\">\r\n  <div class=\"titulo-pt\">Uma compara\u00e7\u00e3o gramatical, fonol\u00f3gica e lexical entre as fam\u00edlias Guaikur\u00fa, Mataco e Bororo: um caso de difus\u00e3o areal?<\/div>\r\n  <div class=\"titulo-en\">A grammatical, phonological and lexical comparison between the Waikur\u00faan, Matacoan and Bororoan families: a case of areal diffusion?<\/div>\r\n  <div class=\"autores\">Rafael Nonato, Filomena Sandalo<\/div>\r\n  <a class=\"btn-link\" href=\"http:\/\/www.scielo.br\/scielo.php?script=sci_arttext&amp;pid=S1981-81222007000200005&amp;lng=pt&amp;nrm=iso&amp;tlng=pt\" target=\"_blank\">VERS\u00c3O INTEGRAL<\/a>\r\n<\/div>\r\n\r\n<div class=\"artigo\">\r\n  <div class=\"titulo-pt\">Estudos comparativos do l\u00e9xico da fauna e flora Aru\u00e1k<\/div>\r\n  <div class=\"titulo-en\">Comparative studies on the Arawak lexicon of fauna and flora<\/div>\r\n  <div class=\"autores\">Ana Paula Brand\u00e3o, Sidi Facundes<\/div>\r\n  <a class=\"btn-link\" href=\"http:\/\/www.scielo.br\/scielo.php?script=sci_arttext&amp;pid=S1981-81222007000200006&amp;lng=pt&amp;nrm=iso&amp;tlng=pt\" target=\"_blank\">VERS\u00c3O INTEGRAL<\/a>\r\n<\/div>\r\n\r\n<div class=\"artigo\">\r\n  <div class=\"titulo-pt\">Proto-Jabut\u00ed: um primeiro passo na reconstru\u00e7\u00e3o da l\u00edngua ancestral dos Arikap\u00fa e Djeoromitx\u00ed<\/div>\r\n  <div class=\"titulo-en\">Proto-Jabut\u00ed: a first attempt to reconstruct the ancestral language of the Arikap\u00fa and the Djeoromitx\u00ed<\/div>\r\n  <div class=\"autores\">Hein van der Voort<\/div>\r\n  <a class=\"btn-link\" href=\"http:\/\/www.scielo.br\/scielo.php?script=sci_arttext&amp;pid=S1981-81222007000200007&amp;lng=pt&amp;nrm=iso&amp;tlng=pt\" target=\"_blank\">VERS\u00c3O INTEGRAL<\/a>\r\n<\/div>\r\n\r\n<div class=\"categoria\">ANEXO<\/div>\r\n<div class=\"artigo\">\r\n  <div class=\"titulo-pt\">International Symposium on historical linguistics in South America<\/div>\r\n  <div class=\"titulo-en\">Simp\u00f3sio Internacional sobre ling\u00fc\u00edstica hist\u00f3rica na Am\u00e9rica do Sul<\/div>\r\n  <div class=\"autores\"><\/div>\r\n  <a class=\"btn-link\" href=\"http:\/\/editora.museu-goeldi.br\/bh\/introdu\/ch_2007\/chv2n2_2007\/anexo_chv2n2.pdf\" target=\"_blank\">VERS\u00c3O INTEGRAL<\/a>\r\n<\/div>\t\t\t\t<\/div>\n\t\t\t\t<\/div>\n\t\t\t\t<\/div>\n\t\t\t\t<div class=\"elementor-element elementor-element-308d61d elementor-widget elementor-widget-spacer\" data-id=\"308d61d\" data-element_type=\"widget\" data-e-type=\"widget\" data-widget_type=\"spacer.default\">\n\t\t\t\t<div class=\"elementor-widget-container\">\n\t\t\t\t\t\t\t<div class=\"elementor-spacer\">\n\t\t\t<div class=\"elementor-spacer-inner\"><\/div>\n\t\t<\/div>\n\t\t\t\t\t\t<\/div>\n\t\t\t\t<\/div>\n\t\t<div class=\"elementor-element elementor-element-b8d269f e-con-full e-flex e-con e-child\" data-id=\"b8d269f\" data-element_type=\"container\" data-e-type=\"container\">\n\t\t\t\t<div class=\"elementor-element elementor-element-100c773 elementor-hidden-mobile elementor-widget elementor-widget-image-gallery\" data-id=\"100c773\" data-element_type=\"widget\" data-e-type=\"widget\" data-widget_type=\"image-gallery.default\">\n\t\t\t\t<div class=\"elementor-widget-container\">\n\t\t\t\t\t\t\t<div class=\"elementor-image-gallery\">\n\t\t\t<div id='gallery-1' class='gallery galleryid-1191 gallery-columns-1 gallery-size-2048x2048'><figure class='gallery-item'>\n\t\t\t<div class='gallery-icon portrait'>\n\t\t\t\t<a data-elementor-open-lightbox=\"yes\" data-elementor-lightbox-slideshow=\"100c773\" data-elementor-lightbox-title=\"chvxnx\" data-e-action-hash=\"#elementor-action%3Aaction%3Dlightbox%26settings%3DeyJpZCI6NDEzNSwidXJsIjoiaHR0cHM6XC9cL2JvbGV0aW1jaC5tdXNldS1nb2VsZGkuYnJcL3dwLWNvbnRlbnRcL3VwbG9hZHNcLzIwMjVcLzA1XC9jaHZ4bnguanBnIiwic2xpZGVzaG93IjoiMTAwYzc3MyJ9\" href='https:\/\/boletimch.museu-goeldi.br\/wp-content\/uploads\/2025\/05\/chvxnx.jpg'><img decoding=\"async\" width=\"800\" height=\"944\" src=\"https:\/\/boletimch.museu-goeldi.br\/wp-content\/uploads\/2025\/05\/chvxnx.jpg\" class=\"attachment-2048x2048 size-2048x2048\" alt=\"\" srcset=\"https:\/\/boletimch.museu-goeldi.br\/wp-content\/uploads\/2025\/05\/chvxnx.jpg 800w, https:\/\/boletimch.museu-goeldi.br\/wp-content\/uploads\/2025\/05\/chvxnx-254x300.jpg 254w, https:\/\/boletimch.museu-goeldi.br\/wp-content\/uploads\/2025\/05\/chvxnx-768x906.jpg 768w\" sizes=\"(max-width: 800px) 100vw, 800px\" \/><\/a>\n\t\t\t<\/div><\/figure>\n\t\t<\/div>\n\t\t<\/div>\n\t\t\t\t\t\t<\/div>\n\t\t\t\t<\/div>\n\t\t<div class=\"elementor-element elementor-element-bd6a122 e-con-full e-flex e-con e-child\" data-id=\"bd6a122\" data-element_type=\"container\" data-e-type=\"container\">\n\t\t\t\t<div class=\"elementor-element elementor-element-7626b3b elementor-align-justify elementor-widget elementor-widget-button\" data-id=\"7626b3b\" data-element_type=\"widget\" data-e-type=\"widget\" data-widget_type=\"button.default\">\n\t\t\t\t<div class=\"elementor-widget-container\">\n\t\t\t\t\t\t\t\t\t<div class=\"elementor-button-wrapper\">\n\t\t\t\t\t<a class=\"elementor-button elementor-button-link elementor-size-sm\" href=\"https:\/\/mc04.manuscriptcentral.com\/bgoeldi-scielo\">\n\t\t\t\t\t\t<span class=\"elementor-button-content-wrapper\">\n\t\t\t\t\t\t\t\t\t<span class=\"elementor-button-text\">INICIAR SUBMISS\u00c3O<\/span>\n\t\t\t\t\t<\/span>\n\t\t\t\t\t<\/a>\n\t\t\t\t<\/div>\n\t\t\t\t\t\t\t\t<\/div>\n\t\t\t\t<\/div>\n\t\t\t\t<div class=\"elementor-element elementor-element-7f50036 elementor-align-justify elementor-widget elementor-widget-button\" data-id=\"7f50036\" data-element_type=\"widget\" data-e-type=\"widget\" data-widget_type=\"button.default\">\n\t\t\t\t<div class=\"elementor-widget-container\">\n\t\t\t\t\t\t\t\t\t<div class=\"elementor-button-wrapper\">\n\t\t\t\t\t<a class=\"elementor-button elementor-button-link elementor-size-sm\" href=\"https:\/\/boletimch.museu-goeldi.br\/?page_id=142\">\n\t\t\t\t\t\t<span class=\"elementor-button-content-wrapper\">\n\t\t\t\t\t\t\t\t\t<span class=\"elementor-button-text\">INSTRU\u00c7\u00d5ES AOS AUTORES<\/span>\n\t\t\t\t\t<\/span>\n\t\t\t\t\t<\/a>\n\t\t\t\t<\/div>\n\t\t\t\t\t\t\t\t<\/div>\n\t\t\t\t<\/div>\n\t\t\t\t<div class=\"elementor-element elementor-element-fba3ade elementor-align-justify elementor-widget elementor-widget-button\" data-id=\"fba3ade\" data-element_type=\"widget\" data-e-type=\"widget\" data-widget_type=\"button.default\">\n\t\t\t\t<div class=\"elementor-widget-container\">\n\t\t\t\t\t\t\t\t\t<div class=\"elementor-button-wrapper\">\n\t\t\t\t\t<a class=\"elementor-button elementor-button-link elementor-size-sm\" href=\"https:\/\/www.scimagojr.com\/journalsearch.php?q=19900193545&#038;tip=sid&#038;clean=0\" target=\"_blank\">\n\t\t\t\t\t\t<span class=\"elementor-button-content-wrapper\">\n\t\t\t\t\t\t\t\t\t<span class=\"elementor-button-text\">FATOR DE IMPACTO<\/span>\n\t\t\t\t\t<\/span>\n\t\t\t\t\t<\/a>\n\t\t\t\t<\/div>\n\t\t\t\t\t\t\t\t<\/div>\n\t\t\t\t<\/div>\n\t\t\t\t<div class=\"elementor-element elementor-element-069a350 elementor-align-justify elementor-widget elementor-widget-button\" data-id=\"069a350\" data-element_type=\"widget\" data-e-type=\"widget\" data-widget_type=\"button.default\">\n\t\t\t\t<div class=\"elementor-widget-container\">\n\t\t\t\t\t\t\t\t\t<div class=\"elementor-button-wrapper\">\n\t\t\t\t\t<a class=\"elementor-button elementor-button-link elementor-size-sm\" href=\"https:\/\/www.scielo.org\/\">\n\t\t\t\t\t\t<span class=\"elementor-button-content-wrapper\">\n\t\t\t\t\t\t\t\t\t<span class=\"elementor-button-text\">SCIELO<\/span>\n\t\t\t\t\t<\/span>\n\t\t\t\t\t<\/a>\n\t\t\t\t<\/div>\n\t\t\t\t\t\t\t\t<\/div>\n\t\t\t\t<\/div>\n\t\t\t\t<\/div>\n\t\t\t\t<\/div>\n\t\t\t\t\t<\/div>\n\t\t\t\t<\/div>\n\t\t<div class=\"elementor-element elementor-element-e7ac51b e-flex e-con-boxed e-con e-parent\" data-id=\"e7ac51b\" data-element_type=\"container\" data-e-type=\"container\">\n\t\t\t\t\t<div class=\"e-con-inner\">\n\t\t<div class=\"elementor-element elementor-element-4d14232 e-con-full e-flex e-con e-child\" data-id=\"4d14232\" data-element_type=\"container\" data-e-type=\"container\">\n\t\t\t\t<div class=\"elementor-element elementor-element-3d2bf32 elementor-widget elementor-widget-heading\" data-id=\"3d2bf32\" data-element_type=\"widget\" data-e-type=\"widget\" data-widget_type=\"heading.default\">\n\t\t\t\t<div class=\"elementor-widget-container\">\n\t\t\t\t\t<h3 class=\"elementor-heading-title elementor-size-default\">LINKS<\/h3>\t\t\t\t<\/div>\n\t\t\t\t<\/div>\n\t\t\t\t<\/div>\n\t\t<div class=\"elementor-element elementor-element-106ee6c e-grid e-con-full e-con e-child\" data-id=\"106ee6c\" data-element_type=\"container\" data-e-type=\"container\">\n\t\t\t\t<div class=\"elementor-element elementor-element-d6a317f elementor-align-justify elementor-widget elementor-widget-button\" data-id=\"d6a317f\" data-element_type=\"widget\" data-e-type=\"widget\" data-widget_type=\"button.default\">\n\t\t\t\t<div class=\"elementor-widget-container\">\n\t\t\t\t\t\t\t\t\t<div class=\"elementor-button-wrapper\">\n\t\t\t\t\t<a class=\"elementor-button elementor-button-link elementor-size-sm\" href=\"https:\/\/www.abecbrasil.org.br\/\">\n\t\t\t\t\t\t<span class=\"elementor-button-content-wrapper\">\n\t\t\t\t\t\t\t\t\t<span class=\"elementor-button-text\">ABEC<\/span>\n\t\t\t\t\t<\/span>\n\t\t\t\t\t<\/a>\n\t\t\t\t<\/div>\n\t\t\t\t\t\t\t\t<\/div>\n\t\t\t\t<\/div>\n\t\t\t\t<div class=\"elementor-element elementor-element-3e0733f elementor-align-justify elementor-widget elementor-widget-button\" data-id=\"3e0733f\" data-element_type=\"widget\" data-e-type=\"widget\" data-widget_type=\"button.default\">\n\t\t\t\t<div class=\"elementor-widget-container\">\n\t\t\t\t\t\t\t\t\t<div class=\"elementor-button-wrapper\">\n\t\t\t\t\t<a class=\"elementor-button elementor-button-link elementor-size-sm\" href=\"https:\/\/apastyle.apa.org\/\">\n\t\t\t\t\t\t<span class=\"elementor-button-content-wrapper\">\n\t\t\t\t\t\t\t\t\t<span class=\"elementor-button-text\">APA<\/span>\n\t\t\t\t\t<\/span>\n\t\t\t\t\t<\/a>\n\t\t\t\t<\/div>\n\t\t\t\t\t\t\t\t<\/div>\n\t\t\t\t<\/div>\n\t\t\t\t<div class=\"elementor-element elementor-element-11f095f elementor-align-justify elementor-widget elementor-widget-button\" data-id=\"11f095f\" data-element_type=\"widget\" data-e-type=\"widget\" data-widget_type=\"button.default\">\n\t\t\t\t<div class=\"elementor-widget-container\">\n\t\t\t\t\t\t\t\t\t<div class=\"elementor-button-wrapper\">\n\t\t\t\t\t<a class=\"elementor-button elementor-button-link elementor-size-sm\" href=\"http:\/\/hemerotecadigital.bn.br\/\">\n\t\t\t\t\t\t<span class=\"elementor-button-content-wrapper\">\n\t\t\t\t\t\t\t\t\t<span class=\"elementor-button-text\">Hemeroteca Digital Brasileira<\/span>\n\t\t\t\t\t<\/span>\n\t\t\t\t\t<\/a>\n\t\t\t\t<\/div>\n\t\t\t\t\t\t\t\t<\/div>\n\t\t\t\t<\/div>\n\t\t\t\t<div class=\"elementor-element elementor-element-03f2b85 elementor-align-justify elementor-widget elementor-widget-button\" data-id=\"03f2b85\" data-element_type=\"widget\" data-e-type=\"widget\" data-widget_type=\"button.default\">\n\t\t\t\t<div class=\"elementor-widget-container\">\n\t\t\t\t\t\t\t\t\t<div class=\"elementor-button-wrapper\">\n\t\t\t\t\t<a class=\"elementor-button elementor-button-link elementor-size-sm\" href=\"http:\/\/qualis.capes.gov.br\/webqualis\/principal.seam\">\n\t\t\t\t\t\t<span class=\"elementor-button-content-wrapper\">\n\t\t\t\t\t\t\t\t\t<span class=\"elementor-button-text\">CAPES - WebQualis<\/span>\n\t\t\t\t\t<\/span>\n\t\t\t\t\t<\/a>\n\t\t\t\t<\/div>\n\t\t\t\t\t\t\t\t<\/div>\n\t\t\t\t<\/div>\n\t\t\t\t<div class=\"elementor-element elementor-element-ad6dd57 elementor-align-justify elementor-widget elementor-widget-button\" data-id=\"ad6dd57\" data-element_type=\"widget\" data-e-type=\"widget\" data-widget_type=\"button.default\">\n\t\t\t\t<div class=\"elementor-widget-container\">\n\t\t\t\t\t\t\t\t\t<div class=\"elementor-button-wrapper\">\n\t\t\t\t\t<a class=\"elementor-button elementor-button-link elementor-size-sm\" href=\"http:\/\/memoria.cnpq.br\/normas\/lei_po_085_11.htm#etica\">\n\t\t\t\t\t\t<span class=\"elementor-button-content-wrapper\">\n\t\t\t\t\t\t\t\t\t<span class=\"elementor-button-text\">CNPq<\/span>\n\t\t\t\t\t<\/span>\n\t\t\t\t\t<\/a>\n\t\t\t\t<\/div>\n\t\t\t\t\t\t\t\t<\/div>\n\t\t\t\t<\/div>\n\t\t\t\t<div class=\"elementor-element elementor-element-a28fe81 elementor-align-justify elementor-widget elementor-widget-button\" data-id=\"a28fe81\" data-element_type=\"widget\" data-e-type=\"widget\" data-widget_type=\"button.default\">\n\t\t\t\t<div class=\"elementor-widget-container\">\n\t\t\t\t\t\t\t\t\t<div class=\"elementor-button-wrapper\">\n\t\t\t\t\t<a class=\"elementor-button elementor-button-link elementor-size-sm\" href=\"http:\/\/publicationethics.org\/files\/Ethical_guidelines_for_peer_reviewers_0.pdf\">\n\t\t\t\t\t\t<span class=\"elementor-button-content-wrapper\">\n\t\t\t\t\t\t\t\t\t<span class=\"elementor-button-text\">Committee on Publication Ethics<\/span>\n\t\t\t\t\t<\/span>\n\t\t\t\t\t<\/a>\n\t\t\t\t<\/div>\n\t\t\t\t\t\t\t\t<\/div>\n\t\t\t\t<\/div>\n\t\t\t\t<\/div>\n\t\t<div class=\"elementor-element elementor-element-fe0c4be e-grid e-con-full e-con e-child\" data-id=\"fe0c4be\" data-element_type=\"container\" data-e-type=\"container\">\n\t\t\t\t<div class=\"elementor-element elementor-element-c20d1d0 elementor-align-justify elementor-widget elementor-widget-button\" data-id=\"c20d1d0\" data-element_type=\"widget\" data-e-type=\"widget\" data-widget_type=\"button.default\">\n\t\t\t\t<div class=\"elementor-widget-container\">\n\t\t\t\t\t\t\t\t\t<div class=\"elementor-button-wrapper\">\n\t\t\t\t\t<a class=\"elementor-button elementor-button-link elementor-size-sm\" href=\"http:\/\/dejavu-fonts.org\/wiki\/Main_Page\">\n\t\t\t\t\t\t<span class=\"elementor-button-content-wrapper\">\n\t\t\t\t\t\t\t\t\t<span class=\"elementor-button-text\">DejaVu Fonts<\/span>\n\t\t\t\t\t<\/span>\n\t\t\t\t\t<\/a>\n\t\t\t\t<\/div>\n\t\t\t\t\t\t\t\t<\/div>\n\t\t\t\t<\/div>\n\t\t\t\t<div class=\"elementor-element elementor-element-2bc64a7 elementor-align-justify elementor-widget elementor-widget-button\" data-id=\"2bc64a7\" data-element_type=\"widget\" data-e-type=\"widget\" data-widget_type=\"button.default\">\n\t\t\t\t<div class=\"elementor-widget-container\">\n\t\t\t\t\t\t\t\t\t<div class=\"elementor-button-wrapper\">\n\t\t\t\t\t<a class=\"elementor-button elementor-button-link elementor-size-sm\" href=\"http:\/\/www.icmje.org\/\">\n\t\t\t\t\t\t<span class=\"elementor-button-content-wrapper\">\n\t\t\t\t\t\t\t\t\t<span class=\"elementor-button-text\">International Committee of  Medical Journal Editors<\/span>\n\t\t\t\t\t<\/span>\n\t\t\t\t\t<\/a>\n\t\t\t\t<\/div>\n\t\t\t\t\t\t\t\t<\/div>\n\t\t\t\t<\/div>\n\t\t\t\t<div class=\"elementor-element elementor-element-c2a1be5 elementor-align-justify elementor-widget elementor-widget-button\" data-id=\"c2a1be5\" data-element_type=\"widget\" data-e-type=\"widget\" data-widget_type=\"button.default\">\n\t\t\t\t<div class=\"elementor-widget-container\">\n\t\t\t\t\t\t\t\t\t<div class=\"elementor-button-wrapper\">\n\t\t\t\t\t<a class=\"elementor-button elementor-button-link elementor-size-sm\" href=\"http:\/\/www.periodicos.capes.gov.br\/\">\n\t\t\t\t\t\t<span class=\"elementor-button-content-wrapper\">\n\t\t\t\t\t\t\t\t\t<span class=\"elementor-button-text\">Portal de Peri\u00f3dicos<\/span>\n\t\t\t\t\t<\/span>\n\t\t\t\t\t<\/a>\n\t\t\t\t<\/div>\n\t\t\t\t\t\t\t\t<\/div>\n\t\t\t\t<\/div>\n\t\t\t\t<div class=\"elementor-element elementor-element-f955ce2 elementor-align-justify elementor-widget elementor-widget-button\" data-id=\"f955ce2\" data-element_type=\"widget\" data-e-type=\"widget\" data-widget_type=\"button.default\">\n\t\t\t\t<div class=\"elementor-widget-container\">\n\t\t\t\t\t\t\t\t\t<div class=\"elementor-button-wrapper\">\n\t\t\t\t\t<a class=\"elementor-button elementor-button-link elementor-size-sm\" href=\"http:\/\/retractionwatch.wordpress.com\/\">\n\t\t\t\t\t\t<span class=\"elementor-button-content-wrapper\">\n\t\t\t\t\t\t\t\t\t<span class=\"elementor-button-text\">Retraction Watch<\/span>\n\t\t\t\t\t<\/span>\n\t\t\t\t\t<\/a>\n\t\t\t\t<\/div>\n\t\t\t\t\t\t\t\t<\/div>\n\t\t\t\t<\/div>\n\t\t\t\t<div class=\"elementor-element elementor-element-fcf16b8 elementor-align-justify elementor-widget elementor-widget-button\" data-id=\"fcf16b8\" data-element_type=\"widget\" data-e-type=\"widget\" data-widget_type=\"button.default\">\n\t\t\t\t<div class=\"elementor-widget-container\">\n\t\t\t\t\t\t\t\t\t<div class=\"elementor-button-wrapper\">\n\t\t\t\t\t<a class=\"elementor-button elementor-button-link elementor-size-sm\" href=\"https:\/\/www.scielo.org\/\">\n\t\t\t\t\t\t<span class=\"elementor-button-content-wrapper\">\n\t\t\t\t\t\t\t\t\t<span class=\"elementor-button-text\">SCIELO<\/span>\n\t\t\t\t\t<\/span>\n\t\t\t\t\t<\/a>\n\t\t\t\t<\/div>\n\t\t\t\t\t\t\t\t<\/div>\n\t\t\t\t<\/div>\n\t\t\t\t<div class=\"elementor-element elementor-element-20b9d24 elementor-align-justify elementor-widget elementor-widget-button\" data-id=\"20b9d24\" data-element_type=\"widget\" data-e-type=\"widget\" data-widget_type=\"button.default\">\n\t\t\t\t<div class=\"elementor-widget-container\">\n\t\t\t\t\t\t\t\t\t<div class=\"elementor-button-wrapper\">\n\t\t\t\t\t<a class=\"elementor-button elementor-button-link elementor-size-sm\" href=\"http:\/\/www.scopus.com\/home.url\">\n\t\t\t\t\t\t<span class=\"elementor-button-content-wrapper\">\n\t\t\t\t\t\t\t\t\t<span class=\"elementor-button-text\">SCIELO<\/span>\n\t\t\t\t\t<\/span>\n\t\t\t\t\t<\/a>\n\t\t\t\t<\/div>\n\t\t\t\t\t\t\t\t<\/div>\n\t\t\t\t<\/div>\n\t\t\t\t<\/div>\n\t\t\t\t\t<\/div>\n\t\t\t\t<\/div>\n\t\t<div class=\"elementor-element elementor-element-5fc58fc e-flex e-con-boxed e-con e-parent\" data-id=\"5fc58fc\" data-element_type=\"container\" data-e-type=\"container\">\n\t\t\t\t\t<div class=\"e-con-inner\">\n\t\t\t\t\t<\/div>\n\t\t\t\t<\/div>\n\t\t\t\t<\/div>\n\t\t","protected":false},"excerpt":{"rendered":"<p>EDI\u00c7\u00c3O Ci\u00eancias Humanas, v.2, n.2 Publica\u00e7\u00e3o cont\u00ednua Maio\/Agosto de 2007 Publica\u00e7\u00e3o do Museu Paraense Em\u00edlio Goeldi ISSN: 2178-2547 CARTA DO EDITOR INTRODU\u00c7\u00c3O ARTIGOS Is Greenberg\u2019s \u201cMacro-Carib\u201d viable? \u00c9 vi\u00e1vel a hip\u00f3tese \u201cMacro-Carib\u201d de Greenberg? Spike Gildea, Doris Payne VERS\u00c3O INTEGRAL On the Tupi-Guaranian prehistory of the Siriono verb Sobre a pr\u00e9-hist\u00f3ria Tupi-Guarani do verbo Siriono [&hellip;]<\/p>\n","protected":false},"author":2,"featured_media":0,"parent":0,"menu_order":0,"comment_status":"closed","ping_status":"closed","template":"","meta":{"footnotes":""},"class_list":["post-1191","page","type-page","status-publish","hentry"],"meta_box":[],"_links":{"self":[{"href":"https:\/\/boletimch.museu-goeldi.br\/index.php?rest_route=\/wp\/v2\/pages\/1191","targetHints":{"allow":["GET"]}}],"collection":[{"href":"https:\/\/boletimch.museu-goeldi.br\/index.php?rest_route=\/wp\/v2\/pages"}],"about":[{"href":"https:\/\/boletimch.museu-goeldi.br\/index.php?rest_route=\/wp\/v2\/types\/page"}],"author":[{"embeddable":true,"href":"https:\/\/boletimch.museu-goeldi.br\/index.php?rest_route=\/wp\/v2\/users\/2"}],"replies":[{"embeddable":true,"href":"https:\/\/boletimch.museu-goeldi.br\/index.php?rest_route=%2Fwp%2Fv2%2Fcomments&post=1191"}],"version-history":[{"count":16,"href":"https:\/\/boletimch.museu-goeldi.br\/index.php?rest_route=\/wp\/v2\/pages\/1191\/revisions"}],"predecessor-version":[{"id":5141,"href":"https:\/\/boletimch.museu-goeldi.br\/index.php?rest_route=\/wp\/v2\/pages\/1191\/revisions\/5141"}],"wp:attachment":[{"href":"https:\/\/boletimch.museu-goeldi.br\/index.php?rest_route=%2Fwp%2Fv2%2Fmedia&parent=1191"}],"curies":[{"name":"wp","href":"https:\/\/api.w.org\/{rel}","templated":true}]}}