{"id":1196,"date":"2025-02-24T14:30:48","date_gmt":"2025-02-24T17:30:48","guid":{"rendered":"https:\/\/boletimch.museu-goeldi.br\/?page_id=1196"},"modified":"2026-04-16T12:12:40","modified_gmt":"2026-04-16T15:12:40","slug":"v1n1","status":"publish","type":"page","link":"https:\/\/boletimch.museu-goeldi.br\/?page_id=1196","title":{"rendered":"Ci\u00eancias Humanas, v.1, n.1"},"content":{"rendered":"\t\t<div data-elementor-type=\"wp-page\" data-elementor-id=\"1196\" class=\"elementor elementor-1196\" data-elementor-post-type=\"page\">\n\t\t\t\t<div class=\"elementor-element elementor-element-2878435 elementor-hidden-desktop elementor-hidden-tablet e-flex e-con-boxed e-con e-parent\" data-id=\"2878435\" data-element_type=\"container\" data-e-type=\"container\">\n\t\t\t\t\t<div class=\"e-con-inner\">\n\t\t\t\t<div class=\"elementor-element elementor-element-53fceb3 elementor-widget elementor-widget-image\" data-id=\"53fceb3\" data-element_type=\"widget\" data-e-type=\"widget\" data-widget_type=\"image.default\">\n\t\t\t\t<div class=\"elementor-widget-container\">\n\t\t\t\t\t\t\t\t\t\t\t\t\t\t\t<img fetchpriority=\"high\" decoding=\"async\" width=\"800\" height=\"944\" src=\"https:\/\/boletimch.museu-goeldi.br\/wp-content\/uploads\/2025\/05\/chvxnx.jpg\" class=\"attachment-large size-large wp-image-4135\" alt=\"\" srcset=\"https:\/\/boletimch.museu-goeldi.br\/wp-content\/uploads\/2025\/05\/chvxnx.jpg 800w, https:\/\/boletimch.museu-goeldi.br\/wp-content\/uploads\/2025\/05\/chvxnx-254x300.jpg 254w, https:\/\/boletimch.museu-goeldi.br\/wp-content\/uploads\/2025\/05\/chvxnx-768x906.jpg 768w\" sizes=\"(max-width: 800px) 100vw, 800px\" \/>\t\t\t\t\t\t\t\t\t\t\t\t\t\t\t<\/div>\n\t\t\t\t<\/div>\n\t\t\t\t\t<\/div>\n\t\t\t\t<\/div>\n\t\t<div class=\"elementor-element elementor-element-e3f419b e-flex e-con-boxed e-con e-parent\" data-id=\"e3f419b\" data-element_type=\"container\" data-e-type=\"container\">\n\t\t\t\t\t<div class=\"e-con-inner\">\n\t\t<div class=\"elementor-element elementor-element-d05088b e-con-full e-flex e-con e-child\" data-id=\"d05088b\" data-element_type=\"container\" data-e-type=\"container\">\n\t\t\t\t<div class=\"elementor-element elementor-element-82c611b elementor-widget elementor-widget-heading\" data-id=\"82c611b\" data-element_type=\"widget\" data-e-type=\"widget\" data-widget_type=\"heading.default\">\n\t\t\t\t<div class=\"elementor-widget-container\">\n\t\t\t\t\t<h2 class=\"elementor-heading-title elementor-size-default\">EDI\u00c7\u00c3O <\/h2>\t\t\t\t<\/div>\n\t\t\t\t<\/div>\n\t\t\t\t<div class=\"elementor-element elementor-element-b8dfa77 elementor-widget elementor-widget-heading\" data-id=\"b8dfa77\" data-element_type=\"widget\" data-e-type=\"widget\" data-widget_type=\"heading.default\">\n\t\t\t\t<div class=\"elementor-widget-container\">\n\t\t\t\t\t<h4 class=\"elementor-heading-title elementor-size-default\">Ci\u00eancias Humanas, v.1, n.1<\/h4>\t\t\t\t<\/div>\n\t\t\t\t<\/div>\n\t\t\t\t<div class=\"elementor-element elementor-element-49539b0 elementor-widget elementor-widget-heading\" data-id=\"49539b0\" data-element_type=\"widget\" data-e-type=\"widget\" data-widget_type=\"heading.default\">\n\t\t\t\t<div class=\"elementor-widget-container\">\n\t\t\t\t\t<h4 class=\"elementor-heading-title elementor-size-default\">Publica\u00e7\u00e3o cont\u00ednua\n<br>\n<br>Janeiro\/Abril de 2006\n<br>\n<br>Publica\u00e7\u00e3o do Museu Paraense Em\u00edlio Goeldi\n<br>\n<br>ISSN: 2178-2547<\/h4>\t\t\t\t<\/div>\n\t\t\t\t<\/div>\n\t\t\t\t<div class=\"elementor-element elementor-element-afaa2ce elementor-widget elementor-widget-spacer\" data-id=\"afaa2ce\" data-element_type=\"widget\" data-e-type=\"widget\" data-widget_type=\"spacer.default\">\n\t\t\t\t<div class=\"elementor-widget-container\">\n\t\t\t\t\t\t\t<div class=\"elementor-spacer\">\n\t\t\t<div class=\"elementor-spacer-inner\"><\/div>\n\t\t<\/div>\n\t\t\t\t\t\t<\/div>\n\t\t\t\t<\/div>\n\t\t\t\t<div class=\"elementor-element elementor-element-5b6843b elementor-widget elementor-widget-heading\" data-id=\"5b6843b\" data-element_type=\"widget\" data-e-type=\"widget\" data-widget_type=\"heading.default\">\n\t\t\t\t<div class=\"elementor-widget-container\">\n\t\t\t\t\t<h3 class=\"elementor-heading-title elementor-size-default\"><a href=\"https:\/\/boletimch.museu-goeldi.br\/wp-content\/uploads\/2025\/05\/carta_tresn2006.pdf\" target=\"_blank\">CARTA DO EDITOR<\/a><\/h3>\t\t\t\t<\/div>\n\t\t\t\t<\/div>\n\t\t\t\t<div class=\"elementor-element elementor-element-b452326 elementor-widget elementor-widget-heading\" data-id=\"b452326\" data-element_type=\"widget\" data-e-type=\"widget\" data-widget_type=\"heading.default\">\n\t\t\t\t<div class=\"elementor-widget-container\">\n\t\t\t\t\t<h3 class=\"elementor-heading-title elementor-size-default\"><a href=\"http:\/\/www.scielo.br\/scielo.php?script=sci_arttext&#038;pid=S1981-%2081222006000100001&#038;lng=pt&#038;nrm=iso&#038;tlng=pt\" target=\"_blank\">PREF\u00c1CIO<\/a><\/h3>\t\t\t\t<\/div>\n\t\t\t\t<\/div>\n\t\t\t\t<div class=\"elementor-element elementor-element-c6bea81 elementor-widget elementor-widget-heading\" data-id=\"c6bea81\" data-element_type=\"widget\" data-e-type=\"widget\" data-widget_type=\"heading.default\">\n\t\t\t\t<div class=\"elementor-widget-container\">\n\t\t\t\t\t<h3 class=\"elementor-heading-title elementor-size-default\"><a href=\"http:\/\/www.scielo.br\/scielo.php?script=sci_arttext&#038;pid=S1981-81222006000100002&#038;lng=pt&#038;nrm=iso&#038;tlng=pt\" target=\"_blank\">INTRODU\u00c7\u00c3O<\/a><\/h3>\t\t\t\t<\/div>\n\t\t\t\t<\/div>\n\t\t\t\t<div class=\"elementor-element elementor-element-b2d8998 elementor-widget elementor-widget-heading\" data-id=\"b2d8998\" data-element_type=\"widget\" data-e-type=\"widget\" data-widget_type=\"heading.default\">\n\t\t\t\t<div class=\"elementor-widget-container\">\n\t\t\t\t\t<h3 class=\"elementor-heading-title elementor-size-default\">ARTIGOS<\/h3>\t\t\t\t<\/div>\n\t\t\t\t<\/div>\n\t\t\t\t<div class=\"elementor-element elementor-element-8dc7452 elementor-widget elementor-widget-html\" data-id=\"8dc7452\" data-element_type=\"widget\" data-e-type=\"widget\" data-widget_type=\"html.default\">\n\t\t\t\t<div class=\"elementor-widget-container\">\n\t\t\t\t\t<div class=\"artigo\">\r\n  <div class=\"titulo-pt\">Subordinate clauses in Karaj\u00e1<\/div>\r\n  <div class=\"titulo-en\">Ora\u00e7\u00f5es subordinadas em Karaj\u00e1<\/div>\r\n  <div class=\"autores\">Eduardo Rivail Ribeiro<\/div>\r\n  <a class=\"btn-link\" href=\"http:\/\/www.scielo.br\/scielo.php?script=sci_arttext&amp;pid=S1981-81222006000100003&amp;lng=pt&amp;nrm=iso&amp;tlng=en\" target=\"_blank\">VERS\u00c3O INTEGRAL<\/a>\r\n<\/div>\r\n\r\n<div class=\"artigo\">\r\n  <div class=\"titulo-pt\">Relativiza\u00e7\u00e3o na l\u00edngua Sakurabiat (Mekens)<\/div>\r\n  <div class=\"titulo-en\">Relative clauses in Sakurabiat (Mekens)<\/div>\r\n  <div class=\"autores\">Ana Vilacy Galucio<\/div>\r\n  <a class=\"btn-link\" href=\"http:\/\/www.scielo.br\/scielo.php?script=sci_arttext&amp;pid=S1981-81222006000100004&amp;lng=pt&amp;nrm=iso&amp;tlng=pt\" target=\"_blank\">VERS\u00c3O INTEGRAL<\/a>\r\n<\/div>\r\n\r\n<div class=\"artigo\">\r\n  <div class=\"titulo-pt\">Relativiza\u00e7\u00e3o em Xipaya (Tup\u00ed)<\/div>\r\n  <div class=\"titulo-en\">Relativization in Xipaya (Tupian)<\/div>\r\n  <div class=\"autores\">Carmen L\u00facia Reis Rodrigues<\/div>\r\n  <a class=\"btn-link\" href=\"http:\/\/www.scielo.br\/scielo.php?script=sci_arttext&amp;pid=S1981-81222006000100005&amp;lng=pt&amp;nrm=iso&amp;tlng=pt\" target=\"_blank\">VERS\u00c3O INTEGRAL<\/a>\r\n<\/div>\r\n\r\n<div class=\"artigo\">\r\n  <div class=\"titulo-pt\">Estrat\u00e9gias de relativiza\u00e7\u00e3o em Apurin\u00e3 (Aru\u00e1k)<\/div>\r\n  <div class=\"titulo-en\">Relativization strategies in Apurin\u00e3 (Arawakan)<\/div>\r\n  <div class=\"autores\">Sidi Facundes<\/div>\r\n  <a class=\"btn-link\" href=\"http:\/\/www.scielo.br\/scielo.php?script=sci_arttext&amp;pid=S1981-81222006000100006&amp;lng=pt&amp;nrm=iso&amp;tlng=pt\" target=\"_blank\">VERS\u00c3O INTEGRAL<\/a>\r\n<\/div>\r\n\r\n<div class=\"artigo\">\r\n  <div class=\"titulo-pt\">Constru\u00e7\u00f5es atributivas em Kwaz\u00e1<\/div>\r\n  <div class=\"titulo-en\">Attributive constructions in Kwaza<\/div>\r\n  <div class=\"autores\">Hein van der Voort<\/div>\r\n  <a class=\"btn-link\" href=\"http:\/\/www.scielo.br\/scielo.php?script=sci_arttext&amp;pid=S1981-81222006000100007&amp;lng=pt&amp;nrm=iso&amp;tlng=pt\" target=\"_blank\">VERS\u00c3O INTEGRAL<\/a>\r\n<\/div>\r\n\r\n<div class=\"artigo\">\r\n  <div class=\"titulo-pt\">Ora\u00e7\u00f5es relativas em l\u00ednguas Kar\u00edb<\/div>\r\n  <div class=\"titulo-en\">Relative clauses in Cariban languages<\/div>\r\n  <div class=\"autores\">S\u00e9rgio Meira<\/div>\r\n  <a class=\"btn-link\" href=\"http:\/\/www.scielo.br\/scielo.php?script=sci_arttext&amp;pid=S1981-81222006000100008&amp;lng=pt&amp;nrm=iso&amp;tlng=pt\" target=\"_blank\">VERS\u00c3O INTEGRAL<\/a>\r\n<\/div>\r\n\r\n<div class=\"artigo\">\r\n  <div class=\"titulo-pt\">Aspectos morfosint\u00e1cticos de la relativizaci\u00f3n en shipibo-konibo (pano)<\/div>\r\n  <div class=\"titulo-en\">Morphosyntatic aspects of relativization in shipibo-konibo (pano)<\/div>\r\n  <div class=\"autores\">Pilar Valenzuela Bismark<\/div>\r\n  <a class=\"btn-link\" href=\"http:\/\/www.scielo.br\/scielo.php?script=sci_arttext&amp;pid=S1981-81222006000100009&amp;lng=pt&amp;nrm=iso&amp;tlng=pt\" target=\"_blank\">VERS\u00c3O INTEGRAL<\/a>\r\n<\/div>\r\n\r\n<div class=\"artigo\">\r\n  <div class=\"titulo-pt\">Cl\u00e1usulas relativas em Gavi\u00e3o de Rond\u00f4nia<\/div>\r\n  <div class=\"titulo-en\">Relative clauses in Gavi\u00e3o of Rond\u00f4nia<\/div>\r\n  <div class=\"autores\">Denny Moore<\/div>\r\n  <a class=\"btn-link\" href=\"http:\/\/www.scielo.br\/scielo.php?script=sci_arttext&amp;pid=S1981-81222006000100010&amp;lng=pt&amp;nrm=iso&amp;tlng=pt\" target=\"_blank\">VERS\u00c3O INTEGRAL<\/a>\r\n<\/div>\t\t\t\t<\/div>\n\t\t\t\t<\/div>\n\t\t\t\t<\/div>\n\t\t\t\t<div class=\"elementor-element elementor-element-d9684bb elementor-widget elementor-widget-spacer\" data-id=\"d9684bb\" data-element_type=\"widget\" data-e-type=\"widget\" data-widget_type=\"spacer.default\">\n\t\t\t\t<div class=\"elementor-widget-container\">\n\t\t\t\t\t\t\t<div class=\"elementor-spacer\">\n\t\t\t<div class=\"elementor-spacer-inner\"><\/div>\n\t\t<\/div>\n\t\t\t\t\t\t<\/div>\n\t\t\t\t<\/div>\n\t\t<div class=\"elementor-element elementor-element-44a3610 e-con-full e-flex e-con e-child\" data-id=\"44a3610\" data-element_type=\"container\" data-e-type=\"container\">\n\t\t\t\t<div class=\"elementor-element elementor-element-982ed00 elementor-hidden-mobile elementor-widget elementor-widget-image-gallery\" data-id=\"982ed00\" data-element_type=\"widget\" data-e-type=\"widget\" data-widget_type=\"image-gallery.default\">\n\t\t\t\t<div class=\"elementor-widget-container\">\n\t\t\t\t\t\t\t<div class=\"elementor-image-gallery\">\n\t\t\t<div id='gallery-1' class='gallery galleryid-1196 gallery-columns-1 gallery-size-2048x2048'><figure class='gallery-item'>\n\t\t\t<div class='gallery-icon portrait'>\n\t\t\t\t<a data-elementor-open-lightbox=\"yes\" data-elementor-lightbox-slideshow=\"982ed00\" data-elementor-lightbox-title=\"chvxnx\" data-e-action-hash=\"#elementor-action%3Aaction%3Dlightbox%26settings%3DeyJpZCI6NDEzNSwidXJsIjoiaHR0cHM6XC9cL2JvbGV0aW1jaC5tdXNldS1nb2VsZGkuYnJcL3dwLWNvbnRlbnRcL3VwbG9hZHNcLzIwMjVcLzA1XC9jaHZ4bnguanBnIiwic2xpZGVzaG93IjoiOTgyZWQwMCJ9\" href='https:\/\/boletimch.museu-goeldi.br\/wp-content\/uploads\/2025\/05\/chvxnx.jpg'><img decoding=\"async\" width=\"800\" height=\"944\" src=\"https:\/\/boletimch.museu-goeldi.br\/wp-content\/uploads\/2025\/05\/chvxnx.jpg\" class=\"attachment-2048x2048 size-2048x2048\" alt=\"\" srcset=\"https:\/\/boletimch.museu-goeldi.br\/wp-content\/uploads\/2025\/05\/chvxnx.jpg 800w, https:\/\/boletimch.museu-goeldi.br\/wp-content\/uploads\/2025\/05\/chvxnx-254x300.jpg 254w, https:\/\/boletimch.museu-goeldi.br\/wp-content\/uploads\/2025\/05\/chvxnx-768x906.jpg 768w\" sizes=\"(max-width: 800px) 100vw, 800px\" \/><\/a>\n\t\t\t<\/div><\/figure>\n\t\t<\/div>\n\t\t<\/div>\n\t\t\t\t\t\t<\/div>\n\t\t\t\t<\/div>\n\t\t<div class=\"elementor-element elementor-element-573b908 e-con-full e-flex e-con e-child\" data-id=\"573b908\" data-element_type=\"container\" data-e-type=\"container\">\n\t\t\t\t<div class=\"elementor-element elementor-element-68329ce elementor-align-justify elementor-widget elementor-widget-button\" data-id=\"68329ce\" data-element_type=\"widget\" data-e-type=\"widget\" data-widget_type=\"button.default\">\n\t\t\t\t<div class=\"elementor-widget-container\">\n\t\t\t\t\t\t\t\t\t<div class=\"elementor-button-wrapper\">\n\t\t\t\t\t<a class=\"elementor-button elementor-button-link elementor-size-sm\" href=\"https:\/\/mc04.manuscriptcentral.com\/bgoeldi-scielo\">\n\t\t\t\t\t\t<span class=\"elementor-button-content-wrapper\">\n\t\t\t\t\t\t\t\t\t<span class=\"elementor-button-text\">INICIAR SUBMISS\u00c3O<\/span>\n\t\t\t\t\t<\/span>\n\t\t\t\t\t<\/a>\n\t\t\t\t<\/div>\n\t\t\t\t\t\t\t\t<\/div>\n\t\t\t\t<\/div>\n\t\t\t\t<div class=\"elementor-element elementor-element-3155a21 elementor-align-justify elementor-widget elementor-widget-button\" data-id=\"3155a21\" data-element_type=\"widget\" data-e-type=\"widget\" data-widget_type=\"button.default\">\n\t\t\t\t<div class=\"elementor-widget-container\">\n\t\t\t\t\t\t\t\t\t<div class=\"elementor-button-wrapper\">\n\t\t\t\t\t<a class=\"elementor-button elementor-button-link elementor-size-sm\" href=\"https:\/\/boletimch.museu-goeldi.br\/?page_id=142\">\n\t\t\t\t\t\t<span class=\"elementor-button-content-wrapper\">\n\t\t\t\t\t\t\t\t\t<span class=\"elementor-button-text\">INSTRU\u00c7\u00d5ES AOS AUTORES<\/span>\n\t\t\t\t\t<\/span>\n\t\t\t\t\t<\/a>\n\t\t\t\t<\/div>\n\t\t\t\t\t\t\t\t<\/div>\n\t\t\t\t<\/div>\n\t\t\t\t<div class=\"elementor-element elementor-element-4ff9e02 elementor-align-justify elementor-widget elementor-widget-button\" data-id=\"4ff9e02\" data-element_type=\"widget\" data-e-type=\"widget\" data-widget_type=\"button.default\">\n\t\t\t\t<div class=\"elementor-widget-container\">\n\t\t\t\t\t\t\t\t\t<div class=\"elementor-button-wrapper\">\n\t\t\t\t\t<a class=\"elementor-button elementor-button-link elementor-size-sm\" href=\"https:\/\/www.scimagojr.com\/journalsearch.php?q=19900193545&#038;tip=sid&#038;clean=0\" target=\"_blank\">\n\t\t\t\t\t\t<span class=\"elementor-button-content-wrapper\">\n\t\t\t\t\t\t\t\t\t<span class=\"elementor-button-text\">FATOR DE IMPACTO<\/span>\n\t\t\t\t\t<\/span>\n\t\t\t\t\t<\/a>\n\t\t\t\t<\/div>\n\t\t\t\t\t\t\t\t<\/div>\n\t\t\t\t<\/div>\n\t\t\t\t<div class=\"elementor-element elementor-element-8caa5fe elementor-align-justify elementor-widget elementor-widget-button\" data-id=\"8caa5fe\" data-element_type=\"widget\" data-e-type=\"widget\" data-widget_type=\"button.default\">\n\t\t\t\t<div class=\"elementor-widget-container\">\n\t\t\t\t\t\t\t\t\t<div class=\"elementor-button-wrapper\">\n\t\t\t\t\t<a class=\"elementor-button elementor-button-link elementor-size-sm\" href=\"https:\/\/www.scielo.org\/\">\n\t\t\t\t\t\t<span class=\"elementor-button-content-wrapper\">\n\t\t\t\t\t\t\t\t\t<span class=\"elementor-button-text\">SCIELO<\/span>\n\t\t\t\t\t<\/span>\n\t\t\t\t\t<\/a>\n\t\t\t\t<\/div>\n\t\t\t\t\t\t\t\t<\/div>\n\t\t\t\t<\/div>\n\t\t\t\t<\/div>\n\t\t\t\t<\/div>\n\t\t\t\t\t<\/div>\n\t\t\t\t<\/div>\n\t\t<div class=\"elementor-element elementor-element-390de2d e-flex e-con-boxed e-con e-parent\" data-id=\"390de2d\" data-element_type=\"container\" data-e-type=\"container\">\n\t\t\t\t\t<div class=\"e-con-inner\">\n\t\t<div class=\"elementor-element elementor-element-8ed20db e-con-full e-flex e-con e-child\" data-id=\"8ed20db\" data-element_type=\"container\" data-e-type=\"container\">\n\t\t\t\t<div class=\"elementor-element elementor-element-85e0ba6 elementor-widget elementor-widget-heading\" data-id=\"85e0ba6\" data-element_type=\"widget\" data-e-type=\"widget\" data-widget_type=\"heading.default\">\n\t\t\t\t<div class=\"elementor-widget-container\">\n\t\t\t\t\t<h3 class=\"elementor-heading-title elementor-size-default\">LINKS<\/h3>\t\t\t\t<\/div>\n\t\t\t\t<\/div>\n\t\t\t\t<\/div>\n\t\t<div class=\"elementor-element elementor-element-4afa268 e-grid e-con-full e-con e-child\" data-id=\"4afa268\" data-element_type=\"container\" data-e-type=\"container\">\n\t\t\t\t<div class=\"elementor-element elementor-element-08c63b8 elementor-align-justify elementor-widget elementor-widget-button\" data-id=\"08c63b8\" data-element_type=\"widget\" data-e-type=\"widget\" data-widget_type=\"button.default\">\n\t\t\t\t<div class=\"elementor-widget-container\">\n\t\t\t\t\t\t\t\t\t<div class=\"elementor-button-wrapper\">\n\t\t\t\t\t<a class=\"elementor-button elementor-button-link elementor-size-sm\" href=\"https:\/\/www.abecbrasil.org.br\/\">\n\t\t\t\t\t\t<span class=\"elementor-button-content-wrapper\">\n\t\t\t\t\t\t\t\t\t<span class=\"elementor-button-text\">ABEC<\/span>\n\t\t\t\t\t<\/span>\n\t\t\t\t\t<\/a>\n\t\t\t\t<\/div>\n\t\t\t\t\t\t\t\t<\/div>\n\t\t\t\t<\/div>\n\t\t\t\t<div class=\"elementor-element elementor-element-f9d66b7 elementor-align-justify elementor-widget elementor-widget-button\" data-id=\"f9d66b7\" data-element_type=\"widget\" data-e-type=\"widget\" data-widget_type=\"button.default\">\n\t\t\t\t<div class=\"elementor-widget-container\">\n\t\t\t\t\t\t\t\t\t<div class=\"elementor-button-wrapper\">\n\t\t\t\t\t<a class=\"elementor-button elementor-button-link elementor-size-sm\" href=\"https:\/\/apastyle.apa.org\/\">\n\t\t\t\t\t\t<span class=\"elementor-button-content-wrapper\">\n\t\t\t\t\t\t\t\t\t<span class=\"elementor-button-text\">APA<\/span>\n\t\t\t\t\t<\/span>\n\t\t\t\t\t<\/a>\n\t\t\t\t<\/div>\n\t\t\t\t\t\t\t\t<\/div>\n\t\t\t\t<\/div>\n\t\t\t\t<div class=\"elementor-element elementor-element-68da613 elementor-align-justify elementor-widget elementor-widget-button\" data-id=\"68da613\" data-element_type=\"widget\" data-e-type=\"widget\" data-widget_type=\"button.default\">\n\t\t\t\t<div class=\"elementor-widget-container\">\n\t\t\t\t\t\t\t\t\t<div class=\"elementor-button-wrapper\">\n\t\t\t\t\t<a class=\"elementor-button elementor-button-link elementor-size-sm\" href=\"http:\/\/hemerotecadigital.bn.br\/\">\n\t\t\t\t\t\t<span class=\"elementor-button-content-wrapper\">\n\t\t\t\t\t\t\t\t\t<span class=\"elementor-button-text\">Hemeroteca Digital Brasileira<\/span>\n\t\t\t\t\t<\/span>\n\t\t\t\t\t<\/a>\n\t\t\t\t<\/div>\n\t\t\t\t\t\t\t\t<\/div>\n\t\t\t\t<\/div>\n\t\t\t\t<div class=\"elementor-element elementor-element-e9c226f elementor-align-justify elementor-widget elementor-widget-button\" data-id=\"e9c226f\" data-element_type=\"widget\" data-e-type=\"widget\" data-widget_type=\"button.default\">\n\t\t\t\t<div class=\"elementor-widget-container\">\n\t\t\t\t\t\t\t\t\t<div class=\"elementor-button-wrapper\">\n\t\t\t\t\t<a class=\"elementor-button elementor-button-link elementor-size-sm\" href=\"http:\/\/qualis.capes.gov.br\/webqualis\/principal.seam\">\n\t\t\t\t\t\t<span class=\"elementor-button-content-wrapper\">\n\t\t\t\t\t\t\t\t\t<span class=\"elementor-button-text\">CAPES - WebQualis<\/span>\n\t\t\t\t\t<\/span>\n\t\t\t\t\t<\/a>\n\t\t\t\t<\/div>\n\t\t\t\t\t\t\t\t<\/div>\n\t\t\t\t<\/div>\n\t\t\t\t<div class=\"elementor-element elementor-element-7178f3e elementor-align-justify elementor-widget elementor-widget-button\" data-id=\"7178f3e\" data-element_type=\"widget\" data-e-type=\"widget\" data-widget_type=\"button.default\">\n\t\t\t\t<div class=\"elementor-widget-container\">\n\t\t\t\t\t\t\t\t\t<div class=\"elementor-button-wrapper\">\n\t\t\t\t\t<a class=\"elementor-button elementor-button-link elementor-size-sm\" href=\"http:\/\/memoria.cnpq.br\/normas\/lei_po_085_11.htm#etica\">\n\t\t\t\t\t\t<span class=\"elementor-button-content-wrapper\">\n\t\t\t\t\t\t\t\t\t<span class=\"elementor-button-text\">CNPq<\/span>\n\t\t\t\t\t<\/span>\n\t\t\t\t\t<\/a>\n\t\t\t\t<\/div>\n\t\t\t\t\t\t\t\t<\/div>\n\t\t\t\t<\/div>\n\t\t\t\t<div class=\"elementor-element elementor-element-59df038 elementor-align-justify elementor-widget elementor-widget-button\" data-id=\"59df038\" data-element_type=\"widget\" data-e-type=\"widget\" data-widget_type=\"button.default\">\n\t\t\t\t<div class=\"elementor-widget-container\">\n\t\t\t\t\t\t\t\t\t<div class=\"elementor-button-wrapper\">\n\t\t\t\t\t<a class=\"elementor-button elementor-button-link elementor-size-sm\" href=\"http:\/\/publicationethics.org\/files\/Ethical_guidelines_for_peer_reviewers_0.pdf\">\n\t\t\t\t\t\t<span class=\"elementor-button-content-wrapper\">\n\t\t\t\t\t\t\t\t\t<span class=\"elementor-button-text\">Committee on Publication Ethics<\/span>\n\t\t\t\t\t<\/span>\n\t\t\t\t\t<\/a>\n\t\t\t\t<\/div>\n\t\t\t\t\t\t\t\t<\/div>\n\t\t\t\t<\/div>\n\t\t\t\t<\/div>\n\t\t<div class=\"elementor-element elementor-element-d1b223f e-grid e-con-full e-con e-child\" data-id=\"d1b223f\" data-element_type=\"container\" data-e-type=\"container\">\n\t\t\t\t<div class=\"elementor-element elementor-element-4a01a18 elementor-align-justify elementor-widget elementor-widget-button\" data-id=\"4a01a18\" data-element_type=\"widget\" data-e-type=\"widget\" data-widget_type=\"button.default\">\n\t\t\t\t<div class=\"elementor-widget-container\">\n\t\t\t\t\t\t\t\t\t<div class=\"elementor-button-wrapper\">\n\t\t\t\t\t<a class=\"elementor-button elementor-button-link elementor-size-sm\" href=\"http:\/\/dejavu-fonts.org\/wiki\/Main_Page\">\n\t\t\t\t\t\t<span class=\"elementor-button-content-wrapper\">\n\t\t\t\t\t\t\t\t\t<span class=\"elementor-button-text\">DejaVu Fonts<\/span>\n\t\t\t\t\t<\/span>\n\t\t\t\t\t<\/a>\n\t\t\t\t<\/div>\n\t\t\t\t\t\t\t\t<\/div>\n\t\t\t\t<\/div>\n\t\t\t\t<div class=\"elementor-element elementor-element-fe2356c elementor-align-justify elementor-widget elementor-widget-button\" data-id=\"fe2356c\" data-element_type=\"widget\" data-e-type=\"widget\" data-widget_type=\"button.default\">\n\t\t\t\t<div class=\"elementor-widget-container\">\n\t\t\t\t\t\t\t\t\t<div class=\"elementor-button-wrapper\">\n\t\t\t\t\t<a class=\"elementor-button elementor-button-link elementor-size-sm\" href=\"http:\/\/www.icmje.org\/\">\n\t\t\t\t\t\t<span class=\"elementor-button-content-wrapper\">\n\t\t\t\t\t\t\t\t\t<span class=\"elementor-button-text\">International Committee of  Medical Journal Editors<\/span>\n\t\t\t\t\t<\/span>\n\t\t\t\t\t<\/a>\n\t\t\t\t<\/div>\n\t\t\t\t\t\t\t\t<\/div>\n\t\t\t\t<\/div>\n\t\t\t\t<div class=\"elementor-element elementor-element-0cf1c37 elementor-align-justify elementor-widget elementor-widget-button\" data-id=\"0cf1c37\" data-element_type=\"widget\" data-e-type=\"widget\" data-widget_type=\"button.default\">\n\t\t\t\t<div class=\"elementor-widget-container\">\n\t\t\t\t\t\t\t\t\t<div class=\"elementor-button-wrapper\">\n\t\t\t\t\t<a class=\"elementor-button elementor-button-link elementor-size-sm\" href=\"http:\/\/www.periodicos.capes.gov.br\/\">\n\t\t\t\t\t\t<span class=\"elementor-button-content-wrapper\">\n\t\t\t\t\t\t\t\t\t<span class=\"elementor-button-text\">Portal de Peri\u00f3dicos<\/span>\n\t\t\t\t\t<\/span>\n\t\t\t\t\t<\/a>\n\t\t\t\t<\/div>\n\t\t\t\t\t\t\t\t<\/div>\n\t\t\t\t<\/div>\n\t\t\t\t<div class=\"elementor-element elementor-element-070ad7e elementor-align-justify elementor-widget elementor-widget-button\" data-id=\"070ad7e\" data-element_type=\"widget\" data-e-type=\"widget\" data-widget_type=\"button.default\">\n\t\t\t\t<div class=\"elementor-widget-container\">\n\t\t\t\t\t\t\t\t\t<div class=\"elementor-button-wrapper\">\n\t\t\t\t\t<a class=\"elementor-button elementor-button-link elementor-size-sm\" href=\"http:\/\/retractionwatch.wordpress.com\/\">\n\t\t\t\t\t\t<span class=\"elementor-button-content-wrapper\">\n\t\t\t\t\t\t\t\t\t<span class=\"elementor-button-text\">Retraction Watch<\/span>\n\t\t\t\t\t<\/span>\n\t\t\t\t\t<\/a>\n\t\t\t\t<\/div>\n\t\t\t\t\t\t\t\t<\/div>\n\t\t\t\t<\/div>\n\t\t\t\t<div class=\"elementor-element elementor-element-9805072 elementor-align-justify elementor-widget elementor-widget-button\" data-id=\"9805072\" data-element_type=\"widget\" data-e-type=\"widget\" data-widget_type=\"button.default\">\n\t\t\t\t<div class=\"elementor-widget-container\">\n\t\t\t\t\t\t\t\t\t<div class=\"elementor-button-wrapper\">\n\t\t\t\t\t<a class=\"elementor-button elementor-button-link elementor-size-sm\" href=\"https:\/\/www.scielo.org\/\">\n\t\t\t\t\t\t<span class=\"elementor-button-content-wrapper\">\n\t\t\t\t\t\t\t\t\t<span class=\"elementor-button-text\">SCIELO<\/span>\n\t\t\t\t\t<\/span>\n\t\t\t\t\t<\/a>\n\t\t\t\t<\/div>\n\t\t\t\t\t\t\t\t<\/div>\n\t\t\t\t<\/div>\n\t\t\t\t<div class=\"elementor-element elementor-element-568a099 elementor-align-justify elementor-widget elementor-widget-button\" data-id=\"568a099\" data-element_type=\"widget\" data-e-type=\"widget\" data-widget_type=\"button.default\">\n\t\t\t\t<div class=\"elementor-widget-container\">\n\t\t\t\t\t\t\t\t\t<div class=\"elementor-button-wrapper\">\n\t\t\t\t\t<a class=\"elementor-button elementor-button-link elementor-size-sm\" href=\"http:\/\/www.scopus.com\/home.url\">\n\t\t\t\t\t\t<span class=\"elementor-button-content-wrapper\">\n\t\t\t\t\t\t\t\t\t<span class=\"elementor-button-text\">SCIELO<\/span>\n\t\t\t\t\t<\/span>\n\t\t\t\t\t<\/a>\n\t\t\t\t<\/div>\n\t\t\t\t\t\t\t\t<\/div>\n\t\t\t\t<\/div>\n\t\t\t\t<\/div>\n\t\t\t\t\t<\/div>\n\t\t\t\t<\/div>\n\t\t<div class=\"elementor-element elementor-element-8709d39 e-flex e-con-boxed e-con e-parent\" data-id=\"8709d39\" data-element_type=\"container\" data-e-type=\"container\">\n\t\t\t\t\t<div class=\"e-con-inner\">\n\t\t\t\t\t<\/div>\n\t\t\t\t<\/div>\n\t\t\t\t<\/div>\n\t\t","protected":false},"excerpt":{"rendered":"<p>EDI\u00c7\u00c3O Ci\u00eancias Humanas, v.1, n.1 Publica\u00e7\u00e3o cont\u00ednua Janeiro\/Abril de 2006 Publica\u00e7\u00e3o do Museu Paraense Em\u00edlio Goeldi ISSN: 2178-2547 CARTA DO EDITOR PREF\u00c1CIO INTRODU\u00c7\u00c3O ARTIGOS Subordinate clauses in Karaj\u00e1 Ora\u00e7\u00f5es subordinadas em Karaj\u00e1 Eduardo Rivail Ribeiro VERS\u00c3O INTEGRAL Relativiza\u00e7\u00e3o na l\u00edngua Sakurabiat (Mekens) Relative clauses in Sakurabiat (Mekens) Ana Vilacy Galucio VERS\u00c3O INTEGRAL Relativiza\u00e7\u00e3o em Xipaya [&hellip;]<\/p>\n","protected":false},"author":2,"featured_media":0,"parent":0,"menu_order":0,"comment_status":"closed","ping_status":"closed","template":"","meta":{"footnotes":""},"class_list":["post-1196","page","type-page","status-publish","hentry"],"meta_box":[],"_links":{"self":[{"href":"https:\/\/boletimch.museu-goeldi.br\/index.php?rest_route=\/wp\/v2\/pages\/1196","targetHints":{"allow":["GET"]}}],"collection":[{"href":"https:\/\/boletimch.museu-goeldi.br\/index.php?rest_route=\/wp\/v2\/pages"}],"about":[{"href":"https:\/\/boletimch.museu-goeldi.br\/index.php?rest_route=\/wp\/v2\/types\/page"}],"author":[{"embeddable":true,"href":"https:\/\/boletimch.museu-goeldi.br\/index.php?rest_route=\/wp\/v2\/users\/2"}],"replies":[{"embeddable":true,"href":"https:\/\/boletimch.museu-goeldi.br\/index.php?rest_route=%2Fwp%2Fv2%2Fcomments&post=1196"}],"version-history":[{"count":55,"href":"https:\/\/boletimch.museu-goeldi.br\/index.php?rest_route=\/wp\/v2\/pages\/1196\/revisions"}],"predecessor-version":[{"id":5153,"href":"https:\/\/boletimch.museu-goeldi.br\/index.php?rest_route=\/wp\/v2\/pages\/1196\/revisions\/5153"}],"wp:attachment":[{"href":"https:\/\/boletimch.museu-goeldi.br\/index.php?rest_route=%2Fwp%2Fv2%2Fmedia&parent=1196"}],"curies":[{"name":"wp","href":"https:\/\/api.w.org\/{rel}","templated":true}]}}