{"id":132,"date":"2025-02-10T15:02:00","date_gmt":"2025-02-10T18:02:00","guid":{"rendered":"https:\/\/boletimch.museu-goeldi.br\/?page_id=132"},"modified":"2025-07-29T11:44:39","modified_gmt":"2025-07-29T14:44:39","slug":"historico","status":"publish","type":"page","link":"https:\/\/boletimch.museu-goeldi.br\/?page_id=132","title":{"rendered":"HIST\u00d3RICO"},"content":{"rendered":"\t\t<div data-elementor-type=\"wp-page\" data-elementor-id=\"132\" class=\"elementor elementor-132\" data-elementor-post-type=\"page\">\n\t\t\t\t<div class=\"elementor-element elementor-element-4e53843 e-flex e-con-boxed e-con e-parent\" data-id=\"4e53843\" data-element_type=\"container\" data-e-type=\"container\">\n\t\t\t\t\t<div class=\"e-con-inner\">\n\t\t<div class=\"elementor-element elementor-element-1711b88 e-con-full e-flex e-con e-child\" data-id=\"1711b88\" data-element_type=\"container\" data-e-type=\"container\">\n\t\t<div class=\"elementor-element elementor-element-2537c8e e-con-full e-flex e-con e-child\" data-id=\"2537c8e\" data-element_type=\"container\" data-e-type=\"container\">\n\t\t\t\t<div class=\"elementor-element elementor-element-1dcd846 elementor-widget__width-initial elementor-widget elementor-widget-text-editor\" data-id=\"1dcd846\" data-element_type=\"widget\" data-e-type=\"widget\" data-widget_type=\"text-editor.default\">\n\t\t\t\t<div class=\"elementor-widget-container\">\n\t\t\t\t\t\t\t\t\t<h3>Sobre o Boletim<\/h3><hr \/><p>O Boletim do Museu Paraense Em\u00edlio Goeldi \u00e9 um dos peri\u00f3dicos cient\u00edficos mais antigos do Brasil. Criado por Em\u00edlio Goeldi sob o nome original de Boletim do Museu Paraense de Hist\u00f3ria Natural e Ethnographia, sua primeira edi\u00e7\u00e3o data de 1894. Atualmente, \u00e9 publicado tr\u00eas vezes ao ano, em duas vers\u00f5es, Ci\u00eancias Naturais e Ci\u00eancias Humanas.<\/p><p>O Boletim do Museu Paraense Em\u00edlio Goeldi. Ci\u00eancias Naturais (ISSN 2317-6237) possui, como principal miss\u00e3o, publicar trabalhos originais nas \u00e1reas de Biologia (Zoologia, Bot\u00e2nica, Biogeografia, Ecologia, Taxonomia, Anatomia, Biodiversidade, Vegeta\u00e7\u00e3o, Conserva\u00e7\u00e3o da Natureza) e Geologia.<\/p><p>Esta \u00e9 uma revista de acesso aberto, o que significa que todo o conte\u00fado est\u00e1 dispon\u00edvel gratuitamente, sem custo para o usu\u00e1rio ou institui\u00e7\u00e3o. Tamb\u00e9m n\u00e3o s\u00e3o cobradas taxas para submiss\u00e3o de manuscritos ou para a publica\u00e7\u00e3o.<\/p><p>A revista utiliza o sistema do LOCKSS e CLOCKSS para o Arquivamento.<\/p>\t\t\t\t\t\t\t\t<\/div>\n\t\t\t\t<\/div>\n\t\t\t\t<\/div>\n\t\t\t\t<\/div>\n\t\t<div class=\"elementor-element elementor-element-f350715 e-con-full e-flex e-con e-child\" data-id=\"f350715\" data-element_type=\"container\" data-e-type=\"container\">\n\t\t<div class=\"elementor-element elementor-element-6f344e1 e-con-full e-flex e-con e-child\" data-id=\"6f344e1\" data-element_type=\"container\" data-e-type=\"container\">\n\t\t\t\t<\/div>\n\t\t\t\t<\/div>\n\t\t\t\t\t<\/div>\n\t\t\t\t<\/div>\n\t\t\t\t<\/div>\n\t\t","protected":false},"excerpt":{"rendered":"<p>Sobre o Boletim O Boletim do Museu Paraense Em\u00edlio Goeldi \u00e9 um dos peri\u00f3dicos cient\u00edficos mais antigos do Brasil. Criado por Em\u00edlio Goeldi sob o nome original de Boletim do Museu Paraense de Hist\u00f3ria Natural e Ethnographia, sua primeira edi\u00e7\u00e3o data de 1894. Atualmente, \u00e9 publicado tr\u00eas vezes ao ano, em duas vers\u00f5es, Ci\u00eancias Naturais [&hellip;]<\/p>\n","protected":false},"author":2,"featured_media":0,"parent":0,"menu_order":0,"comment_status":"closed","ping_status":"closed","template":"","meta":{"footnotes":""},"class_list":["post-132","page","type-page","status-publish","hentry"],"meta_box":[],"_links":{"self":[{"href":"https:\/\/boletimch.museu-goeldi.br\/index.php?rest_route=\/wp\/v2\/pages\/132","targetHints":{"allow":["GET"]}}],"collection":[{"href":"https:\/\/boletimch.museu-goeldi.br\/index.php?rest_route=\/wp\/v2\/pages"}],"about":[{"href":"https:\/\/boletimch.museu-goeldi.br\/index.php?rest_route=\/wp\/v2\/types\/page"}],"author":[{"embeddable":true,"href":"https:\/\/boletimch.museu-goeldi.br\/index.php?rest_route=\/wp\/v2\/users\/2"}],"replies":[{"embeddable":true,"href":"https:\/\/boletimch.museu-goeldi.br\/index.php?rest_route=%2Fwp%2Fv2%2Fcomments&post=132"}],"version-history":[{"count":22,"href":"https:\/\/boletimch.museu-goeldi.br\/index.php?rest_route=\/wp\/v2\/pages\/132\/revisions"}],"predecessor-version":[{"id":4512,"href":"https:\/\/boletimch.museu-goeldi.br\/index.php?rest_route=\/wp\/v2\/pages\/132\/revisions\/4512"}],"wp:attachment":[{"href":"https:\/\/boletimch.museu-goeldi.br\/index.php?rest_route=%2Fwp%2Fv2%2Fmedia&parent=132"}],"curies":[{"name":"wp","href":"https:\/\/api.w.org\/{rel}","templated":true}]}}