{"id":134,"date":"2025-02-10T15:02:39","date_gmt":"2025-02-10T18:02:39","guid":{"rendered":"https:\/\/boletimch.museu-goeldi.br\/?page_id=134"},"modified":"2025-12-01T16:23:50","modified_gmt":"2025-12-01T19:23:50","slug":"corpo-editoral","status":"publish","type":"page","link":"https:\/\/boletimch.museu-goeldi.br\/?page_id=134","title":{"rendered":"CORPO EDITORIAL"},"content":{"rendered":"\t\t<div data-elementor-type=\"wp-page\" data-elementor-id=\"134\" class=\"elementor elementor-134\" data-elementor-post-type=\"page\">\n\t\t\t\t<div class=\"elementor-element elementor-element-278febf e-flex e-con-boxed e-con e-parent\" data-id=\"278febf\" data-element_type=\"container\" data-e-type=\"container\">\n\t\t\t\t\t<div class=\"e-con-inner\">\n\t\t\t\t<div class=\"elementor-element elementor-element-8e0d93d elementor-widget elementor-widget-heading\" data-id=\"8e0d93d\" data-element_type=\"widget\" data-e-type=\"widget\" data-widget_type=\"heading.default\">\n\t\t\t\t<div class=\"elementor-widget-container\">\n\t\t\t\t\t<h2 class=\"elementor-heading-title elementor-size-default\">EDITORA CIENT\u00cdFICA<\/h2>\t\t\t\t<\/div>\n\t\t\t\t<\/div>\n\t\t\t\t\t<\/div>\n\t\t\t\t<\/div>\n\t\t<div class=\"elementor-element elementor-element-7736617 e-flex e-con-boxed e-con e-parent\" data-id=\"7736617\" data-element_type=\"container\" data-e-type=\"container\">\n\t\t\t\t\t<div class=\"e-con-inner\">\n\t\t\t\t<div class=\"elementor-element elementor-element-0b49a85 elementor-widget elementor-widget-text-editor\" data-id=\"0b49a85\" data-element_type=\"widget\" data-e-type=\"widget\" data-widget_type=\"text-editor.default\">\n\t\t\t\t<div class=\"elementor-widget-container\">\n\t\t\t\t\t\t\t\t\t<p><strong>Respons\u00e1vel pela execu\u00e7\u00e3o da pol\u00edtica editorial e pelo conte\u00fado cient\u00edfico do peri\u00f3dico.<\/strong><\/p>\t\t\t\t\t\t\t\t<\/div>\n\t\t\t\t<\/div>\n\t\t\t\t<div class=\"elementor-element elementor-element-5be949a elementor-widget elementor-widget-text-editor\" data-id=\"5be949a\" data-element_type=\"widget\" data-e-type=\"widget\" data-widget_type=\"text-editor.default\">\n\t\t\t\t<div class=\"elementor-widget-container\">\n\t\t\t\t\t\t\t\t\t<p>Jimena Felipe Beltr\u00e3o<\/p>\t\t\t\t\t\t\t\t<\/div>\n\t\t\t\t<\/div>\n\t\t\t\t<div class=\"elementor-element elementor-element-23b3280 elementor-button-info elementor-align-left elementor-widget elementor-widget-button\" data-id=\"23b3280\" data-element_type=\"widget\" data-e-type=\"widget\" data-widget_type=\"button.default\">\n\t\t\t\t<div class=\"elementor-widget-container\">\n\t\t\t\t\t\t\t\t\t<div class=\"elementor-button-wrapper\">\n\t\t\t\t\t<a class=\"elementor-button elementor-button-link elementor-size-sm\" href=\"https:\/\/buscatextual.cnpq.br\/buscatextual\/visualizacv.do\" target=\"_blank\">\n\t\t\t\t\t\t<span class=\"elementor-button-content-wrapper\">\n\t\t\t\t\t\t\t\t\t<span class=\"elementor-button-text\">Curr\u00edculo Lattes<\/span>\n\t\t\t\t\t<\/span>\n\t\t\t\t\t<\/a>\n\t\t\t\t<\/div>\n\t\t\t\t\t\t\t\t<\/div>\n\t\t\t\t<\/div>\n\t\t\t\t<div class=\"elementor-element elementor-element-302db5e elementor-widget elementor-widget-spacer\" data-id=\"302db5e\" data-element_type=\"widget\" data-e-type=\"widget\" data-widget_type=\"spacer.default\">\n\t\t\t\t<div class=\"elementor-widget-container\">\n\t\t\t\t\t\t\t<div class=\"elementor-spacer\">\n\t\t\t<div class=\"elementor-spacer-inner\"><\/div>\n\t\t<\/div>\n\t\t\t\t\t\t<\/div>\n\t\t\t\t<\/div>\n\t\t\t\t\t<\/div>\n\t\t\t\t<\/div>\n\t\t<div class=\"elementor-element elementor-element-483270b e-flex e-con-boxed e-con e-parent\" data-id=\"483270b\" data-element_type=\"container\" data-e-type=\"container\">\n\t\t\t\t\t<div class=\"e-con-inner\">\n\t\t\t\t<div class=\"elementor-element elementor-element-32ef455 elementor-widget elementor-widget-heading\" data-id=\"32ef455\" data-element_type=\"widget\" data-e-type=\"widget\" data-widget_type=\"heading.default\">\n\t\t\t\t<div class=\"elementor-widget-container\">\n\t\t\t\t\t<h2 class=\"elementor-heading-title elementor-size-default\">EDITORES ASSOCIADOS<\/h2>\t\t\t\t<\/div>\n\t\t\t\t<\/div>\n\t\t\t\t<div class=\"elementor-element elementor-element-a6d9ed0 elementor-widget elementor-widget-text-editor\" data-id=\"a6d9ed0\" data-element_type=\"widget\" data-e-type=\"widget\" data-widget_type=\"text-editor.default\">\n\t\t\t\t<div class=\"elementor-widget-container\">\n\t\t\t\t\t\t\t\t\t<p><strong>Pesquisadores que auxiliam em quest\u00f5es ligadas ao conte\u00fado editorial nas \u00e1reas de sua especialidade; emitem pareceres, sugerem temas a serem abordados pela revista, mas n\u00e3o se envolvem com aspectos operacionais<\/strong><\/p>\t\t\t\t\t\t\t\t<\/div>\n\t\t\t\t<\/div>\n\t\t\t\t<div class=\"elementor-element elementor-element-ad18b26 elementor-widget elementor-widget-text-editor\" data-id=\"ad18b26\" data-element_type=\"widget\" data-e-type=\"widget\" data-widget_type=\"text-editor.default\">\n\t\t\t\t<div class=\"elementor-widget-container\">\n\t\t\t\t\t\t\t\t\t<p><a href=\"http:\/\/lattes.cnpq.br\/8980060909198546\">Adam Singerman &#8211; Universidade de Chicago &#8211; Lingu\u00edstica<\/a><br \/><a href=\"http:\/\/lattes.cnpq.br\/3697197245602067\">Ana Vilacy Gal\u00facio &#8211; Museu Paraense Em\u00edlio Goeldi &#8211; Lingu\u00edstica<\/a><br \/><a href=\"https:\/\/research.flw.ugent.be\/en\/bernat.bardagil\">Bernat Bardagil &#8211; Universiteit Gent &#8211; Lingu\u00edstica<\/a><br \/><a href=\"http:\/\/www.univ-paris3.fr\/thierion-brigitte-255398.kjsp\">Brigitte Thierion &#8211; Universit\u00e9 Sorbonne Nouvelle &#8211; Paris 3 &#8211; Antropologia<\/a><br \/><a href=\"http:\/\/lattes.cnpq.br\/5655397771707702\">Claudia Leonor L\u00f3pez &#8211; Museu Paraense Em\u00edlio Goeldi &#8211; Antropologia<\/a><br \/><a href=\"http:\/\/buscatextual.cnpq.br\/buscatextual\/visualizacv.do?id=K4787062D4\">Cristiana Barreto &#8211; Museu de Arqueologia e Etnologia &#8211; Arqueologia<\/a><br \/><a href=\"http:\/\/lattes.cnpq.br\/2939083597845572\">Deborah Bronz &#8211; Universidade Federal Fluminense &#8211; Antropologia<\/a><br \/><a href=\"http:\/\/lattes.cnpq.br\/6664797682348479\">Guilherme Mongel\u00f3 &#8211; Universidade de S\u00e3o Paulo &#8211; Arqueologia<\/a><br \/><a href=\"http:\/\/lattes.cnpq.br\/8723849507527234\">Hein van der Voort &#8211; Museu Paraense Em\u00edlio Goeldi &#8211; Lingu\u00edstica<\/a><br \/><a href=\"http:\/\/lattes.cnpq.br\/0923343651601939\">Jorge Eremites de Oliveira &#8211; Universidade Federal de Pelotas &#8211; Antropologia<\/a><br \/><a href=\"http:\/\/lattes.cnpq.br\/7382846732688563\">Laure Emperaire &#8211; Institut de recherche pour le d\u00e9veloppement &#8211; Etnobot\u00e2nica<\/a><br \/><a href=\"http:\/\/lattes.cnpq.br\/2078126182520381\">L\u00facia Hussak van Velthem &#8211; Museu Paraense Em\u00edlio Goeldi &#8211; Antropologia<\/a><br \/><a href=\"http:\/\/lattes.cnpq.br\/9096024504515280\">M\u00e1rcio Couto &#8211; Universidade Federal do Par\u00e1 &#8211; Hist\u00f3ria<\/a><br \/><a href=\"http:\/\/lattes.cnpq.br\/1362575549351097\">Mar\u00edlia Xavier Cury &#8211; Universidade de S\u00e3o Paulo &#8211; Museologia<\/a><br \/><a href=\"http:\/\/lattes.cnpq.br\/5172186892222995\">M\u00e1rlia Coelho Ferreira &#8211; Museu Paraense Em\u00edlio Goeldi &#8211; Etnobot\u00e2nica<\/a><br \/><a href=\"https:\/\/inrap.academia.edu\/MartijnvandenBel\">Martijn van den Bel &#8211; Institut National de Recherches Arch\u00e9ologiques Pr\u00e9ventives &#8211; Arqueologia<\/a><br \/><a href=\"http:\/\/lattes.cnpq.br\/9162739347305661\">Pedro Gl\u00e9cio Costa Lima &#8211; Museu Paraense Em\u00edlio Goeldi &#8211; Etnobot\u00e2nica<\/a><br \/><a href=\"http:\/\/lattes.cnpq.br\/0627069259285805\">Priscila Faulhaber Barbosa &#8211; Museu de Astronomia e Ci\u00eancias Afins &#8211; Antropologia<\/a><br \/><a href=\"https:\/\/independent.academia.edu\/ROSANIFERNANDES1\">Rosani Kamury Kaingang (Rosani de F. Fernandes) &#8211; Universidade Federal de Pelotas &#8211; Antropologia<\/a><br \/><a href=\"https:\/\/pesquisar.unb.br\/professor\/walkiria-neiva-praca\">Walkiria Neiva Pra\u00e7a &#8211; Universidade de Bras\u00edlia &#8211; Lingu\u00edstica<\/a><\/p>\t\t\t\t\t\t\t\t<\/div>\n\t\t\t\t<\/div>\n\t\t\t\t\t<\/div>\n\t\t\t\t<\/div>\n\t\t<div class=\"elementor-element elementor-element-9d9c781 e-flex e-con-boxed e-con e-parent\" data-id=\"9d9c781\" data-element_type=\"container\" data-e-type=\"container\">\n\t\t\t\t\t<div class=\"e-con-inner\">\n\t\t\t\t<div class=\"elementor-element elementor-element-36e32fb elementor-widget elementor-widget-spacer\" data-id=\"36e32fb\" data-element_type=\"widget\" data-e-type=\"widget\" data-widget_type=\"spacer.default\">\n\t\t\t\t<div class=\"elementor-widget-container\">\n\t\t\t\t\t\t\t<div class=\"elementor-spacer\">\n\t\t\t<div class=\"elementor-spacer-inner\"><\/div>\n\t\t<\/div>\n\t\t\t\t\t\t<\/div>\n\t\t\t\t<\/div>\n\t\t\t\t<div class=\"elementor-element elementor-element-7d99952 elementor-widget elementor-widget-heading\" data-id=\"7d99952\" data-element_type=\"widget\" data-e-type=\"widget\" data-widget_type=\"heading.default\">\n\t\t\t\t<div class=\"elementor-widget-container\">\n\t\t\t\t\t<h2 class=\"elementor-heading-title elementor-size-default\">CONSELHO CIENT\u00cdFICO<\/h2>\t\t\t\t<\/div>\n\t\t\t\t<\/div>\n\t\t\t\t\t<\/div>\n\t\t\t\t<\/div>\n\t\t<div class=\"elementor-element elementor-element-bf215aa e-flex e-con-boxed e-con e-parent\" data-id=\"bf215aa\" data-element_type=\"container\" data-e-type=\"container\">\n\t\t\t\t\t<div class=\"e-con-inner\">\n\t\t\t\t<div class=\"elementor-element elementor-element-462b928 elementor-widget elementor-widget-text-editor\" data-id=\"462b928\" data-element_type=\"widget\" data-e-type=\"widget\" data-widget_type=\"text-editor.default\">\n\t\t\t\t<div class=\"elementor-widget-container\">\n\t\t\t\t\t\t\t\t\t<p><strong>Colegiado de especialistas distribu\u00eddos pelas diversas \u00e1reas das Ci\u00eancias Humanas, escolhidos pelo Editor Cient\u00edfico e pelo presidente do Conselho Editorial do Museu Paraense Em\u00edlio Goeldi (MPEG). Pode emitir pareceres, sugerir temas e avaliar criticamente a revista.<\/strong><\/p>\t\t\t\t\t\t\t\t<\/div>\n\t\t\t\t<\/div>\n\t\t\t\t<div class=\"elementor-element elementor-element-db46b43 elementor-widget elementor-widget-text-editor\" data-id=\"db46b43\" data-element_type=\"widget\" data-e-type=\"widget\" data-widget_type=\"text-editor.default\">\n\t\t\t\t<div class=\"elementor-widget-container\">\n\t\t\t\t\t\t\t\t\t<p>\u00c2ngela Domingues &#8211; Instituto de Investiga\u00e7\u00e3o Cient\u00edfica Tropical &#8211; Lisboa &#8211; Portugal<br \/>Bruna Franchetto &#8211; Museu Nacional &#8211; Universidade Federal do Rio de Janeiro &#8211; Rio de Janeiro &#8211; Brasil<br \/>Eduardo Brondizio &#8211; Indiana University &#8211; Bloomington &#8211; USA<br \/>Eduardo G\u00f3es Neves &#8211; Museu de Arqueologia e Etnologia &#8211; Universidade de S\u00e3o Paulo &#8211; S\u00e3o Paulo &#8211; Brasil<br \/>Gustavo Politis &#8211; Universidad Nacional del Centro de la Provincia de Buenos Aires &#8211; Tandil &#8211; Argentina<br \/>Janet Marion Chernela &#8211; University of Maryland &#8211; Maryland &#8211; USA <br \/>Klaus Zimmermann &#8211; Universidade de Bremen &#8211; Bremen &#8211; Alemanha<br \/>Marcos Chor Maio &#8211; Casa de Oswaldo Cruz &#8211; FIOCRUZ &#8211; Rio de Janeiro &#8211; Brasil<br \/>Maria Filomena Spatti S\u00e2ndalo &#8211; Universidade Estadual de Campinas &#8211; Campinas &#8211; Brasil<br \/>Michael J. Heckenberger &#8211; University of Florida &#8211; Gainesville &#8211; USA<br \/>Michael Kraus &#8211; Universidade de G\u00f6ttingen &#8211; G\u00f6ttingen &#8211; Alemanha<br \/>Neil Safier &#8211; The John Carter Brown Library &#8211; Providence &#8211; USA<br \/>Rui S\u00e9rgio S. Murrieta &#8211; Universidade de S\u00e3o Paulo &#8211; S\u00e3o Paulo &#8211; Brasil<br \/>T\u00e2nia Andrade Lima &#8211; Museu Nacional &#8211; Universidade Federal do Rio de Janeiro &#8211; Rio de Janeiro &#8211; Brasil<br \/>Walter Neves &#8211; Universidade de S\u00e3o Paulo &#8211; S\u00e3o Paulo &#8211; Brasil<br \/>William Bal\u00e9e &#8211; Tulane University &#8211; Louisiana &#8211; USA<\/p>\t\t\t\t\t\t\t\t<\/div>\n\t\t\t\t<\/div>\n\t\t\t\t<div class=\"elementor-element elementor-element-93c19f9 elementor-widget elementor-widget-spacer\" data-id=\"93c19f9\" data-element_type=\"widget\" data-e-type=\"widget\" data-widget_type=\"spacer.default\">\n\t\t\t\t<div class=\"elementor-widget-container\">\n\t\t\t\t\t\t\t<div class=\"elementor-spacer\">\n\t\t\t<div class=\"elementor-spacer-inner\"><\/div>\n\t\t<\/div>\n\t\t\t\t\t\t<\/div>\n\t\t\t\t<\/div>\n\t\t\t\t\t<\/div>\n\t\t\t\t<\/div>\n\t\t<div class=\"elementor-element elementor-element-871fcb6 e-flex e-con-boxed e-con e-parent\" data-id=\"871fcb6\" data-element_type=\"container\" data-e-type=\"container\">\n\t\t\t\t\t<div class=\"e-con-inner\">\n\t\t\t\t<div class=\"elementor-element elementor-element-4aaedb0 elementor-widget elementor-widget-heading\" data-id=\"4aaedb0\" data-element_type=\"widget\" data-e-type=\"widget\" data-widget_type=\"heading.default\">\n\t\t\t\t<div class=\"elementor-widget-container\">\n\t\t\t\t\t<h2 class=\"elementor-heading-title elementor-size-default\">EQUIPE<\/h2>\t\t\t\t<\/div>\n\t\t\t\t<\/div>\n\t\t\t\t<div class=\"elementor-element elementor-element-82e7851 elementor-widget elementor-widget-text-editor\" data-id=\"82e7851\" data-element_type=\"widget\" data-e-type=\"widget\" data-widget_type=\"text-editor.default\">\n\t\t\t\t<div class=\"elementor-widget-container\">\n\t\t\t\t\t\t\t\t\t<p><strong>Responde pela produ\u00e7\u00e3o, editora\u00e7\u00e3o e divulga\u00e7\u00e3o da revista.<\/strong><\/p>\t\t\t\t\t\t\t\t<\/div>\n\t\t\t\t<\/div>\n\t\t\t\t<div class=\"elementor-element elementor-element-b97d5ba elementor-widget elementor-widget-text-editor\" data-id=\"b97d5ba\" data-element_type=\"widget\" data-e-type=\"widget\" data-widget_type=\"text-editor.default\">\n\t\t\t\t<div class=\"elementor-widget-container\">\n\t\t\t\t\t\t\t\t\t<p><strong>Assistentes editoriais <\/strong>\u2013 Rafaele Lima, Talita do Vale e Arlene Borges Lopes.<br \/><em>(respons\u00e1veis pelos aspectos n\u00e3o cient\u00edficos, apoiando a editora cient\u00edfica na produ\u00e7\u00e3o e edi\u00e7\u00e3o do peri\u00f3dico).<\/em><\/p>\t\t\t\t\t\t\t\t<\/div>\n\t\t\t\t<\/div>\n\t\t\t\t<div class=\"elementor-element elementor-element-deb19ba elementor-widget elementor-widget-text-editor\" data-id=\"deb19ba\" data-element_type=\"widget\" data-e-type=\"widget\" data-widget_type=\"text-editor.default\">\n\t\t\t\t<div class=\"elementor-widget-container\">\n\t\t\t\t\t\t\t\t\t<p><strong>Divulga\u00e7\u00e3o <\/strong>\u2013 Fernanda Menezes<\/p>\t\t\t\t\t\t\t\t<\/div>\n\t\t\t\t<\/div>\n\t\t\t\t<div class=\"elementor-element elementor-element-dbe4db1 elementor-widget elementor-widget-text-editor\" data-id=\"dbe4db1\" data-element_type=\"widget\" data-e-type=\"widget\" data-widget_type=\"text-editor.default\">\n\t\t\t\t<div class=\"elementor-widget-container\">\n\t\t\t\t\t\t\t\t\t<p><strong>Estagi\u00e1ria <\/strong>\u2013 Diana Gomes Lopes<\/p>\t\t\t\t\t\t\t\t<\/div>\n\t\t\t\t<\/div>\n\t\t\t\t<div class=\"elementor-element elementor-element-c722666 elementor-widget elementor-widget-spacer\" data-id=\"c722666\" data-element_type=\"widget\" data-e-type=\"widget\" data-widget_type=\"spacer.default\">\n\t\t\t\t<div class=\"elementor-widget-container\">\n\t\t\t\t\t\t\t<div class=\"elementor-spacer\">\n\t\t\t<div class=\"elementor-spacer-inner\"><\/div>\n\t\t<\/div>\n\t\t\t\t\t\t<\/div>\n\t\t\t\t<\/div>\n\t\t\t\t\t<\/div>\n\t\t\t\t<\/div>\n\t\t<div class=\"elementor-element elementor-element-c3669a2 e-flex e-con-boxed e-con e-parent\" data-id=\"c3669a2\" data-element_type=\"container\" data-e-type=\"container\">\n\t\t\t\t\t<div class=\"e-con-inner\">\n\t\t\t\t\t<\/div>\n\t\t\t\t<\/div>\n\t\t\t\t<\/div>\n\t\t","protected":false},"excerpt":{"rendered":"<p>EDITORA CIENT\u00cdFICA Respons\u00e1vel pela execu\u00e7\u00e3o da pol\u00edtica editorial e pelo conte\u00fado cient\u00edfico do peri\u00f3dico. Jimena Felipe Beltr\u00e3o Curr\u00edculo Lattes EDITORES ASSOCIADOS Pesquisadores que auxiliam em quest\u00f5es ligadas ao conte\u00fado editorial nas \u00e1reas de sua especialidade; emitem pareceres, sugerem temas a serem abordados pela revista, mas n\u00e3o se envolvem com aspectos operacionais Adam Singerman &#8211; Universidade [&hellip;]<\/p>\n","protected":false},"author":2,"featured_media":0,"parent":0,"menu_order":0,"comment_status":"closed","ping_status":"closed","template":"","meta":{"footnotes":""},"class_list":["post-134","page","type-page","status-publish","hentry"],"meta_box":[],"_links":{"self":[{"href":"https:\/\/boletimch.museu-goeldi.br\/index.php?rest_route=\/wp\/v2\/pages\/134","targetHints":{"allow":["GET"]}}],"collection":[{"href":"https:\/\/boletimch.museu-goeldi.br\/index.php?rest_route=\/wp\/v2\/pages"}],"about":[{"href":"https:\/\/boletimch.museu-goeldi.br\/index.php?rest_route=\/wp\/v2\/types\/page"}],"author":[{"embeddable":true,"href":"https:\/\/boletimch.museu-goeldi.br\/index.php?rest_route=\/wp\/v2\/users\/2"}],"replies":[{"embeddable":true,"href":"https:\/\/boletimch.museu-goeldi.br\/index.php?rest_route=%2Fwp%2Fv2%2Fcomments&post=134"}],"version-history":[{"count":47,"href":"https:\/\/boletimch.museu-goeldi.br\/index.php?rest_route=\/wp\/v2\/pages\/134\/revisions"}],"predecessor-version":[{"id":4818,"href":"https:\/\/boletimch.museu-goeldi.br\/index.php?rest_route=\/wp\/v2\/pages\/134\/revisions\/4818"}],"wp:attachment":[{"href":"https:\/\/boletimch.museu-goeldi.br\/index.php?rest_route=%2Fwp%2Fv2%2Fmedia&parent=134"}],"curies":[{"name":"wp","href":"https:\/\/api.w.org\/{rel}","templated":true}]}}