{"id":142,"date":"2025-02-10T15:05:34","date_gmt":"2025-02-10T18:05:34","guid":{"rendered":"https:\/\/boletimch.museu-goeldi.br\/?page_id=142"},"modified":"2026-02-18T15:09:25","modified_gmt":"2026-02-18T18:09:25","slug":"introducoes-aos-autores","status":"publish","type":"page","link":"https:\/\/boletimch.museu-goeldi.br\/?page_id=142","title":{"rendered":"INSTRU\u00c7\u00d5ES AOS AUTORES"},"content":{"rendered":"\t\t<div data-elementor-type=\"wp-page\" data-elementor-id=\"142\" class=\"elementor elementor-142\" data-elementor-post-type=\"page\">\n\t\t\t\t<div class=\"elementor-element elementor-element-2c364cc e-flex e-con-boxed e-con e-parent\" data-id=\"2c364cc\" data-element_type=\"container\">\n\t\t\t\t\t<div class=\"e-con-inner\">\n\t\t<div class=\"elementor-element elementor-element-74f9d6a e-con-full e-flex e-con e-child\" data-id=\"74f9d6a\" data-element_type=\"container\">\n\t\t\t\t<div class=\"elementor-element elementor-element-396df96 elementor-widget elementor-widget-heading\" data-id=\"396df96\" data-element_type=\"widget\" data-widget_type=\"heading.default\">\n\t\t\t\t<div class=\"elementor-widget-container\">\n\t\t\t\t\t<h2 class=\"elementor-heading-title elementor-size-default\">GUIA<\/h2>\t\t\t\t<\/div>\n\t\t\t\t<\/div>\n\t\t\t\t<div class=\"elementor-element elementor-element-506e24d elementor-widget elementor-widget-text-editor\" data-id=\"506e24d\" data-element_type=\"widget\" data-widget_type=\"text-editor.default\">\n\t\t\t\t<div class=\"elementor-widget-container\">\n\t\t\t\t\t\t\t\t\t<p>O Guia de processamento editorial em peri\u00f3dico cient\u00edfico &#8211; A experi\u00eancia do Boletim do Museu Paraense Em\u00edlio Goeldi. Ci\u00eancias Humanas no uso da plataforma ScholarOne.<\/p>\t\t\t\t\t\t\t\t<\/div>\n\t\t\t\t<\/div>\n\t\t\t\t<div class=\"elementor-element elementor-element-388a4d6 elementor-widget elementor-widget-button\" data-id=\"388a4d6\" data-element_type=\"widget\" data-widget_type=\"button.default\">\n\t\t\t\t<div class=\"elementor-widget-container\">\n\t\t\t\t\t\t\t\t\t<div class=\"elementor-button-wrapper\">\n\t\t\t\t\t<a class=\"elementor-button elementor-button-link elementor-size-sm\" href=\"https:\/\/boletimch.museu-goeldi.br\/wp-content\/uploads\/2025\/02\/Guia.pdf\" target=\"_blank\">\n\t\t\t\t\t\t<span class=\"elementor-button-content-wrapper\">\n\t\t\t\t\t\t\t\t\t<span class=\"elementor-button-text\">Acesse aqui (PDF) - Portugu\u00eas<\/span>\n\t\t\t\t\t<\/span>\n\t\t\t\t\t<\/a>\n\t\t\t\t<\/div>\n\t\t\t\t\t\t\t\t<\/div>\n\t\t\t\t<\/div>\n\t\t\t\t<div class=\"elementor-element elementor-element-aa61d20 elementor-widget elementor-widget-button\" data-id=\"aa61d20\" data-element_type=\"widget\" data-widget_type=\"button.default\">\n\t\t\t\t<div class=\"elementor-widget-container\">\n\t\t\t\t\t\t\t\t\t<div class=\"elementor-button-wrapper\">\n\t\t\t\t\t<a class=\"elementor-button elementor-button-link elementor-size-sm\" href=\"https:\/\/boletimch.museu-goeldi.br\/wp-content\/uploads\/2025\/02\/Guia_Eng.pdf\" target=\"_blank\">\n\t\t\t\t\t\t<span class=\"elementor-button-content-wrapper\">\n\t\t\t\t\t\t\t\t\t<span class=\"elementor-button-text\">Acesse aqui (PDF) - Ingl\u00eas<\/span>\n\t\t\t\t\t<\/span>\n\t\t\t\t\t<\/a>\n\t\t\t\t<\/div>\n\t\t\t\t\t\t\t\t<\/div>\n\t\t\t\t<\/div>\n\t\t\t\t<div class=\"elementor-element elementor-element-00e8926 elementor-widget elementor-widget-spacer\" data-id=\"00e8926\" data-element_type=\"widget\" data-widget_type=\"spacer.default\">\n\t\t\t\t<div class=\"elementor-widget-container\">\n\t\t\t\t\t\t\t<div class=\"elementor-spacer\">\n\t\t\t<div class=\"elementor-spacer-inner\"><\/div>\n\t\t<\/div>\n\t\t\t\t\t\t<\/div>\n\t\t\t\t<\/div>\n\t\t\t\t<div class=\"elementor-element elementor-element-4cde628 elementor-widget elementor-widget-heading\" data-id=\"4cde628\" data-element_type=\"widget\" data-widget_type=\"heading.default\">\n\t\t\t\t<div class=\"elementor-widget-container\">\n\t\t\t\t\t<h2 class=\"elementor-heading-title elementor-size-default\">INSTRU\u00c7\u00c3O AOS AUTORES<\/h2>\t\t\t\t<\/div>\n\t\t\t\t<\/div>\n\t\t\t\t<div class=\"elementor-element elementor-element-36f8649 elementor-widget elementor-widget-button\" data-id=\"36f8649\" data-element_type=\"widget\" data-widget_type=\"button.default\">\n\t\t\t\t<div class=\"elementor-widget-container\">\n\t\t\t\t\t\t\t\t\t<div class=\"elementor-button-wrapper\">\n\t\t\t\t\t<a class=\"elementor-button elementor-button-link elementor-size-sm\" href=\"https:\/\/www.scielo.br\/journal\/bgoeldi\/about\/#instructions\" target=\"_blank\">\n\t\t\t\t\t\t<span class=\"elementor-button-content-wrapper\">\n\t\t\t\t\t\t\t\t\t<span class=\"elementor-button-text\">Acesse aqui (site SCIELO)<\/span>\n\t\t\t\t\t<\/span>\n\t\t\t\t\t<\/a>\n\t\t\t\t<\/div>\n\t\t\t\t\t\t\t\t<\/div>\n\t\t\t\t<\/div>\n\t\t\t\t<div class=\"elementor-element elementor-element-152f0d2 elementor-widget elementor-widget-text-editor\" data-id=\"152f0d2\" data-element_type=\"widget\" data-widget_type=\"text-editor.default\">\n\t\t\t\t<div class=\"elementor-widget-container\">\n\t\t\t\t\t\t\t\t\t<p>O Boletim do Museu Paraense Em\u00edlio Goeldi. Ci\u00eancias Humanas aceita colabora\u00e7\u00f5es em portugu\u00eas, espanhol, ingl\u00eas e franc\u00eas para as seguintes se\u00e7\u00f5es:<\/p><p><strong>Artigos Cient\u00edficos<\/strong> \u2013 textos anal\u00edticos originais, resultantes de pesquisas com contribui\u00e7\u00e3o efetiva para o avan\u00e7o do conhecimento. De 15 at\u00e9 30 laudas.<\/p><p><strong>Artigos de Revis\u00e3o<\/strong> \u2013 textos anal\u00edticos ou ensa\u00edsticos originais, com revis\u00e3o bibliogr\u00e1fica ou te\u00f3rica de determinado assunto ou tema. De 15 at\u00e9 30 laudas.<\/p><p><strong>Notas de Pesquisa<\/strong> \u2013 relato preliminar mais curto que um artigo, sobre observa\u00e7\u00f5es de campo, dificuldades e progressos de pesquisa em andamento, enfatizando hip\u00f3teses, comentando fontes, resultados parciais, m\u00e9todos e t\u00e9cnicas utilizados. At\u00e9 15 laudas.<\/p><p><strong>Mem\u00f3ria<\/strong> \u2013 se\u00e7\u00e3o que se destina \u00e0 divulga\u00e7\u00e3o de acervos ou seus componentes que tenham relev\u00e2ncia para a pesquisa cient\u00edfica; de documentos transcritos parcial ou integralmente, acompanhados de texto introdut\u00f3rio; e de ensaios biogr\u00e1ficos, incluindo obitu\u00e1rio ou mem\u00f3rias pessoais. At\u00e9 20 laudas.<\/p><p><strong>Debate<\/strong> \u2013 ensaios cr\u00edticos sobre temas da atualidade. At\u00e9 15 laudas.<\/p><p><strong>Resenhas Bibliogr\u00e1ficas<\/strong> \u2013 texto descritivo e\/ou cr\u00edtico de obras publicadas na forma impressa ou eletr\u00f4nica. At\u00e9 cinco laudas.<\/p><p><strong>Teses e Disserta\u00e7\u00f5es<\/strong> \u2013 descri\u00e7\u00e3o sucinta, sem bibliografia, de disserta\u00e7\u00f5es de mestrado, teses de doutorado e livre-doc\u00eancia. Uma lauda. O Boletim do Museu Paraense Em\u00edlio Goeldi. Ci\u00eancias Humanas publica resumos de teses e disserta\u00e7\u00f5es, mas n\u00e3o publica cap\u00edtulos de teses ou de disserta\u00e7\u00f5es. Entendida a necessidade e o interesse acad\u00eamico na divulga\u00e7\u00e3o de resultados oriundos da forma\u00e7\u00e3o em n\u00edvel de p\u00f3s-gradua\u00e7\u00e3o, recomenda-se, para esses casos, a produ\u00e7\u00e3o de artigo cient\u00edfico com texto distinto do original, dando \u00eanfase ao que se destaca na pesquisa da tese ou disserta\u00e7\u00e3o e com uso de cita\u00e7\u00e3o direta, onde adequado. Essa orienta\u00e7\u00e3o contempla monografias em geral, bem como trabalhos de conclus\u00e3o de curso de gradua\u00e7\u00e3o. A revista n\u00e3o aceita resumos expandidos, textos na forma de relat\u00f3rio e nem trabalhos previamente publicados em qualquer meio de acesso p\u00fablico.<\/p><p style=\"font-weight: 400;\"><strong>Entrevista<\/strong>\u00a0&#8211; entrevistas com pesquisadores, pensadores ou agentes culturais cujas trajet\u00f3rias e reflex\u00f5es contribuam de forma relevante para o campo das Ci\u00eancias Humanas. As entrevistas devem abordar temas atuais ou hist\u00f3ricos com profundidade cr\u00edtica, promovendo o interc\u00e2mbio de ideias e experi\u00eancias. At\u00e9 5 laudas.<\/p><p style=\"font-weight: 400;\"><strong>Ensaio Fotogr\u00e1fico<\/strong> &#8211; produ\u00e7\u00f5es visuais que dialoguem com temas, pr\u00e1ticas e problem\u00e1ticas das Ci\u00eancias Humanas. Os ensaios devem apresentar uma proposta est\u00e9tica e conceitual coerente, acompanhados de um texto introdut\u00f3rio que contextualize as imagens e sua relev\u00e2ncia para o debate acad\u00eamico ou sociocultural.<\/p>\t\t\t\t\t\t\t\t<\/div>\n\t\t\t\t<\/div>\n\t\t\t\t<div class=\"elementor-element elementor-element-cc0e4f1 elementor-widget elementor-widget-button\" data-id=\"cc0e4f1\" data-element_type=\"widget\" data-widget_type=\"button.default\">\n\t\t\t\t<div class=\"elementor-widget-container\">\n\t\t\t\t\t\t\t\t\t<div class=\"elementor-button-wrapper\">\n\t\t\t\t\t<a class=\"elementor-button elementor-button-link elementor-size-sm\" href=\"https:\/\/boletimch.museu-goeldi.br\/wp-content\/uploads\/2025\/07\/politica_editorial_POR_2025.pdf\" target=\"_blank\">\n\t\t\t\t\t\t<span class=\"elementor-button-content-wrapper\">\n\t\t\t\t\t\t\t\t\t<span class=\"elementor-button-text\">Acesse aqui (PDF) - Portugu\u00eas<\/span>\n\t\t\t\t\t<\/span>\n\t\t\t\t\t<\/a>\n\t\t\t\t<\/div>\n\t\t\t\t\t\t\t\t<\/div>\n\t\t\t\t<\/div>\n\t\t\t\t<div class=\"elementor-element elementor-element-62f2d94 elementor-widget elementor-widget-button\" data-id=\"62f2d94\" data-element_type=\"widget\" data-widget_type=\"button.default\">\n\t\t\t\t<div class=\"elementor-widget-container\">\n\t\t\t\t\t\t\t\t\t<div class=\"elementor-button-wrapper\">\n\t\t\t\t\t<a class=\"elementor-button elementor-button-link elementor-size-sm\" href=\"https:\/\/boletimch.museu-goeldi.br\/wp-content\/uploads\/2025\/07\/politica_editorial_ENG_2025.pdf\" target=\"_blank\">\n\t\t\t\t\t\t<span class=\"elementor-button-content-wrapper\">\n\t\t\t\t\t\t\t\t\t<span class=\"elementor-button-text\">Acesse aqui (PDF) - Ingl\u00eas<\/span>\n\t\t\t\t\t<\/span>\n\t\t\t\t\t<\/a>\n\t\t\t\t<\/div>\n\t\t\t\t\t\t\t\t<\/div>\n\t\t\t\t<\/div>\n\t\t\t\t<div class=\"elementor-element elementor-element-3b1c0f1 elementor-widget elementor-widget-button\" data-id=\"3b1c0f1\" data-element_type=\"widget\" data-widget_type=\"button.default\">\n\t\t\t\t<div class=\"elementor-widget-container\">\n\t\t\t\t\t\t\t\t\t<div class=\"elementor-button-wrapper\">\n\t\t\t\t\t<a class=\"elementor-button elementor-button-link elementor-size-sm\" href=\"https:\/\/boletimch.museu-goeldi.br\/wp-content\/uploads\/2025\/07\/politica_editorial_ESP_2025.pdf\" target=\"_blank\">\n\t\t\t\t\t\t<span class=\"elementor-button-content-wrapper\">\n\t\t\t\t\t\t\t\t\t<span class=\"elementor-button-text\">Acesse aqui (PDF) - Espanhol<\/span>\n\t\t\t\t\t<\/span>\n\t\t\t\t\t<\/a>\n\t\t\t\t<\/div>\n\t\t\t\t\t\t\t\t<\/div>\n\t\t\t\t<\/div>\n\t\t\t\t<\/div>\n\t\t<div class=\"elementor-element elementor-element-88fb87a e-con-full e-flex e-con e-child\" data-id=\"88fb87a\" data-element_type=\"container\">\n\t\t<div class=\"elementor-element elementor-element-7c01d94 e-con-full e-flex e-con e-child\" data-id=\"7c01d94\" data-element_type=\"container\">\n\t\t<div class=\"elementor-element elementor-element-4021eee e-con-full e-flex e-con e-child\" data-id=\"4021eee\" data-element_type=\"container\">\n\t\t\t\t<div class=\"elementor-element elementor-element-7ccf283 elementor-align-justify elementor-widget elementor-widget-button\" data-id=\"7ccf283\" data-element_type=\"widget\" data-widget_type=\"button.default\">\n\t\t\t\t<div class=\"elementor-widget-container\">\n\t\t\t\t\t\t\t\t\t<div class=\"elementor-button-wrapper\">\n\t\t\t\t\t<a class=\"elementor-button elementor-button-link elementor-size-sm\" href=\"https:\/\/mc04.manuscriptcentral.com\/bgoeldi-scielo\">\n\t\t\t\t\t\t<span class=\"elementor-button-content-wrapper\">\n\t\t\t\t\t\t\t\t\t<span class=\"elementor-button-text\">INICIAR SUBMISS\u00c3O<\/span>\n\t\t\t\t\t<\/span>\n\t\t\t\t\t<\/a>\n\t\t\t\t<\/div>\n\t\t\t\t\t\t\t\t<\/div>\n\t\t\t\t<\/div>\n\t\t\t\t<div class=\"elementor-element elementor-element-87a60b7 elementor-align-justify elementor-widget elementor-widget-button\" data-id=\"87a60b7\" data-element_type=\"widget\" data-widget_type=\"button.default\">\n\t\t\t\t<div class=\"elementor-widget-container\">\n\t\t\t\t\t\t\t\t\t<div class=\"elementor-button-wrapper\">\n\t\t\t\t\t<a class=\"elementor-button elementor-button-link elementor-size-sm\" href=\"https:\/\/boletimch.museu-goeldi.br\/?page_id=142\">\n\t\t\t\t\t\t<span class=\"elementor-button-content-wrapper\">\n\t\t\t\t\t\t\t\t\t<span class=\"elementor-button-text\">INTRU\u00c7\u00d5ES AOS AUTORES<\/span>\n\t\t\t\t\t<\/span>\n\t\t\t\t\t<\/a>\n\t\t\t\t<\/div>\n\t\t\t\t\t\t\t\t<\/div>\n\t\t\t\t<\/div>\n\t\t\t\t<div class=\"elementor-element elementor-element-7a759f0 elementor-align-justify elementor-widget elementor-widget-button\" data-id=\"7a759f0\" data-element_type=\"widget\" data-widget_type=\"button.default\">\n\t\t\t\t<div class=\"elementor-widget-container\">\n\t\t\t\t\t\t\t\t\t<div class=\"elementor-button-wrapper\">\n\t\t\t\t\t<a class=\"elementor-button elementor-button-link elementor-size-sm\" href=\"https:\/\/www.scimagojr.com\/journalsearch.php?q=19900193545&#038;tip=sid&#038;clean=0\">\n\t\t\t\t\t\t<span class=\"elementor-button-content-wrapper\">\n\t\t\t\t\t\t\t\t\t<span class=\"elementor-button-text\">FATOR DE IMPACTO<\/span>\n\t\t\t\t\t<\/span>\n\t\t\t\t\t<\/a>\n\t\t\t\t<\/div>\n\t\t\t\t\t\t\t\t<\/div>\n\t\t\t\t<\/div>\n\t\t\t\t<div class=\"elementor-element elementor-element-3ccd6b8 elementor-align-justify elementor-widget elementor-widget-button\" data-id=\"3ccd6b8\" data-element_type=\"widget\" data-widget_type=\"button.default\">\n\t\t\t\t<div class=\"elementor-widget-container\">\n\t\t\t\t\t\t\t\t\t<div class=\"elementor-button-wrapper\">\n\t\t\t\t\t<a class=\"elementor-button elementor-button-link elementor-size-sm\" href=\"https:\/\/www.scielo.org\/\">\n\t\t\t\t\t\t<span class=\"elementor-button-content-wrapper\">\n\t\t\t\t\t\t\t\t\t<span class=\"elementor-button-text\">SCIELO<\/span>\n\t\t\t\t\t<\/span>\n\t\t\t\t\t<\/a>\n\t\t\t\t<\/div>\n\t\t\t\t\t\t\t\t<\/div>\n\t\t\t\t<\/div>\n\t\t\t\t<\/div>\n\t\t\t\t<\/div>\n\t\t\t\t<\/div>\n\t\t\t\t\t<\/div>\n\t\t\t\t<\/div>\n\t\t<div class=\"elementor-element elementor-element-42f2f10 e-flex e-con-boxed e-con e-parent\" data-id=\"42f2f10\" data-element_type=\"container\">\n\t\t\t\t\t<div class=\"e-con-inner\">\n\t\t\t\t<div class=\"elementor-element elementor-element-618aca3 elementor-widget elementor-widget-spacer\" data-id=\"618aca3\" data-element_type=\"widget\" data-widget_type=\"spacer.default\">\n\t\t\t\t<div class=\"elementor-widget-container\">\n\t\t\t\t\t\t\t<div class=\"elementor-spacer\">\n\t\t\t<div class=\"elementor-spacer-inner\"><\/div>\n\t\t<\/div>\n\t\t\t\t\t\t<\/div>\n\t\t\t\t<\/div>\n\t\t\t\t\t<\/div>\n\t\t\t\t<\/div>\n\t\t<div class=\"elementor-element elementor-element-5fa57cc e-flex e-con-boxed e-con e-parent\" data-id=\"5fa57cc\" data-element_type=\"container\">\n\t\t\t\t\t<div class=\"e-con-inner\">\n\t\t<div class=\"elementor-element elementor-element-5147257 e-con-full e-flex e-con e-child\" data-id=\"5147257\" data-element_type=\"container\">\n\t\t\t\t<div class=\"elementor-element elementor-element-50374cb elementor-widget elementor-widget-heading\" data-id=\"50374cb\" data-element_type=\"widget\" data-widget_type=\"heading.default\">\n\t\t\t\t<div class=\"elementor-widget-container\">\n\t\t\t\t\t<h3 class=\"elementor-heading-title elementor-size-default\">LINKS<\/h3>\t\t\t\t<\/div>\n\t\t\t\t<\/div>\n\t\t\t\t<\/div>\n\t\t<div class=\"elementor-element elementor-element-5e825cb e-grid e-con-full e-con e-child\" data-id=\"5e825cb\" data-element_type=\"container\">\n\t\t\t\t<div class=\"elementor-element elementor-element-53ea28b elementor-align-justify elementor-widget elementor-widget-button\" data-id=\"53ea28b\" data-element_type=\"widget\" data-widget_type=\"button.default\">\n\t\t\t\t<div class=\"elementor-widget-container\">\n\t\t\t\t\t\t\t\t\t<div class=\"elementor-button-wrapper\">\n\t\t\t\t\t<a class=\"elementor-button elementor-button-link elementor-size-sm\" href=\"https:\/\/www.abecbrasil.org.br\/\">\n\t\t\t\t\t\t<span class=\"elementor-button-content-wrapper\">\n\t\t\t\t\t\t\t\t\t<span class=\"elementor-button-text\">ABEC<\/span>\n\t\t\t\t\t<\/span>\n\t\t\t\t\t<\/a>\n\t\t\t\t<\/div>\n\t\t\t\t\t\t\t\t<\/div>\n\t\t\t\t<\/div>\n\t\t\t\t<div class=\"elementor-element elementor-element-72dbd4f elementor-align-justify elementor-widget elementor-widget-button\" data-id=\"72dbd4f\" data-element_type=\"widget\" data-widget_type=\"button.default\">\n\t\t\t\t<div class=\"elementor-widget-container\">\n\t\t\t\t\t\t\t\t\t<div class=\"elementor-button-wrapper\">\n\t\t\t\t\t<a class=\"elementor-button elementor-button-link elementor-size-sm\" href=\"https:\/\/apastyle.apa.org\/\">\n\t\t\t\t\t\t<span class=\"elementor-button-content-wrapper\">\n\t\t\t\t\t\t\t\t\t<span class=\"elementor-button-text\">APA<\/span>\n\t\t\t\t\t<\/span>\n\t\t\t\t\t<\/a>\n\t\t\t\t<\/div>\n\t\t\t\t\t\t\t\t<\/div>\n\t\t\t\t<\/div>\n\t\t\t\t<div class=\"elementor-element elementor-element-eaad7f9 elementor-align-justify elementor-widget elementor-widget-button\" data-id=\"eaad7f9\" data-element_type=\"widget\" data-widget_type=\"button.default\">\n\t\t\t\t<div class=\"elementor-widget-container\">\n\t\t\t\t\t\t\t\t\t<div class=\"elementor-button-wrapper\">\n\t\t\t\t\t<a class=\"elementor-button elementor-button-link elementor-size-sm\" href=\"http:\/\/hemerotecadigital.bn.br\/\">\n\t\t\t\t\t\t<span class=\"elementor-button-content-wrapper\">\n\t\t\t\t\t\t\t\t\t<span class=\"elementor-button-text\">Hemeroteca Digital Brasileira<\/span>\n\t\t\t\t\t<\/span>\n\t\t\t\t\t<\/a>\n\t\t\t\t<\/div>\n\t\t\t\t\t\t\t\t<\/div>\n\t\t\t\t<\/div>\n\t\t\t\t<div class=\"elementor-element elementor-element-633927f elementor-align-justify elementor-widget elementor-widget-button\" data-id=\"633927f\" data-element_type=\"widget\" data-widget_type=\"button.default\">\n\t\t\t\t<div class=\"elementor-widget-container\">\n\t\t\t\t\t\t\t\t\t<div class=\"elementor-button-wrapper\">\n\t\t\t\t\t<a class=\"elementor-button elementor-button-link elementor-size-sm\" href=\"http:\/\/qualis.capes.gov.br\/webqualis\/principal.seam\">\n\t\t\t\t\t\t<span class=\"elementor-button-content-wrapper\">\n\t\t\t\t\t\t\t\t\t<span class=\"elementor-button-text\">CAPES - WebQualis<\/span>\n\t\t\t\t\t<\/span>\n\t\t\t\t\t<\/a>\n\t\t\t\t<\/div>\n\t\t\t\t\t\t\t\t<\/div>\n\t\t\t\t<\/div>\n\t\t\t\t<div class=\"elementor-element elementor-element-2744875 elementor-align-justify elementor-widget elementor-widget-button\" data-id=\"2744875\" data-element_type=\"widget\" data-widget_type=\"button.default\">\n\t\t\t\t<div class=\"elementor-widget-container\">\n\t\t\t\t\t\t\t\t\t<div class=\"elementor-button-wrapper\">\n\t\t\t\t\t<a class=\"elementor-button elementor-button-link elementor-size-sm\" href=\"http:\/\/memoria.cnpq.br\/normas\/lei_po_085_11.htm#etica\">\n\t\t\t\t\t\t<span class=\"elementor-button-content-wrapper\">\n\t\t\t\t\t\t\t\t\t<span class=\"elementor-button-text\">CNPq<\/span>\n\t\t\t\t\t<\/span>\n\t\t\t\t\t<\/a>\n\t\t\t\t<\/div>\n\t\t\t\t\t\t\t\t<\/div>\n\t\t\t\t<\/div>\n\t\t\t\t<div class=\"elementor-element elementor-element-4284ae0 elementor-align-justify elementor-widget elementor-widget-button\" data-id=\"4284ae0\" data-element_type=\"widget\" data-widget_type=\"button.default\">\n\t\t\t\t<div class=\"elementor-widget-container\">\n\t\t\t\t\t\t\t\t\t<div class=\"elementor-button-wrapper\">\n\t\t\t\t\t<a class=\"elementor-button elementor-button-link elementor-size-sm\" href=\"http:\/\/publicationethics.org\/files\/Ethical_guidelines_for_peer_reviewers_0.pdf\">\n\t\t\t\t\t\t<span class=\"elementor-button-content-wrapper\">\n\t\t\t\t\t\t\t\t\t<span class=\"elementor-button-text\">Committee on Publication Ethics<\/span>\n\t\t\t\t\t<\/span>\n\t\t\t\t\t<\/a>\n\t\t\t\t<\/div>\n\t\t\t\t\t\t\t\t<\/div>\n\t\t\t\t<\/div>\n\t\t\t\t<\/div>\n\t\t<div class=\"elementor-element elementor-element-f51fd12 e-grid e-con-full e-con e-child\" data-id=\"f51fd12\" data-element_type=\"container\">\n\t\t\t\t<div class=\"elementor-element elementor-element-50884fc elementor-align-justify elementor-widget elementor-widget-button\" data-id=\"50884fc\" data-element_type=\"widget\" data-widget_type=\"button.default\">\n\t\t\t\t<div class=\"elementor-widget-container\">\n\t\t\t\t\t\t\t\t\t<div class=\"elementor-button-wrapper\">\n\t\t\t\t\t<a class=\"elementor-button elementor-button-link elementor-size-sm\" href=\"http:\/\/dejavu-fonts.org\/wiki\/Main_Page\">\n\t\t\t\t\t\t<span class=\"elementor-button-content-wrapper\">\n\t\t\t\t\t\t\t\t\t<span class=\"elementor-button-text\">DejaVu Fonts<\/span>\n\t\t\t\t\t<\/span>\n\t\t\t\t\t<\/a>\n\t\t\t\t<\/div>\n\t\t\t\t\t\t\t\t<\/div>\n\t\t\t\t<\/div>\n\t\t\t\t<div class=\"elementor-element elementor-element-830d684 elementor-align-justify elementor-widget elementor-widget-button\" data-id=\"830d684\" data-element_type=\"widget\" data-widget_type=\"button.default\">\n\t\t\t\t<div class=\"elementor-widget-container\">\n\t\t\t\t\t\t\t\t\t<div class=\"elementor-button-wrapper\">\n\t\t\t\t\t<a class=\"elementor-button elementor-button-link elementor-size-sm\" href=\"http:\/\/www.icmje.org\/\">\n\t\t\t\t\t\t<span class=\"elementor-button-content-wrapper\">\n\t\t\t\t\t\t\t\t\t<span class=\"elementor-button-text\">International Committee of  Medical Journal Editors<\/span>\n\t\t\t\t\t<\/span>\n\t\t\t\t\t<\/a>\n\t\t\t\t<\/div>\n\t\t\t\t\t\t\t\t<\/div>\n\t\t\t\t<\/div>\n\t\t\t\t<div class=\"elementor-element elementor-element-fef8345 elementor-align-justify elementor-widget elementor-widget-button\" data-id=\"fef8345\" data-element_type=\"widget\" data-widget_type=\"button.default\">\n\t\t\t\t<div class=\"elementor-widget-container\">\n\t\t\t\t\t\t\t\t\t<div class=\"elementor-button-wrapper\">\n\t\t\t\t\t<a class=\"elementor-button elementor-button-link elementor-size-sm\" href=\"http:\/\/www.periodicos.capes.gov.br\/\">\n\t\t\t\t\t\t<span class=\"elementor-button-content-wrapper\">\n\t\t\t\t\t\t\t\t\t<span class=\"elementor-button-text\">Portal de Peri\u00f3dicos<\/span>\n\t\t\t\t\t<\/span>\n\t\t\t\t\t<\/a>\n\t\t\t\t<\/div>\n\t\t\t\t\t\t\t\t<\/div>\n\t\t\t\t<\/div>\n\t\t\t\t<div class=\"elementor-element elementor-element-2a530ea elementor-align-justify elementor-widget elementor-widget-button\" data-id=\"2a530ea\" data-element_type=\"widget\" data-widget_type=\"button.default\">\n\t\t\t\t<div class=\"elementor-widget-container\">\n\t\t\t\t\t\t\t\t\t<div class=\"elementor-button-wrapper\">\n\t\t\t\t\t<a class=\"elementor-button elementor-button-link elementor-size-sm\" href=\"http:\/\/retractionwatch.wordpress.com\/\">\n\t\t\t\t\t\t<span class=\"elementor-button-content-wrapper\">\n\t\t\t\t\t\t\t\t\t<span class=\"elementor-button-text\">Retraction Watch<\/span>\n\t\t\t\t\t<\/span>\n\t\t\t\t\t<\/a>\n\t\t\t\t<\/div>\n\t\t\t\t\t\t\t\t<\/div>\n\t\t\t\t<\/div>\n\t\t\t\t<div class=\"elementor-element elementor-element-194d0d9 elementor-align-justify elementor-widget elementor-widget-button\" data-id=\"194d0d9\" data-element_type=\"widget\" data-widget_type=\"button.default\">\n\t\t\t\t<div class=\"elementor-widget-container\">\n\t\t\t\t\t\t\t\t\t<div class=\"elementor-button-wrapper\">\n\t\t\t\t\t<a class=\"elementor-button elementor-button-link elementor-size-sm\" href=\"https:\/\/www.scielo.org\/\">\n\t\t\t\t\t\t<span class=\"elementor-button-content-wrapper\">\n\t\t\t\t\t\t\t\t\t<span class=\"elementor-button-text\">SCIELO<\/span>\n\t\t\t\t\t<\/span>\n\t\t\t\t\t<\/a>\n\t\t\t\t<\/div>\n\t\t\t\t\t\t\t\t<\/div>\n\t\t\t\t<\/div>\n\t\t\t\t<div class=\"elementor-element elementor-element-a9e7253 elementor-align-justify elementor-widget elementor-widget-button\" data-id=\"a9e7253\" data-element_type=\"widget\" data-widget_type=\"button.default\">\n\t\t\t\t<div class=\"elementor-widget-container\">\n\t\t\t\t\t\t\t\t\t<div class=\"elementor-button-wrapper\">\n\t\t\t\t\t<a class=\"elementor-button elementor-button-link elementor-size-sm\" href=\"http:\/\/www.scopus.com\/home.url\">\n\t\t\t\t\t\t<span class=\"elementor-button-content-wrapper\">\n\t\t\t\t\t\t\t\t\t<span class=\"elementor-button-text\">Scopus Elsevier<\/span>\n\t\t\t\t\t<\/span>\n\t\t\t\t\t<\/a>\n\t\t\t\t<\/div>\n\t\t\t\t\t\t\t\t<\/div>\n\t\t\t\t<\/div>\n\t\t\t\t<\/div>\n\t\t\t\t\t<\/div>\n\t\t\t\t<\/div>\n\t\t<div class=\"elementor-element elementor-element-337acc2 e-flex e-con-boxed e-con e-parent\" data-id=\"337acc2\" data-element_type=\"container\">\n\t\t\t\t\t<div class=\"e-con-inner\">\n\t\t\t\t<div class=\"elementor-element elementor-element-0d18b75 elementor-widget elementor-widget-spacer\" data-id=\"0d18b75\" data-element_type=\"widget\" data-widget_type=\"spacer.default\">\n\t\t\t\t<div class=\"elementor-widget-container\">\n\t\t\t\t\t\t\t<div class=\"elementor-spacer\">\n\t\t\t<div class=\"elementor-spacer-inner\"><\/div>\n\t\t<\/div>\n\t\t\t\t\t\t<\/div>\n\t\t\t\t<\/div>\n\t\t\t\t\t<\/div>\n\t\t\t\t<\/div>\n\t\t\t\t<\/div>\n\t\t","protected":false},"excerpt":{"rendered":"<p>GUIA O Guia de processamento editorial em peri\u00f3dico cient\u00edfico &#8211; A experi\u00eancia do Boletim do Museu Paraense Em\u00edlio Goeldi. Ci\u00eancias Humanas no uso da plataforma ScholarOne. Acesse aqui (PDF) &#8211; Portugu\u00eas Acesse aqui (PDF) &#8211; Ingl\u00eas INSTRU\u00c7\u00c3O AOS AUTORES Acesse aqui (site SCIELO) O Boletim do Museu Paraense Em\u00edlio Goeldi. Ci\u00eancias Humanas aceita colabora\u00e7\u00f5es em [&hellip;]<\/p>\n","protected":false},"author":2,"featured_media":0,"parent":0,"menu_order":0,"comment_status":"closed","ping_status":"closed","template":"","meta":{"footnotes":""},"class_list":["post-142","page","type-page","status-publish","hentry"],"meta_box":[],"_links":{"self":[{"href":"https:\/\/boletimch.museu-goeldi.br\/index.php?rest_route=\/wp\/v2\/pages\/142","targetHints":{"allow":["GET"]}}],"collection":[{"href":"https:\/\/boletimch.museu-goeldi.br\/index.php?rest_route=\/wp\/v2\/pages"}],"about":[{"href":"https:\/\/boletimch.museu-goeldi.br\/index.php?rest_route=\/wp\/v2\/types\/page"}],"author":[{"embeddable":true,"href":"https:\/\/boletimch.museu-goeldi.br\/index.php?rest_route=\/wp\/v2\/users\/2"}],"replies":[{"embeddable":true,"href":"https:\/\/boletimch.museu-goeldi.br\/index.php?rest_route=%2Fwp%2Fv2%2Fcomments&post=142"}],"version-history":[{"count":77,"href":"https:\/\/boletimch.museu-goeldi.br\/index.php?rest_route=\/wp\/v2\/pages\/142\/revisions"}],"predecessor-version":[{"id":4886,"href":"https:\/\/boletimch.museu-goeldi.br\/index.php?rest_route=\/wp\/v2\/pages\/142\/revisions\/4886"}],"wp:attachment":[{"href":"https:\/\/boletimch.museu-goeldi.br\/index.php?rest_route=%2Fwp%2Fv2%2Fmedia&parent=142"}],"curies":[{"name":"wp","href":"https:\/\/api.w.org\/{rel}","templated":true}]}}