{"id":144,"date":"2025-02-10T15:06:01","date_gmt":"2025-02-10T18:06:01","guid":{"rendered":"https:\/\/boletimch.museu-goeldi.br\/?page_id=144"},"modified":"2025-05-16T11:12:18","modified_gmt":"2025-05-16T14:12:18","slug":"secoes","status":"publish","type":"page","link":"https:\/\/boletimch.museu-goeldi.br\/?page_id=144","title":{"rendered":"SE\u00c7\u00d5ES"},"content":{"rendered":"\t\t<div data-elementor-type=\"wp-page\" data-elementor-id=\"144\" class=\"elementor elementor-144\" data-elementor-post-type=\"page\">\n\t\t\t\t<div class=\"elementor-element elementor-element-cbe50d1 e-flex e-con-boxed e-con e-parent\" data-id=\"cbe50d1\" data-element_type=\"container\" data-e-type=\"container\">\n\t\t\t\t\t<div class=\"e-con-inner\">\n\t\t\t\t<div class=\"elementor-element elementor-element-03302a9 elementor-widget elementor-widget-heading\" data-id=\"03302a9\" data-element_type=\"widget\" data-e-type=\"widget\" data-widget_type=\"heading.default\">\n\t\t\t\t<div class=\"elementor-widget-container\">\n\t\t\t\t\t<h2 class=\"elementor-heading-title elementor-size-default\">SE\u00c7\u00d5ES<\/h2>\t\t\t\t<\/div>\n\t\t\t\t<\/div>\n\t\t\t\t<div class=\"elementor-element elementor-element-a5b63eb elementor-widget elementor-widget-text-editor\" data-id=\"a5b63eb\" data-element_type=\"widget\" data-e-type=\"widget\" data-widget_type=\"text-editor.default\">\n\t\t\t\t<div class=\"elementor-widget-container\">\n\t\t\t\t\t\t\t\t\t<p><strong>A revista aceita colabora\u00e7\u00f5es em portugu\u00eas, espanhol, ingl\u00eas e franc\u00eas para as\u00a0<\/strong><strong>seguintes se\u00e7\u00f5es:<\/strong><\/p><p><strong>Artigos Cient\u00edficos<\/strong> \u2013 textos anal\u00edticos originais, resultantes de pesquisas com\u00a0contribui\u00e7\u00e3o efetiva para o avan\u00e7o do conhecimento. De 15 at\u00e9 30 laudas.<\/p><p><strong>Artigos de Revis\u00e3o<\/strong> \u2013 textos anal\u00edticos ou ensa\u00edsticos originais, com revis\u00e3o bibliogr\u00e1fica\u00a0\u00a0ou te\u00f3rica de determinado assunto ou tema. De 15 at\u00e9 30 laudas.<br \/>Notas de Pesquisa \u2013 relato preliminar mais curto que um artigo, sobre observa\u00e7\u00f5es de\u00a0campo, dificuldades e progressos de pesquisa em andamento, enfatizando hip\u00f3teses,\u00a0comentando fontes, resultados parciais, m\u00e9todos e t\u00e9cnicas utilizados. At\u00e9 15 laudas.<\/p><p><strong>Mem\u00f3ria<\/strong> \u2013 se\u00e7\u00e3o que se destina \u00e0 divulga\u00e7\u00e3o de acervos ou seus componentes que\u00a0tenham relev\u00e2ncia para a pesquisa cient\u00edfica; de documentos transcritos parcial ou\u00a0integralmente, acompanhados de texto introdut\u00f3rio; e de ensaios biogr\u00e1ficos,\u00a0incluindo obitu\u00e1rio ou mem\u00f3rias pessoais. At\u00e9 20 laudas.<\/p><p><strong>Debate<\/strong> \u2013 ensaios cr\u00edticos sobre temas da atualidade. At\u00e9 15 laudas.<br \/>Resenhas Bibliogr\u00e1ficas \u2013 texto descritivo e\/ou cr\u00edtico de obras publicadas na forma\u00a0impressa ou eletr\u00f4nica. At\u00e9 cinco laudas.<\/p><p><strong>Teses e Disserta\u00e7\u00f5es<\/strong> \u2013 descri\u00e7\u00e3o sucinta, sem bibliografia, de disserta\u00e7\u00f5es de\u00a0mestrado, teses de doutorado e livredoc\u00eancia. Uma lauda.<\/p><p style=\"font-weight: 400;\"><strong>Entrevista<\/strong>\u00a0&#8211; entrevistas com pesquisadores, pensadores ou agentes culturais cujas trajet\u00f3rias e reflex\u00f5es contribuam de forma relevante para o campo das Ci\u00eancias Humanas. As entrevistas devem abordar temas atuais ou hist\u00f3ricos com profundidade cr\u00edtica, promovendo o interc\u00e2mbio de ideias e experi\u00eancias. At\u00e9 5 laudas.<\/p><p style=\"font-weight: 400;\"><strong>Ensaio Fotogr\u00e1fico<\/strong> &#8211; produ\u00e7\u00f5es visuais que dialoguem com temas, pr\u00e1ticas e problem\u00e1ticas das Ci\u00eancias Humanas. Os ensaios devem apresentar uma proposta est\u00e9tica e conceitual coerente, acompanhados de um texto introdut\u00f3rio que contextualize as imagens e sua relev\u00e2ncia para o debate acad\u00eamico ou sociocultural.<\/p>\t\t\t\t\t\t\t\t<\/div>\n\t\t\t\t<\/div>\n\t\t\t\t\t<\/div>\n\t\t\t\t<\/div>\n\t\t\t\t<\/div>\n\t\t","protected":false},"excerpt":{"rendered":"<p>SE\u00c7\u00d5ES A revista aceita colabora\u00e7\u00f5es em portugu\u00eas, espanhol, ingl\u00eas e franc\u00eas para as\u00a0seguintes se\u00e7\u00f5es: Artigos Cient\u00edficos \u2013 textos anal\u00edticos originais, resultantes de pesquisas com\u00a0contribui\u00e7\u00e3o efetiva para o avan\u00e7o do conhecimento. De 15 at\u00e9 30 laudas. Artigos de Revis\u00e3o \u2013 textos anal\u00edticos ou ensa\u00edsticos originais, com revis\u00e3o bibliogr\u00e1fica\u00a0\u00a0ou te\u00f3rica de determinado assunto ou tema. De 15 [&hellip;]<\/p>\n","protected":false},"author":2,"featured_media":0,"parent":0,"menu_order":0,"comment_status":"closed","ping_status":"closed","template":"","meta":{"footnotes":""},"class_list":["post-144","page","type-page","status-publish","hentry"],"meta_box":[],"_links":{"self":[{"href":"https:\/\/boletimch.museu-goeldi.br\/index.php?rest_route=\/wp\/v2\/pages\/144","targetHints":{"allow":["GET"]}}],"collection":[{"href":"https:\/\/boletimch.museu-goeldi.br\/index.php?rest_route=\/wp\/v2\/pages"}],"about":[{"href":"https:\/\/boletimch.museu-goeldi.br\/index.php?rest_route=\/wp\/v2\/types\/page"}],"author":[{"embeddable":true,"href":"https:\/\/boletimch.museu-goeldi.br\/index.php?rest_route=\/wp\/v2\/users\/2"}],"replies":[{"embeddable":true,"href":"https:\/\/boletimch.museu-goeldi.br\/index.php?rest_route=%2Fwp%2Fv2%2Fcomments&post=144"}],"version-history":[{"count":16,"href":"https:\/\/boletimch.museu-goeldi.br\/index.php?rest_route=\/wp\/v2\/pages\/144\/revisions"}],"predecessor-version":[{"id":4424,"href":"https:\/\/boletimch.museu-goeldi.br\/index.php?rest_route=\/wp\/v2\/pages\/144\/revisions\/4424"}],"wp:attachment":[{"href":"https:\/\/boletimch.museu-goeldi.br\/index.php?rest_route=%2Fwp%2Fv2%2Fmedia&parent=144"}],"curies":[{"name":"wp","href":"https:\/\/api.w.org\/{rel}","templated":true}]}}