{"id":4904,"date":"2026-02-23T10:45:31","date_gmt":"2026-02-23T13:45:31","guid":{"rendered":"https:\/\/boletimch.museu-goeldi.br\/?page_id=4904"},"modified":"2026-04-01T14:54:15","modified_gmt":"2026-04-01T17:54:15","slug":"ciencias-humanas-v-21-n-1","status":"publish","type":"page","link":"https:\/\/boletimch.museu-goeldi.br\/?page_id=4904","title":{"rendered":"Ci\u00eancias Humanas, v.21, n.1"},"content":{"rendered":"\t\t<div data-elementor-type=\"wp-page\" data-elementor-id=\"4904\" class=\"elementor elementor-4904\" data-elementor-post-type=\"page\">\n\t\t\t\t<div class=\"elementor-element elementor-element-ada71f4 elementor-hidden-desktop elementor-hidden-tablet e-flex e-con-boxed e-con e-parent\" data-id=\"ada71f4\" data-element_type=\"container\">\n\t\t\t\t\t<div class=\"e-con-inner\">\n\t\t\t\t<div class=\"elementor-element elementor-element-8f66026 elementor-widget elementor-widget-image\" data-id=\"8f66026\" data-element_type=\"widget\" data-widget_type=\"image.default\">\n\t\t\t\t<div class=\"elementor-widget-container\">\n\t\t\t\t\t\t\t\t\t\t\t\t\t\t\t<img fetchpriority=\"high\" decoding=\"async\" width=\"800\" height=\"953\" src=\"https:\/\/boletimch.museu-goeldi.br\/wp-content\/uploads\/2025\/06\/Capa_v20n2_Prancheta-1-860x1024.jpg\" class=\"attachment-large size-large wp-image-4461\" alt=\"\" srcset=\"https:\/\/boletimch.museu-goeldi.br\/wp-content\/uploads\/2025\/06\/Capa_v20n2_Prancheta-1-860x1024.jpg 860w, https:\/\/boletimch.museu-goeldi.br\/wp-content\/uploads\/2025\/06\/Capa_v20n2_Prancheta-1-252x300.jpg 252w, https:\/\/boletimch.museu-goeldi.br\/wp-content\/uploads\/2025\/06\/Capa_v20n2_Prancheta-1-768x914.jpg 768w, https:\/\/boletimch.museu-goeldi.br\/wp-content\/uploads\/2025\/06\/Capa_v20n2_Prancheta-1.jpg 1250w\" sizes=\"(max-width: 800px) 100vw, 800px\" \/>\t\t\t\t\t\t\t\t\t\t\t\t\t\t\t<\/div>\n\t\t\t\t<\/div>\n\t\t\t\t\t<\/div>\n\t\t\t\t<\/div>\n\t\t<div class=\"elementor-element elementor-element-1e0e8d1 e-flex e-con-boxed e-con e-parent\" data-id=\"1e0e8d1\" data-element_type=\"container\">\n\t\t\t\t\t<div class=\"e-con-inner\">\n\t\t<div class=\"elementor-element elementor-element-aa92396 e-con-full e-flex e-con e-child\" data-id=\"aa92396\" data-element_type=\"container\">\n\t\t\t\t<div class=\"elementor-element elementor-element-20c51f2 elementor-widget elementor-widget-heading\" data-id=\"20c51f2\" data-element_type=\"widget\" data-widget_type=\"heading.default\">\n\t\t\t\t<div class=\"elementor-widget-container\">\n\t\t\t\t\t<h2 class=\"elementor-heading-title elementor-size-default\">EDI\u00c7\u00c3O <\/h2>\t\t\t\t<\/div>\n\t\t\t\t<\/div>\n\t\t\t\t<div class=\"elementor-element elementor-element-181bef3 elementor-widget elementor-widget-heading\" data-id=\"181bef3\" data-element_type=\"widget\" data-widget_type=\"heading.default\">\n\t\t\t\t<div class=\"elementor-widget-container\">\n\t\t\t\t\t<h4 class=\"elementor-heading-title elementor-size-default\">Ci\u00eancias Humanas, v.21, n.1<\/h4>\t\t\t\t<\/div>\n\t\t\t\t<\/div>\n\t\t\t\t<div class=\"elementor-element elementor-element-a174516 elementor-widget elementor-widget-heading\" data-id=\"a174516\" data-element_type=\"widget\" data-widget_type=\"heading.default\">\n\t\t\t\t<div class=\"elementor-widget-container\">\n\t\t\t\t\t<h4 class=\"elementor-heading-title elementor-size-default\">DOWNLOAD DA EDI\u00c7\u00c3O COMPLETA\u200b NO FINAL DE ABRIL<\/h4>\t\t\t\t<\/div>\n\t\t\t\t<\/div>\n\t\t\t\t<div class=\"elementor-element elementor-element-1e31976 elementor-widget elementor-widget-heading\" data-id=\"1e31976\" data-element_type=\"widget\" data-widget_type=\"heading.default\">\n\t\t\t\t<div class=\"elementor-widget-container\">\n\t\t\t\t\t<h4 class=\"elementor-heading-title elementor-size-default\"><br><strong>PUBLICA\u00c7\u00c3O CONT\u00cdNUA<\/strong> | Janeiro\/Abril de 2026\n<br>\n<br>Publica\u00e7\u00e3o quadrimestral do Museu Paraense Em\u00edlio Goeldi\n<br>\n<br>ISSN: 1981-8122<\/h4>\t\t\t\t<\/div>\n\t\t\t\t<\/div>\n\t\t\t\t<div class=\"elementor-element elementor-element-609d43b elementor-widget elementor-widget-html\" data-id=\"609d43b\" data-element_type=\"widget\" data-widget_type=\"html.default\">\n\t\t\t\t<div class=\"elementor-widget-container\">\n\t\t\t\t\t<div class=\"categoria\">ARTIGOS<\/div>\r\n<div class=\"artigo\">\r\n  <div class=\"titulo-pt\">A legitima\u00e7\u00e3o da apropria\u00e7\u00e3o do territ\u00f3rio amaz\u00f4nico em\r\ntr\u00eas momentos hist\u00f3ricos: da coloniza\u00e7\u00e3o \u00e0 bioeconomia<\/div>\r\n  <div class=\"titulo-en\">Legitimation of the appropriation of Amazon territory in\r\nthree historical moments: from colonization to the bioeconomy<\/div>\r\n  <div class=\"autores\">F\u00e1bio Alves<\/div>\r\n  <a class=\"btn-link\" href=\"https:\/\/boletimch.museu-goeldi.br\/wp-content\/uploads\/2026\/03\/legitimacaoalves-1.pdf\" target=\"_blank\">VERS\u00c3O INTEGRAL<\/a>\r\n<\/div>\r\n\r\n<div class=\"artigo\">\r\n  <div class=\"titulo-pt\">Povos ind\u00edgenas isolados ante as pol\u00edticas da extrema direita brasileira no governo (2019-2022)<\/div>\r\n  <div class=\"titulo-en\">Isolated indigenous peoples in the face of Brazil\u2019s far-right government policies (2019-2022)<\/div>\r\n  <div class=\"autores\">Miguel Aparicio | Lu\u00edsa G. Girardi | Helena Palmquist | Fabio Augusto Nogueira Ribeiro | Amanda Villa | Maria Emilia Machado Coelho de Oliveira | Luisa Daccache Suriani | <br> Lilian Bulbarelli Parra | Carolina Ribeiro Santana<\/div>\r\n  <a class=\"btn-link\" href=\"https:\/\/boletimch.museu-goeldi.br\/wp-content\/uploads\/2026\/02\/povosaparicio.pdf\" target=\"_blank\">VERS\u00c3O INTEGRAL<\/a>\r\n \r\n<\/div>\r\n\r\n<div class=\"artigo\">\r\n  <div class=\"titulo-pt\">Um cap\u00edtulo germ\u00e2nico pouco conhecido da arqueologia amaz\u00f4nica:\r\na forma\u00e7\u00e3o e a dispers\u00e3o das cole\u00e7\u00f5es arqueol\u00f3gicas reunidas\r\npor Prot\u00e1sio Frikel no Baixo Amazonas (1939-1957)<\/div>\r\n  <div class=\"titulo-en\">A little known Germanic chapter of Amazonian archaeology: the\r\nformation and dispersion of archaeological collections gathered\r\nby Prot\u00e1sio Frikel in the Lower Amazon (1939-1957)<\/div>\r\n  <div class=\"autores\">Marcony Lopes Alves | Igor Morais Mariano Rodrigues<\/div>\r\n  <a class=\"btn-link\" href=\"https:\/\/boletimch.museu-goeldi.br\/wp-content\/uploads\/2026\/02\/capituloalves.pdf\" target=\"_blank\">VERS\u00c3O INTEGRAL<\/a>\r\n \r\n<\/div>\r\n\r\n<div class=\"artigo\">\r\n  <div class=\"titulo-pt\">Endocranial morphological affinities of the Early Holocene individuals from\r\nLagoa Santa and implications for the peopling of the Americas<\/div>\r\n  <div class=\"titulo-en\">Afinidades morfol\u00f3gicas endocranianas de indiv\u00edduos do Holoceno inicial de\r\nLagoa Santa e suas implica\u00e7\u00f5es para o povoamento das Am\u00e9ricas<\/div>\r\n  <div class=\"autores\">Mar\u00eda Clara L\u00f3pez-Sosa | Hugo Reyes-Centeno | Lumila Paula Men\u00e9ndez | <br>Rodrigo Elias Oliveira | Claudio Campi de Castro | Andr\u00e9 Strauss<\/div>\r\n  <a class=\"btn-link\" href=\"https:\/\/boletimch.museu-goeldi.br\/wp-content\/uploads\/2026\/03\/endocraniallopez-sosa.pdf\" target=\"_blank\">VERS\u00c3O INTEGRAL<\/a>\r\n \r\n<\/div>\r\n\r\n<div class=\"artigo\">\r\n  <div class=\"titulo-pt\">A Cachoeira do Teot\u00f4nio ap\u00f3s a tempestade:\r\npaisagem de pesca dos ind\u00edgenas Caripuna (1868)<\/div>\r\n  <div class=\"titulo-en\">The Teot\u00f4nio Waterfall after the storm:\r\nfishing landscape of the Caripuna Indigenous people (1868)<\/div>\r\n  <div class=\"autores\">Cliverson Pessoa | Angislaine Freitas Costa<\/div>\r\n  <a class=\"btn-link\" href=\"https:\/\/boletimch.museu-goeldi.br\/wp-content\/uploads\/2026\/03\/cachoeirapessoa.pdf\" target=\"_blank\">VERS\u00c3O INTEGRAL<\/a>\r\n \r\n<\/div>\r\n\r\n<div class=\"artigo\">\r\n  <div class=\"titulo-pt\">Valores culturais da natureza: o imagin\u00e1rio amaz\u00f4nico como fonte\r\ninexplorada em pol\u00edticas p\u00fablicas de prote\u00e7\u00e3o ambiental<\/div>\r\n  <div class=\"titulo-en\">Cultural values of nature: the Amazonian imaginary as an untapped\r\nsource in public policies of environmental protection<\/div>\r\n  <div class=\"autores\">Jaqueline Ferreira de Oliveira | Marina Fernandes de Figueiredo Souza Teixeira | <br>Paulo Beltr\u00e3o Rabelo<\/div>\r\n  <a class=\"btn-link\" href=\"https:\/\/boletimch.museu-goeldi.br\/wp-content\/uploads\/2026\/03\/valoresoliveira.pdf\" target=\"_blank\">VERS\u00c3O INTEGRAL<\/a>\r\n \r\n<\/div>\r\n\r\n<div class=\"artigo\">\r\n  <div class=\"titulo-pt\">Odilon Nunes e a composi\u00e7\u00e3o do povo piauiense: silenciamentos ind\u00edgenas e \u2018mamelucos\u2019 em uma narrativa da hist\u00f3ria piauiense<\/div>\r\n  <div class=\"titulo-en\">Odilon Nunes and the composition of the Piau\u00ed people: indigenous and mameluco silencing in a narrative of Piau\u00ed history<\/div>\r\n  <div class=\"autores\">Camila Galan de Paula<\/div>\r\n  <a class=\"btn-link\" href=\"https:\/\/boletimch.museu-goeldi.br\/wp-content\/uploads\/2026\/04\/odilondepaula.pdf\" target=\"_blank\">VERS\u00c3O INTEGRAL<\/a>\r\n \r\n<\/div>\r\n\r\n<div class=\"categoria\">TESES E DISSERTA\u00c7\u00d5ES<\/div>\r\n<div class=\"artigo\">\r\n  <div class=\"titulo-pt\">Por uma literatura afro-pindor\u00e2mica: as narrativas de Itamar Vieira Junior (2012-2021)<\/div>\r\n  <div class=\"titulo-en\">For an afro-pindoramic literature: the narratives of Itamar Vieira Junior (2012-2021)<\/div>\r\n  <div class=\"autores\">Zidelmar Alves Santos<\/div>\r\n  <a class=\"btn-link\" href=\"https:\/\/boletimch.museu-goeldi.br\/wp-content\/uploads\/2026\/03\/literaturasantos.pdf\" target=\"_blank\">VERS\u00c3O INTEGRAL<\/a>\r\n<\/div>\r\n\r\n\r\n\t\t\t\t<\/div>\n\t\t\t\t<\/div>\n\t\t\t\t<\/div>\n\t\t\t\t<div class=\"elementor-element elementor-element-372698e elementor-widget elementor-widget-spacer\" data-id=\"372698e\" data-element_type=\"widget\" data-widget_type=\"spacer.default\">\n\t\t\t\t<div class=\"elementor-widget-container\">\n\t\t\t\t\t\t\t<div class=\"elementor-spacer\">\n\t\t\t<div class=\"elementor-spacer-inner\"><\/div>\n\t\t<\/div>\n\t\t\t\t\t\t<\/div>\n\t\t\t\t<\/div>\n\t\t<div class=\"elementor-element elementor-element-579b9ed e-con-full e-flex e-con e-child\" data-id=\"579b9ed\" data-element_type=\"container\">\n\t\t\t\t<div class=\"elementor-element elementor-element-44d2025 elementor-hidden-mobile elementor-widget elementor-widget-image-gallery\" data-id=\"44d2025\" data-element_type=\"widget\" data-widget_type=\"image-gallery.default\">\n\t\t\t\t<div class=\"elementor-widget-container\">\n\t\t\t\t\t\t\t<div class=\"elementor-image-gallery\">\n\t\t\t<div id='gallery-1' class='gallery galleryid-4904 gallery-columns-1 gallery-size-2048x2048'><figure class='gallery-item'>\n\t\t\t<div class='gallery-icon portrait'>\n\t\t\t\t<a data-elementor-open-lightbox=\"yes\" data-elementor-lightbox-slideshow=\"44d2025\" data-elementor-lightbox-title=\"Capa_v20n3\" data-e-action-hash=\"#elementor-action%3Aaction%3Dlightbox%26settings%3DeyJpZCI6NDQ2MSwidXJsIjoiaHR0cHM6XC9cL2JvbGV0aW1jaC5tdXNldS1nb2VsZGkuYnJcL3dwLWNvbnRlbnRcL3VwbG9hZHNcLzIwMjVcLzA2XC9DYXBhX3YyMG4yX1ByYW5jaGV0YS0xLmpwZyIsInNsaWRlc2hvdyI6IjQ0ZDIwMjUifQ%3D%3D\" href='https:\/\/boletimch.museu-goeldi.br\/wp-content\/uploads\/2025\/06\/Capa_v20n2_Prancheta-1.jpg'><img decoding=\"async\" width=\"1250\" height=\"1488\" src=\"https:\/\/boletimch.museu-goeldi.br\/wp-content\/uploads\/2025\/06\/Capa_v20n2_Prancheta-1.jpg\" class=\"attachment-2048x2048 size-2048x2048\" alt=\"\" srcset=\"https:\/\/boletimch.museu-goeldi.br\/wp-content\/uploads\/2025\/06\/Capa_v20n2_Prancheta-1.jpg 1250w, https:\/\/boletimch.museu-goeldi.br\/wp-content\/uploads\/2025\/06\/Capa_v20n2_Prancheta-1-252x300.jpg 252w, https:\/\/boletimch.museu-goeldi.br\/wp-content\/uploads\/2025\/06\/Capa_v20n2_Prancheta-1-860x1024.jpg 860w, https:\/\/boletimch.museu-goeldi.br\/wp-content\/uploads\/2025\/06\/Capa_v20n2_Prancheta-1-768x914.jpg 768w\" sizes=\"(max-width: 1250px) 100vw, 1250px\" \/><\/a>\n\t\t\t<\/div><\/figure>\n\t\t<\/div>\n\t\t<\/div>\n\t\t\t\t\t\t<\/div>\n\t\t\t\t<\/div>\n\t\t<div class=\"elementor-element elementor-element-baa85a5 e-con-full e-flex e-con e-child\" data-id=\"baa85a5\" data-element_type=\"container\">\n\t\t\t\t<div class=\"elementor-element elementor-element-22496f9 elementor-align-justify elementor-widget elementor-widget-button\" data-id=\"22496f9\" data-element_type=\"widget\" data-widget_type=\"button.default\">\n\t\t\t\t<div class=\"elementor-widget-container\">\n\t\t\t\t\t\t\t\t\t<div class=\"elementor-button-wrapper\">\n\t\t\t\t\t<a class=\"elementor-button elementor-button-link elementor-size-sm\" href=\"https:\/\/mc04.manuscriptcentral.com\/bgoeldi-scielo\">\n\t\t\t\t\t\t<span class=\"elementor-button-content-wrapper\">\n\t\t\t\t\t\t\t\t\t<span class=\"elementor-button-text\">INICIAR SUBMISS\u00c3O<\/span>\n\t\t\t\t\t<\/span>\n\t\t\t\t\t<\/a>\n\t\t\t\t<\/div>\n\t\t\t\t\t\t\t\t<\/div>\n\t\t\t\t<\/div>\n\t\t\t\t<div class=\"elementor-element elementor-element-e226bef elementor-align-justify elementor-widget elementor-widget-button\" data-id=\"e226bef\" data-element_type=\"widget\" data-widget_type=\"button.default\">\n\t\t\t\t<div class=\"elementor-widget-container\">\n\t\t\t\t\t\t\t\t\t<div class=\"elementor-button-wrapper\">\n\t\t\t\t\t<a class=\"elementor-button elementor-button-link elementor-size-sm\" href=\"https:\/\/boletimch.museu-goeldi.br\/?page_id=142\">\n\t\t\t\t\t\t<span class=\"elementor-button-content-wrapper\">\n\t\t\t\t\t\t\t\t\t<span class=\"elementor-button-text\">INTRU\u00c7\u00d5ES AOS AUTORES<\/span>\n\t\t\t\t\t<\/span>\n\t\t\t\t\t<\/a>\n\t\t\t\t<\/div>\n\t\t\t\t\t\t\t\t<\/div>\n\t\t\t\t<\/div>\n\t\t\t\t<div class=\"elementor-element elementor-element-7232de6 elementor-align-justify elementor-widget elementor-widget-button\" data-id=\"7232de6\" data-element_type=\"widget\" data-widget_type=\"button.default\">\n\t\t\t\t<div class=\"elementor-widget-container\">\n\t\t\t\t\t\t\t\t\t<div class=\"elementor-button-wrapper\">\n\t\t\t\t\t<a class=\"elementor-button elementor-button-link elementor-size-sm\" href=\"https:\/\/www.scimagojr.com\/journalsearch.php?q=19900193545&#038;tip=sid&#038;clean=0\" target=\"_blank\">\n\t\t\t\t\t\t<span class=\"elementor-button-content-wrapper\">\n\t\t\t\t\t\t\t\t\t<span class=\"elementor-button-text\">FATOR DE IMPACTO<\/span>\n\t\t\t\t\t<\/span>\n\t\t\t\t\t<\/a>\n\t\t\t\t<\/div>\n\t\t\t\t\t\t\t\t<\/div>\n\t\t\t\t<\/div>\n\t\t\t\t<div class=\"elementor-element elementor-element-10bfe2f elementor-align-justify elementor-widget elementor-widget-button\" data-id=\"10bfe2f\" data-element_type=\"widget\" data-widget_type=\"button.default\">\n\t\t\t\t<div class=\"elementor-widget-container\">\n\t\t\t\t\t\t\t\t\t<div class=\"elementor-button-wrapper\">\n\t\t\t\t\t<a class=\"elementor-button elementor-button-link elementor-size-sm\" href=\"https:\/\/www.scielo.org\/\">\n\t\t\t\t\t\t<span class=\"elementor-button-content-wrapper\">\n\t\t\t\t\t\t\t\t\t<span class=\"elementor-button-text\">SCIELO<\/span>\n\t\t\t\t\t<\/span>\n\t\t\t\t\t<\/a>\n\t\t\t\t<\/div>\n\t\t\t\t\t\t\t\t<\/div>\n\t\t\t\t<\/div>\n\t\t\t\t<\/div>\n\t\t\t\t<\/div>\n\t\t\t\t\t<\/div>\n\t\t\t\t<\/div>\n\t\t<div class=\"elementor-element elementor-element-83f408a e-flex e-con-boxed e-con e-parent\" data-id=\"83f408a\" data-element_type=\"container\">\n\t\t\t\t\t<div class=\"e-con-inner\">\n\t\t<div class=\"elementor-element elementor-element-cad5791 e-con-full e-flex e-con e-child\" data-id=\"cad5791\" data-element_type=\"container\">\n\t\t\t\t<div class=\"elementor-element elementor-element-860e747 elementor-widget elementor-widget-heading\" data-id=\"860e747\" data-element_type=\"widget\" data-widget_type=\"heading.default\">\n\t\t\t\t<div class=\"elementor-widget-container\">\n\t\t\t\t\t<h3 class=\"elementor-heading-title elementor-size-default\">LINKS<\/h3>\t\t\t\t<\/div>\n\t\t\t\t<\/div>\n\t\t\t\t<\/div>\n\t\t<div class=\"elementor-element elementor-element-d88107c e-grid e-con-full e-con e-child\" data-id=\"d88107c\" data-element_type=\"container\">\n\t\t\t\t<div class=\"elementor-element elementor-element-b781cc9 elementor-align-justify elementor-widget elementor-widget-button\" data-id=\"b781cc9\" data-element_type=\"widget\" data-widget_type=\"button.default\">\n\t\t\t\t<div class=\"elementor-widget-container\">\n\t\t\t\t\t\t\t\t\t<div class=\"elementor-button-wrapper\">\n\t\t\t\t\t<a class=\"elementor-button elementor-button-link elementor-size-sm\" href=\"https:\/\/www.abecbrasil.org.br\/\">\n\t\t\t\t\t\t<span class=\"elementor-button-content-wrapper\">\n\t\t\t\t\t\t\t\t\t<span class=\"elementor-button-text\">ABEC<\/span>\n\t\t\t\t\t<\/span>\n\t\t\t\t\t<\/a>\n\t\t\t\t<\/div>\n\t\t\t\t\t\t\t\t<\/div>\n\t\t\t\t<\/div>\n\t\t\t\t<div class=\"elementor-element elementor-element-2b3e9cd elementor-align-justify elementor-widget elementor-widget-button\" data-id=\"2b3e9cd\" data-element_type=\"widget\" data-widget_type=\"button.default\">\n\t\t\t\t<div class=\"elementor-widget-container\">\n\t\t\t\t\t\t\t\t\t<div class=\"elementor-button-wrapper\">\n\t\t\t\t\t<a class=\"elementor-button elementor-button-link elementor-size-sm\" href=\"https:\/\/apastyle.apa.org\/\">\n\t\t\t\t\t\t<span class=\"elementor-button-content-wrapper\">\n\t\t\t\t\t\t\t\t\t<span class=\"elementor-button-text\">APA<\/span>\n\t\t\t\t\t<\/span>\n\t\t\t\t\t<\/a>\n\t\t\t\t<\/div>\n\t\t\t\t\t\t\t\t<\/div>\n\t\t\t\t<\/div>\n\t\t\t\t<div class=\"elementor-element elementor-element-6c260d5 elementor-align-justify elementor-widget elementor-widget-button\" data-id=\"6c260d5\" data-element_type=\"widget\" data-widget_type=\"button.default\">\n\t\t\t\t<div class=\"elementor-widget-container\">\n\t\t\t\t\t\t\t\t\t<div class=\"elementor-button-wrapper\">\n\t\t\t\t\t<a class=\"elementor-button elementor-button-link elementor-size-sm\" href=\"http:\/\/hemerotecadigital.bn.br\/\">\n\t\t\t\t\t\t<span class=\"elementor-button-content-wrapper\">\n\t\t\t\t\t\t\t\t\t<span class=\"elementor-button-text\">Hemeroteca Digital Brasileira<\/span>\n\t\t\t\t\t<\/span>\n\t\t\t\t\t<\/a>\n\t\t\t\t<\/div>\n\t\t\t\t\t\t\t\t<\/div>\n\t\t\t\t<\/div>\n\t\t\t\t<div class=\"elementor-element elementor-element-8984a70 elementor-align-justify elementor-widget elementor-widget-button\" data-id=\"8984a70\" data-element_type=\"widget\" data-widget_type=\"button.default\">\n\t\t\t\t<div class=\"elementor-widget-container\">\n\t\t\t\t\t\t\t\t\t<div class=\"elementor-button-wrapper\">\n\t\t\t\t\t<a class=\"elementor-button elementor-button-link elementor-size-sm\" href=\"http:\/\/qualis.capes.gov.br\/webqualis\/principal.seam\">\n\t\t\t\t\t\t<span class=\"elementor-button-content-wrapper\">\n\t\t\t\t\t\t\t\t\t<span class=\"elementor-button-text\">CAPES - WebQualis<\/span>\n\t\t\t\t\t<\/span>\n\t\t\t\t\t<\/a>\n\t\t\t\t<\/div>\n\t\t\t\t\t\t\t\t<\/div>\n\t\t\t\t<\/div>\n\t\t\t\t<div class=\"elementor-element elementor-element-c47eac4 elementor-align-justify elementor-widget elementor-widget-button\" data-id=\"c47eac4\" data-element_type=\"widget\" data-widget_type=\"button.default\">\n\t\t\t\t<div class=\"elementor-widget-container\">\n\t\t\t\t\t\t\t\t\t<div class=\"elementor-button-wrapper\">\n\t\t\t\t\t<a class=\"elementor-button elementor-button-link elementor-size-sm\" href=\"http:\/\/memoria.cnpq.br\/normas\/lei_po_085_11.htm#etica\">\n\t\t\t\t\t\t<span class=\"elementor-button-content-wrapper\">\n\t\t\t\t\t\t\t\t\t<span class=\"elementor-button-text\">CNPq<\/span>\n\t\t\t\t\t<\/span>\n\t\t\t\t\t<\/a>\n\t\t\t\t<\/div>\n\t\t\t\t\t\t\t\t<\/div>\n\t\t\t\t<\/div>\n\t\t\t\t<div class=\"elementor-element elementor-element-cc4608e elementor-align-justify elementor-widget elementor-widget-button\" data-id=\"cc4608e\" data-element_type=\"widget\" data-widget_type=\"button.default\">\n\t\t\t\t<div class=\"elementor-widget-container\">\n\t\t\t\t\t\t\t\t\t<div class=\"elementor-button-wrapper\">\n\t\t\t\t\t<a class=\"elementor-button elementor-button-link elementor-size-sm\" href=\"http:\/\/publicationethics.org\/files\/Ethical_guidelines_for_peer_reviewers_0.pdf\">\n\t\t\t\t\t\t<span class=\"elementor-button-content-wrapper\">\n\t\t\t\t\t\t\t\t\t<span class=\"elementor-button-text\">Committee on Publication Ethics<\/span>\n\t\t\t\t\t<\/span>\n\t\t\t\t\t<\/a>\n\t\t\t\t<\/div>\n\t\t\t\t\t\t\t\t<\/div>\n\t\t\t\t<\/div>\n\t\t\t\t<\/div>\n\t\t<div class=\"elementor-element elementor-element-1d5fcdb e-grid e-con-full e-con e-child\" data-id=\"1d5fcdb\" data-element_type=\"container\">\n\t\t\t\t<div class=\"elementor-element elementor-element-c8d0909 elementor-align-justify elementor-widget elementor-widget-button\" data-id=\"c8d0909\" data-element_type=\"widget\" data-widget_type=\"button.default\">\n\t\t\t\t<div class=\"elementor-widget-container\">\n\t\t\t\t\t\t\t\t\t<div class=\"elementor-button-wrapper\">\n\t\t\t\t\t<a class=\"elementor-button elementor-button-link elementor-size-sm\" href=\"http:\/\/dejavu-fonts.org\/wiki\/Main_Page\">\n\t\t\t\t\t\t<span class=\"elementor-button-content-wrapper\">\n\t\t\t\t\t\t\t\t\t<span class=\"elementor-button-text\">DejaVu Fonts<\/span>\n\t\t\t\t\t<\/span>\n\t\t\t\t\t<\/a>\n\t\t\t\t<\/div>\n\t\t\t\t\t\t\t\t<\/div>\n\t\t\t\t<\/div>\n\t\t\t\t<div class=\"elementor-element elementor-element-5eb71b5 elementor-align-justify elementor-widget elementor-widget-button\" data-id=\"5eb71b5\" data-element_type=\"widget\" data-widget_type=\"button.default\">\n\t\t\t\t<div class=\"elementor-widget-container\">\n\t\t\t\t\t\t\t\t\t<div class=\"elementor-button-wrapper\">\n\t\t\t\t\t<a class=\"elementor-button elementor-button-link elementor-size-sm\" href=\"http:\/\/www.icmje.org\/\">\n\t\t\t\t\t\t<span class=\"elementor-button-content-wrapper\">\n\t\t\t\t\t\t\t\t\t<span class=\"elementor-button-text\">International Committee of  Medical Journal Editors<\/span>\n\t\t\t\t\t<\/span>\n\t\t\t\t\t<\/a>\n\t\t\t\t<\/div>\n\t\t\t\t\t\t\t\t<\/div>\n\t\t\t\t<\/div>\n\t\t\t\t<div class=\"elementor-element elementor-element-37a4990 elementor-align-justify elementor-widget elementor-widget-button\" data-id=\"37a4990\" data-element_type=\"widget\" data-widget_type=\"button.default\">\n\t\t\t\t<div class=\"elementor-widget-container\">\n\t\t\t\t\t\t\t\t\t<div class=\"elementor-button-wrapper\">\n\t\t\t\t\t<a class=\"elementor-button elementor-button-link elementor-size-sm\" href=\"http:\/\/www.periodicos.capes.gov.br\/\">\n\t\t\t\t\t\t<span class=\"elementor-button-content-wrapper\">\n\t\t\t\t\t\t\t\t\t<span class=\"elementor-button-text\">Portal de Peri\u00f3dicos<\/span>\n\t\t\t\t\t<\/span>\n\t\t\t\t\t<\/a>\n\t\t\t\t<\/div>\n\t\t\t\t\t\t\t\t<\/div>\n\t\t\t\t<\/div>\n\t\t\t\t<div class=\"elementor-element elementor-element-d7b041e elementor-align-justify elementor-widget elementor-widget-button\" data-id=\"d7b041e\" data-element_type=\"widget\" data-widget_type=\"button.default\">\n\t\t\t\t<div class=\"elementor-widget-container\">\n\t\t\t\t\t\t\t\t\t<div class=\"elementor-button-wrapper\">\n\t\t\t\t\t<a class=\"elementor-button elementor-button-link elementor-size-sm\" href=\"http:\/\/retractionwatch.wordpress.com\/\">\n\t\t\t\t\t\t<span class=\"elementor-button-content-wrapper\">\n\t\t\t\t\t\t\t\t\t<span class=\"elementor-button-text\">Retraction Watch<\/span>\n\t\t\t\t\t<\/span>\n\t\t\t\t\t<\/a>\n\t\t\t\t<\/div>\n\t\t\t\t\t\t\t\t<\/div>\n\t\t\t\t<\/div>\n\t\t\t\t<div class=\"elementor-element elementor-element-96ff95e elementor-align-justify elementor-widget elementor-widget-button\" data-id=\"96ff95e\" data-element_type=\"widget\" data-widget_type=\"button.default\">\n\t\t\t\t<div class=\"elementor-widget-container\">\n\t\t\t\t\t\t\t\t\t<div class=\"elementor-button-wrapper\">\n\t\t\t\t\t<a class=\"elementor-button elementor-button-link elementor-size-sm\" href=\"https:\/\/www.scielo.org\/\">\n\t\t\t\t\t\t<span class=\"elementor-button-content-wrapper\">\n\t\t\t\t\t\t\t\t\t<span class=\"elementor-button-text\">SCIELO<\/span>\n\t\t\t\t\t<\/span>\n\t\t\t\t\t<\/a>\n\t\t\t\t<\/div>\n\t\t\t\t\t\t\t\t<\/div>\n\t\t\t\t<\/div>\n\t\t\t\t<div class=\"elementor-element elementor-element-82191c5 elementor-align-justify elementor-widget elementor-widget-button\" data-id=\"82191c5\" data-element_type=\"widget\" data-widget_type=\"button.default\">\n\t\t\t\t<div class=\"elementor-widget-container\">\n\t\t\t\t\t\t\t\t\t<div class=\"elementor-button-wrapper\">\n\t\t\t\t\t<a class=\"elementor-button elementor-button-link elementor-size-sm\" href=\"http:\/\/www.scopus.com\/home.url\">\n\t\t\t\t\t\t<span class=\"elementor-button-content-wrapper\">\n\t\t\t\t\t\t\t\t\t<span class=\"elementor-button-text\">SCIELO<\/span>\n\t\t\t\t\t<\/span>\n\t\t\t\t\t<\/a>\n\t\t\t\t<\/div>\n\t\t\t\t\t\t\t\t<\/div>\n\t\t\t\t<\/div>\n\t\t\t\t<\/div>\n\t\t\t\t\t<\/div>\n\t\t\t\t<\/div>\n\t\t<div class=\"elementor-element elementor-element-c64b27e e-flex e-con-boxed e-con e-parent\" data-id=\"c64b27e\" data-element_type=\"container\">\n\t\t\t\t\t<div class=\"e-con-inner\">\n\t\t\t\t\t<\/div>\n\t\t\t\t<\/div>\n\t\t\t\t<\/div>\n\t\t","protected":false},"excerpt":{"rendered":"<p>EDI\u00c7\u00c3O Ci\u00eancias Humanas, v.21, n.1 DOWNLOAD DA EDI\u00c7\u00c3O COMPLETA\u200b NO FINAL DE ABRIL PUBLICA\u00c7\u00c3O CONT\u00cdNUA | Janeiro\/Abril de 2026 Publica\u00e7\u00e3o quadrimestral do Museu Paraense Em\u00edlio Goeldi ISSN: 1981-8122 ARTIGOS A legitima\u00e7\u00e3o da apropria\u00e7\u00e3o do territ\u00f3rio amaz\u00f4nico em tr\u00eas momentos hist\u00f3ricos: da coloniza\u00e7\u00e3o \u00e0 bioeconomia Legitimation of the appropriation of Amazon territory in three historical moments: [&hellip;]<\/p>\n","protected":false},"author":3,"featured_media":0,"parent":0,"menu_order":0,"comment_status":"closed","ping_status":"closed","template":"","meta":{"footnotes":""},"class_list":["post-4904","page","type-page","status-publish","hentry"],"meta_box":[],"_links":{"self":[{"href":"https:\/\/boletimch.museu-goeldi.br\/index.php?rest_route=\/wp\/v2\/pages\/4904","targetHints":{"allow":["GET"]}}],"collection":[{"href":"https:\/\/boletimch.museu-goeldi.br\/index.php?rest_route=\/wp\/v2\/pages"}],"about":[{"href":"https:\/\/boletimch.museu-goeldi.br\/index.php?rest_route=\/wp\/v2\/types\/page"}],"author":[{"embeddable":true,"href":"https:\/\/boletimch.museu-goeldi.br\/index.php?rest_route=\/wp\/v2\/users\/3"}],"replies":[{"embeddable":true,"href":"https:\/\/boletimch.museu-goeldi.br\/index.php?rest_route=%2Fwp%2Fv2%2Fcomments&post=4904"}],"version-history":[{"count":31,"href":"https:\/\/boletimch.museu-goeldi.br\/index.php?rest_route=\/wp\/v2\/pages\/4904\/revisions"}],"predecessor-version":[{"id":4955,"href":"https:\/\/boletimch.museu-goeldi.br\/index.php?rest_route=\/wp\/v2\/pages\/4904\/revisions\/4955"}],"wp:attachment":[{"href":"https:\/\/boletimch.museu-goeldi.br\/index.php?rest_route=%2Fwp%2Fv2%2Fmedia&parent=4904"}],"curies":[{"name":"wp","href":"https:\/\/api.w.org\/{rel}","templated":true}]}}