{"id":985,"date":"2025-02-21T17:18:19","date_gmt":"2025-02-21T20:18:19","guid":{"rendered":"https:\/\/boletimch.museu-goeldi.br\/?page_id=985"},"modified":"2026-04-16T12:03:23","modified_gmt":"2026-04-16T15:03:23","slug":"ciencias-humanas-v-10-n-1","status":"publish","type":"page","link":"https:\/\/boletimch.museu-goeldi.br\/?page_id=985","title":{"rendered":"Ci\u00eancias Humanas, v.10, n.1"},"content":{"rendered":"\t\t<div data-elementor-type=\"wp-page\" data-elementor-id=\"985\" class=\"elementor elementor-985\" data-elementor-post-type=\"page\">\n\t\t\t\t<div class=\"elementor-element elementor-element-77ce9d6 elementor-hidden-desktop elementor-hidden-tablet e-flex e-con-boxed e-con e-parent\" data-id=\"77ce9d6\" data-element_type=\"container\">\n\t\t\t\t\t<div class=\"e-con-inner\">\n\t\t\t\t<div class=\"elementor-element elementor-element-d5c4f98 elementor-widget elementor-widget-image\" data-id=\"d5c4f98\" data-element_type=\"widget\" data-widget_type=\"image.default\">\n\t\t\t\t<div class=\"elementor-widget-container\">\n\t\t\t\t\t\t\t\t\t\t\t\t\t\t\t<img fetchpriority=\"high\" decoding=\"async\" width=\"800\" height=\"944\" src=\"https:\/\/boletimch.museu-goeldi.br\/wp-content\/uploads\/2025\/02\/chv10n1.jpg\" class=\"attachment-large size-large wp-image-441\" alt=\"\" srcset=\"https:\/\/boletimch.museu-goeldi.br\/wp-content\/uploads\/2025\/02\/chv10n1.jpg 800w, https:\/\/boletimch.museu-goeldi.br\/wp-content\/uploads\/2025\/02\/chv10n1-254x300.jpg 254w, https:\/\/boletimch.museu-goeldi.br\/wp-content\/uploads\/2025\/02\/chv10n1-768x906.jpg 768w\" sizes=\"(max-width: 800px) 100vw, 800px\" \/>\t\t\t\t\t\t\t\t\t\t\t\t\t\t\t<\/div>\n\t\t\t\t<\/div>\n\t\t\t\t\t<\/div>\n\t\t\t\t<\/div>\n\t\t<div class=\"elementor-element elementor-element-f48bf99 e-flex e-con-boxed e-con e-parent\" data-id=\"f48bf99\" data-element_type=\"container\">\n\t\t\t\t\t<div class=\"e-con-inner\">\n\t\t<div class=\"elementor-element elementor-element-f65dcdd e-con-full e-flex e-con e-child\" data-id=\"f65dcdd\" data-element_type=\"container\">\n\t\t\t\t<div class=\"elementor-element elementor-element-1a662c3 elementor-widget elementor-widget-heading\" data-id=\"1a662c3\" data-element_type=\"widget\" data-widget_type=\"heading.default\">\n\t\t\t\t<div class=\"elementor-widget-container\">\n\t\t\t\t\t<h2 class=\"elementor-heading-title elementor-size-default\">EDI\u00c7\u00c3O <\/h2>\t\t\t\t<\/div>\n\t\t\t\t<\/div>\n\t\t\t\t<div class=\"elementor-element elementor-element-e6b41e1 elementor-widget elementor-widget-heading\" data-id=\"e6b41e1\" data-element_type=\"widget\" data-widget_type=\"heading.default\">\n\t\t\t\t<div class=\"elementor-widget-container\">\n\t\t\t\t\t<h4 class=\"elementor-heading-title elementor-size-default\">Ci\u00eancias Humanas, v.10, n.1<\/h4>\t\t\t\t<\/div>\n\t\t\t\t<\/div>\n\t\t\t\t<div class=\"elementor-element elementor-element-d95dc24 elementor-widget elementor-widget-heading\" data-id=\"d95dc24\" data-element_type=\"widget\" data-widget_type=\"heading.default\">\n\t\t\t\t<div class=\"elementor-widget-container\">\n\t\t\t\t\t<h4 class=\"elementor-heading-title elementor-size-default\"><br>Janeiro\/Abril de 2015\n<br>\n<br>Publica\u00e7\u00e3o quadrimestral do Museu Paraense Em\u00edlio Goeldi\n<br>\n<br>ISSN: 1981-8122<\/h4>\t\t\t\t<\/div>\n\t\t\t\t<\/div>\n\t\t\t\t<div class=\"elementor-element elementor-element-ac68db2 elementor-widget elementor-widget-spacer\" data-id=\"ac68db2\" data-element_type=\"widget\" data-widget_type=\"spacer.default\">\n\t\t\t\t<div class=\"elementor-widget-container\">\n\t\t\t\t\t\t\t<div class=\"elementor-spacer\">\n\t\t\t<div class=\"elementor-spacer-inner\"><\/div>\n\t\t<\/div>\n\t\t\t\t\t\t<\/div>\n\t\t\t\t<\/div>\n\t\t\t\t<div class=\"elementor-element elementor-element-d97f195 elementor-widget elementor-widget-heading\" data-id=\"d97f195\" data-element_type=\"widget\" data-widget_type=\"heading.default\">\n\t\t\t\t<div class=\"elementor-widget-container\">\n\t\t\t\t\t<h2 class=\"elementor-heading-title elementor-size-default\"><a href=\"https:\/\/www.scielo.br\/j\/bgoeldi\/a\/Q9gX4zfjqG9cD9ztFrfGHXp\/?lang=pt\">CARTA DO EDITOR<\/a><\/h2>\t\t\t\t<\/div>\n\t\t\t\t<\/div>\n\t\t\t\t<div class=\"elementor-element elementor-element-d863095 elementor-widget elementor-widget-html\" data-id=\"d863095\" data-element_type=\"widget\" data-widget_type=\"html.default\">\n\t\t\t\t<div class=\"elementor-widget-container\">\n\t\t\t\t\t<div class=\"categoria\">ARTIGOS<\/div>\r\n\r\n<div class=\"artigo\">\r\n  <div class=\"titulo-pt\">Rituais funer\u00e1rios e deposi\u00e7\u00e3o cer\u00e2mica nos s\u00edtios AM 41 e La Pointe de Balat\u00e9: repensando o per\u00edodo cer\u00e2mico tardio na plan\u00edcie costeira oeste da Guiana Francesa<\/div>\r\n  <div class=\"titulo-en\">Mortuary rites and ceramic depositions at AM 41 and La Pointe de Balat\u00e9: rethinking the Late Ceramic Age of the Western Coastal Plain of French Guiana<\/div>\r\n  <div class=\"autores\">Martijn van den Bel<\/div>\r\n  <a class=\"btn-link\" href=\"https:\/\/www.scielo.br\/j\/bgoeldi\/a\/jhkgDB3rqGpfym9JpNrCYvg\/?lang=pt\" target=\"_blank\">VERS\u00c3O INTEGRAL<\/a>\r\n<\/div>\r\n\r\n<div class=\"artigo\">\r\n  <div class=\"titulo-pt\">Entre o mito e a hist\u00f3ria: o padre que nasceu \u00edndio e a hist\u00f3ria de Oriximin\u00e1<\/div>\r\n  <div class=\"titulo-en\">Between myth and history: the priest who was born Indian and \r\n          the history of Oriximin\u00e1<\/div>\r\n  <div class=\"autores\">M\u00e1rcio Couto Henrique<\/div>\r\n  <a class=\"btn-link\" href=\"https:\/\/www.scielo.br\/j\/bgoeldi\/a\/GT7Ps8fdy6trJjhbKjgFrnF\/?lang=pt\" target=\"_blank\">VERS\u00c3O INTEGRAL<\/a>\r\n<\/div>\r\n\r\n<div class=\"artigo\">\r\n  <div class=\"titulo-pt\">Conhecimento ecol\u00f3gico tradicional da comunidade de Limpo Grande sobre a vegeta\u00e7\u00e3o, V\u00e1rzea Grande, Mato Grosso, Brasil<\/div>\r\n  <div class=\"titulo-en\">Traditional ecological knowledge of vegetation in the community of Limpo Grande, V\u00e1rzea Grande, Mato Grosso, Brazil<\/div>\r\n  <div class=\"autores\">Rodrigo Ferreira de Morais, Cintia Silva Serrano, Fernando Ferreira de Morais<\/div>\r\n  <a class=\"btn-link\" href=\"http:\/\/www.scielo.br\/scielo.php?script=sci_arttext&pid=S1981-81222015000100065&lng=pt&nrm=iso&tlng=pt\" target=\"_blank\">VERS\u00c3O INTEGRAL<\/a>\r\n<\/div>\r\n  \r\n<div class=\"artigo\">\r\n  <div class=\"titulo-pt\">A \u201cFlora Fluminensis\u201d de frei Vellozo: uma abordagem interdisciplinar<\/div>\r\n  <div class=\"titulo-en\">Vellozo\u2019s \u201cFlora Fluminensis\u201d: an interdisciplinary approach<\/div>\r\n  <div class=\"autores\">Begonha Bediaga, Haroldo Cavalcante de Lima<\/div>\r\n  <a class=\"btn-link\" href=\"http:\/\/www.scielo.br\/scielo.php?script=sci_arttext&pid=S1981-81222015000100085&lng=pt&nrm=iso&tlng=pt\" target=\"_blank\">VERS\u00c3O INTEGRAL<\/a>\r\n<\/div>\r\n\r\n<div class=\"artigo\">\r\n  <div class=\"titulo-pt\">Plantas medicinais consumidas em Cochim, no s\u00e9culo XVI e na atualidade<\/div>\r\n  <div class=\"titulo-en\">Medicinal plants consumed in Kochi, in the 16th century and nowadays<\/div>\r\n  <div class=\"autores\">Isabel Maria Madaleno<\/div>\r\n  <a class=\"btn-link\" href=\"http:\/\/editora.museu-goeldi.br\/bh\/artigos\/chv8n2_2013\/estudos(turazzi).pdf\" target=\"_blank\">VERS\u00c3O INTEGRAL<\/a>\r\n<\/div>\r\n\r\n<div class=\"artigo\">\r\n  <div class=\"titulo-pt\">Estudos comparativos sobre Apurin\u00e3 baseados em documentos antigos<\/div>\r\n  <div class=\"titulo-en\">Apurin\u00e3 comparative studies based on old documents<\/div>\r\n  <div class=\"autores\">Sidi Facundes, Alana Samara Melo Neves, Bruna Fernanda de Lima-Padovani<\/div>\r\n  <a class=\"btn-link\" href=\"http:\/\/www.scielo.br\/scielo.php?script=sci_arttext&pid=S1981-81222015000100143&lng=pt&nrm=iso&tlng=pt\" target=\"_blank\">VERS\u00c3O INTEGRAL<\/a>\r\n<\/div>\r\n\r\n<div class=\"artigo\">\r\n  <div class=\"titulo-pt\">Observa\u00e7\u00f5es sobre os correlatos ac\u00fasticos do acento em \r\n          Apurin\u00e3 (Aru\u00e1k): \r\n          estudo de um caso<\/div>\r\n  <div class=\"titulo-en\">Observations about acoustic correlates of stress in \r\n          Apurin\u00e3 (Arawak): \r\n          a case study \r\n          Benedito de Sales Santos, Sidi Facundes<\/div>\r\n  <div class=\"autores\">Benedito de Sales Santos, Sidi Facundes<\/div>\r\n  <a class=\"btn-link\" href=\"http:\/\/www.scielo.br\/scielo.php?script=sci_arttext&pid=S1981-81222015000100159&lng=pt&nrm=iso&tlng=pt\" target=\"_blank\">VERS\u00c3O INTEGRAL<\/a>\r\n<\/div>\r\n\r\n<div class=\"artigo\">\r\n  <div class=\"titulo-pt\">O gosto pela autoridade e a autoridade do gosto: \r\n          as apropria\u00e7\u00f5es culturais nas \u2018artes primeiras\u2019<\/div>\r\n  <div class=\"titulo-en\">The taste for authority and the authority of taste: \r\n          cultural appropriations in the \u2018arts pr\u00e9miers\u2019<\/div>\r\n  <div class=\"autores\">Bruno C\u00e9sar Brulon Soares<\/div>\r\n  <a class=\"btn-link\" href=\"http:\/\/www.scielo.br\/scielo.php?script=sci_arttext&pid=S1981-81222015000100169&lng=pt&nrm=iso&tlng=pt\" target=\"_blank\">VERS\u00c3O INTEGRAL<\/a>\r\n<\/div>\r\n\r\n<div class=\"categoria\">TESES E DISSERTA\u00c7\u00d5ES<\/div>\r\n<div class=\"artigo\">\r\n  <div class=\"titulo-pt\">Resgate e ressignifica\u00e7\u00e3o da \r\n          pesquisa no Museu Paraense Em\u00edlio Goeldi: presen\u00e7a e perman\u00eancia de cientistas estrangeiros (1894-1914) na produ\u00e7\u00e3o cient\u00edfica de autores atuais (1991-2010)<\/div>\r\n  <div class=\"titulo-en\">Rescuing and reframing research at the Museu Paraense Em\u00edlio Goeldi: the presence and permanence of the work of foreign scientists (1894-1914) in the scientific production of contemporary authors (1991-2010)<\/div>\r\n  <div class=\"autores\">Alegria Benchimol<\/div>\r\n  <a class=\"btn-link\" href=\"https:\/\/boletimch.museu-goeldi.br\/wp-content\/uploads\/2025\/05\/tesebenchimol.pdf\" target=\"_blank\">VERS\u00c3O INTEGRAL<\/a>\r\n<\/div>\t\t\t\t<\/div>\n\t\t\t\t<\/div>\n\t\t\t\t<\/div>\n\t\t<div class=\"elementor-element elementor-element-69558d7 e-con-full e-flex e-con e-child\" data-id=\"69558d7\" data-element_type=\"container\">\n\t\t\t\t<div class=\"elementor-element elementor-element-b028c9a elementor-hidden-mobile elementor-widget elementor-widget-image-gallery\" data-id=\"b028c9a\" data-element_type=\"widget\" data-widget_type=\"image-gallery.default\">\n\t\t\t\t<div class=\"elementor-widget-container\">\n\t\t\t\t\t\t\t<div class=\"elementor-image-gallery\">\n\t\t\t<div id='gallery-1' class='gallery galleryid-985 gallery-columns-1 gallery-size-2048x2048'><figure class='gallery-item'>\n\t\t\t<div class='gallery-icon portrait'>\n\t\t\t\t<a data-elementor-open-lightbox=\"yes\" data-elementor-lightbox-slideshow=\"b028c9a\" data-elementor-lightbox-title=\"v9n2\" data-e-action-hash=\"#elementor-action%3Aaction%3Dlightbox%26settings%3DeyJpZCI6NDQxLCJ1cmwiOiJodHRwczpcL1wvYm9sZXRpbWNoLm11c2V1LWdvZWxkaS5iclwvd3AtY29udGVudFwvdXBsb2Fkc1wvMjAyNVwvMDJcL2NodjEwbjEuanBnIiwic2xpZGVzaG93IjoiYjAyOGM5YSJ9\" href='https:\/\/boletimch.museu-goeldi.br\/wp-content\/uploads\/2025\/02\/chv10n1.jpg'><img decoding=\"async\" width=\"800\" height=\"944\" src=\"https:\/\/boletimch.museu-goeldi.br\/wp-content\/uploads\/2025\/02\/chv10n1.jpg\" class=\"attachment-2048x2048 size-2048x2048\" alt=\"\" aria-describedby=\"gallery-1-441\" srcset=\"https:\/\/boletimch.museu-goeldi.br\/wp-content\/uploads\/2025\/02\/chv10n1.jpg 800w, https:\/\/boletimch.museu-goeldi.br\/wp-content\/uploads\/2025\/02\/chv10n1-254x300.jpg 254w, https:\/\/boletimch.museu-goeldi.br\/wp-content\/uploads\/2025\/02\/chv10n1-768x906.jpg 768w\" sizes=\"(max-width: 800px) 100vw, 800px\" \/><\/a>\n\t\t\t<\/div>\n\t\t\t\t<figcaption class='wp-caption-text gallery-caption' id='gallery-1-441'>\n\t\t\t\tCi\u00eancias Humanas, v.10, n.1\n\t\t\t\t<\/figcaption><\/figure>\n\t\t<\/div>\n\t\t<\/div>\n\t\t\t\t\t\t<\/div>\n\t\t\t\t<\/div>\n\t\t<div class=\"elementor-element elementor-element-1c2c398 e-con-full e-flex e-con e-child\" data-id=\"1c2c398\" data-element_type=\"container\">\n\t\t\t\t<div class=\"elementor-element elementor-element-5f731be elementor-align-justify elementor-widget elementor-widget-button\" data-id=\"5f731be\" data-element_type=\"widget\" data-widget_type=\"button.default\">\n\t\t\t\t<div class=\"elementor-widget-container\">\n\t\t\t\t\t\t\t\t\t<div class=\"elementor-button-wrapper\">\n\t\t\t\t\t<a class=\"elementor-button elementor-button-link elementor-size-sm\" href=\"https:\/\/mc04.manuscriptcentral.com\/bgoeldi-scielo\">\n\t\t\t\t\t\t<span class=\"elementor-button-content-wrapper\">\n\t\t\t\t\t\t\t\t\t<span class=\"elementor-button-text\">INICIAR SUBMISS\u00c3O<\/span>\n\t\t\t\t\t<\/span>\n\t\t\t\t\t<\/a>\n\t\t\t\t<\/div>\n\t\t\t\t\t\t\t\t<\/div>\n\t\t\t\t<\/div>\n\t\t\t\t<div class=\"elementor-element elementor-element-965f79a elementor-align-justify elementor-widget elementor-widget-button\" data-id=\"965f79a\" data-element_type=\"widget\" data-widget_type=\"button.default\">\n\t\t\t\t<div class=\"elementor-widget-container\">\n\t\t\t\t\t\t\t\t\t<div class=\"elementor-button-wrapper\">\n\t\t\t\t\t<a class=\"elementor-button elementor-button-link elementor-size-sm\" href=\"https:\/\/boletimch.museu-goeldi.br\/?page_id=142\">\n\t\t\t\t\t\t<span class=\"elementor-button-content-wrapper\">\n\t\t\t\t\t\t\t\t\t<span class=\"elementor-button-text\">INSTRU\u00c7\u00d5ES AOS AUTORES<\/span>\n\t\t\t\t\t<\/span>\n\t\t\t\t\t<\/a>\n\t\t\t\t<\/div>\n\t\t\t\t\t\t\t\t<\/div>\n\t\t\t\t<\/div>\n\t\t\t\t<div class=\"elementor-element elementor-element-1b6191a elementor-align-justify elementor-widget elementor-widget-button\" data-id=\"1b6191a\" data-element_type=\"widget\" data-widget_type=\"button.default\">\n\t\t\t\t<div class=\"elementor-widget-container\">\n\t\t\t\t\t\t\t\t\t<div class=\"elementor-button-wrapper\">\n\t\t\t\t\t<a class=\"elementor-button elementor-button-link elementor-size-sm\" href=\"https:\/\/www.scimagojr.com\/journalsearch.php?q=19900193545&#038;tip=sid&#038;clean=0\" target=\"_blank\">\n\t\t\t\t\t\t<span class=\"elementor-button-content-wrapper\">\n\t\t\t\t\t\t\t\t\t<span class=\"elementor-button-text\">FATOR DE IMPACTO<\/span>\n\t\t\t\t\t<\/span>\n\t\t\t\t\t<\/a>\n\t\t\t\t<\/div>\n\t\t\t\t\t\t\t\t<\/div>\n\t\t\t\t<\/div>\n\t\t\t\t<div class=\"elementor-element elementor-element-ac9b944 elementor-align-justify elementor-widget elementor-widget-button\" data-id=\"ac9b944\" data-element_type=\"widget\" data-widget_type=\"button.default\">\n\t\t\t\t<div class=\"elementor-widget-container\">\n\t\t\t\t\t\t\t\t\t<div class=\"elementor-button-wrapper\">\n\t\t\t\t\t<a class=\"elementor-button elementor-button-link elementor-size-sm\" href=\"https:\/\/www.scielo.org\/\">\n\t\t\t\t\t\t<span class=\"elementor-button-content-wrapper\">\n\t\t\t\t\t\t\t\t\t<span class=\"elementor-button-text\">SCIELO<\/span>\n\t\t\t\t\t<\/span>\n\t\t\t\t\t<\/a>\n\t\t\t\t<\/div>\n\t\t\t\t\t\t\t\t<\/div>\n\t\t\t\t<\/div>\n\t\t\t\t<\/div>\n\t\t\t\t<\/div>\n\t\t\t\t\t<\/div>\n\t\t\t\t<\/div>\n\t\t<div class=\"elementor-element elementor-element-1cc3634 e-flex e-con-boxed e-con e-parent\" data-id=\"1cc3634\" data-element_type=\"container\">\n\t\t\t\t\t<div class=\"e-con-inner\">\n\t\t<div class=\"elementor-element elementor-element-19d7142 e-con-full e-flex e-con e-child\" data-id=\"19d7142\" data-element_type=\"container\">\n\t\t\t\t<div class=\"elementor-element elementor-element-4ae6b69 elementor-widget elementor-widget-heading\" data-id=\"4ae6b69\" data-element_type=\"widget\" data-widget_type=\"heading.default\">\n\t\t\t\t<div class=\"elementor-widget-container\">\n\t\t\t\t\t<h3 class=\"elementor-heading-title elementor-size-default\">LINKS<\/h3>\t\t\t\t<\/div>\n\t\t\t\t<\/div>\n\t\t\t\t<\/div>\n\t\t<div class=\"elementor-element elementor-element-ce536d3 e-grid e-con-full e-con e-child\" data-id=\"ce536d3\" data-element_type=\"container\">\n\t\t\t\t<div class=\"elementor-element elementor-element-87e1e20 elementor-align-justify elementor-widget elementor-widget-button\" data-id=\"87e1e20\" data-element_type=\"widget\" data-widget_type=\"button.default\">\n\t\t\t\t<div class=\"elementor-widget-container\">\n\t\t\t\t\t\t\t\t\t<div class=\"elementor-button-wrapper\">\n\t\t\t\t\t<a class=\"elementor-button elementor-button-link elementor-size-sm\" href=\"https:\/\/www.abecbrasil.org.br\/\">\n\t\t\t\t\t\t<span class=\"elementor-button-content-wrapper\">\n\t\t\t\t\t\t\t\t\t<span class=\"elementor-button-text\">ABEC<\/span>\n\t\t\t\t\t<\/span>\n\t\t\t\t\t<\/a>\n\t\t\t\t<\/div>\n\t\t\t\t\t\t\t\t<\/div>\n\t\t\t\t<\/div>\n\t\t\t\t<div class=\"elementor-element elementor-element-f3977b7 elementor-align-justify elementor-widget elementor-widget-button\" data-id=\"f3977b7\" data-element_type=\"widget\" data-widget_type=\"button.default\">\n\t\t\t\t<div class=\"elementor-widget-container\">\n\t\t\t\t\t\t\t\t\t<div class=\"elementor-button-wrapper\">\n\t\t\t\t\t<a class=\"elementor-button elementor-button-link elementor-size-sm\" href=\"https:\/\/apastyle.apa.org\/\">\n\t\t\t\t\t\t<span class=\"elementor-button-content-wrapper\">\n\t\t\t\t\t\t\t\t\t<span class=\"elementor-button-text\">APA<\/span>\n\t\t\t\t\t<\/span>\n\t\t\t\t\t<\/a>\n\t\t\t\t<\/div>\n\t\t\t\t\t\t\t\t<\/div>\n\t\t\t\t<\/div>\n\t\t\t\t<div class=\"elementor-element elementor-element-6e523a3 elementor-align-justify elementor-widget elementor-widget-button\" data-id=\"6e523a3\" data-element_type=\"widget\" data-widget_type=\"button.default\">\n\t\t\t\t<div class=\"elementor-widget-container\">\n\t\t\t\t\t\t\t\t\t<div class=\"elementor-button-wrapper\">\n\t\t\t\t\t<a class=\"elementor-button elementor-button-link elementor-size-sm\" href=\"http:\/\/hemerotecadigital.bn.br\/\">\n\t\t\t\t\t\t<span class=\"elementor-button-content-wrapper\">\n\t\t\t\t\t\t\t\t\t<span class=\"elementor-button-text\">Hemeroteca Digital Brasileira<\/span>\n\t\t\t\t\t<\/span>\n\t\t\t\t\t<\/a>\n\t\t\t\t<\/div>\n\t\t\t\t\t\t\t\t<\/div>\n\t\t\t\t<\/div>\n\t\t\t\t<div class=\"elementor-element elementor-element-38fbef4 elementor-align-justify elementor-widget elementor-widget-button\" data-id=\"38fbef4\" data-element_type=\"widget\" data-widget_type=\"button.default\">\n\t\t\t\t<div class=\"elementor-widget-container\">\n\t\t\t\t\t\t\t\t\t<div class=\"elementor-button-wrapper\">\n\t\t\t\t\t<a class=\"elementor-button elementor-button-link elementor-size-sm\" href=\"http:\/\/qualis.capes.gov.br\/webqualis\/principal.seam\">\n\t\t\t\t\t\t<span class=\"elementor-button-content-wrapper\">\n\t\t\t\t\t\t\t\t\t<span class=\"elementor-button-text\">CAPES - WebQualis<\/span>\n\t\t\t\t\t<\/span>\n\t\t\t\t\t<\/a>\n\t\t\t\t<\/div>\n\t\t\t\t\t\t\t\t<\/div>\n\t\t\t\t<\/div>\n\t\t\t\t<div class=\"elementor-element elementor-element-f7eef34 elementor-align-justify elementor-widget elementor-widget-button\" data-id=\"f7eef34\" data-element_type=\"widget\" data-widget_type=\"button.default\">\n\t\t\t\t<div class=\"elementor-widget-container\">\n\t\t\t\t\t\t\t\t\t<div class=\"elementor-button-wrapper\">\n\t\t\t\t\t<a class=\"elementor-button elementor-button-link elementor-size-sm\" href=\"http:\/\/memoria.cnpq.br\/normas\/lei_po_085_11.htm#etica\">\n\t\t\t\t\t\t<span class=\"elementor-button-content-wrapper\">\n\t\t\t\t\t\t\t\t\t<span class=\"elementor-button-text\">CNPq<\/span>\n\t\t\t\t\t<\/span>\n\t\t\t\t\t<\/a>\n\t\t\t\t<\/div>\n\t\t\t\t\t\t\t\t<\/div>\n\t\t\t\t<\/div>\n\t\t\t\t<div class=\"elementor-element elementor-element-18dbe7a elementor-align-justify elementor-widget elementor-widget-button\" data-id=\"18dbe7a\" data-element_type=\"widget\" data-widget_type=\"button.default\">\n\t\t\t\t<div class=\"elementor-widget-container\">\n\t\t\t\t\t\t\t\t\t<div class=\"elementor-button-wrapper\">\n\t\t\t\t\t<a class=\"elementor-button elementor-button-link elementor-size-sm\" href=\"http:\/\/publicationethics.org\/files\/Ethical_guidelines_for_peer_reviewers_0.pdf\">\n\t\t\t\t\t\t<span class=\"elementor-button-content-wrapper\">\n\t\t\t\t\t\t\t\t\t<span class=\"elementor-button-text\">Committee on Publication Ethics<\/span>\n\t\t\t\t\t<\/span>\n\t\t\t\t\t<\/a>\n\t\t\t\t<\/div>\n\t\t\t\t\t\t\t\t<\/div>\n\t\t\t\t<\/div>\n\t\t\t\t<\/div>\n\t\t<div class=\"elementor-element elementor-element-a4a3129 e-grid e-con-full e-con e-child\" data-id=\"a4a3129\" data-element_type=\"container\">\n\t\t\t\t<div class=\"elementor-element elementor-element-41352ff elementor-align-justify elementor-widget elementor-widget-button\" data-id=\"41352ff\" data-element_type=\"widget\" data-widget_type=\"button.default\">\n\t\t\t\t<div class=\"elementor-widget-container\">\n\t\t\t\t\t\t\t\t\t<div class=\"elementor-button-wrapper\">\n\t\t\t\t\t<a class=\"elementor-button elementor-button-link elementor-size-sm\" href=\"http:\/\/dejavu-fonts.org\/wiki\/Main_Page\">\n\t\t\t\t\t\t<span class=\"elementor-button-content-wrapper\">\n\t\t\t\t\t\t\t\t\t<span class=\"elementor-button-text\">DejaVu Fonts<\/span>\n\t\t\t\t\t<\/span>\n\t\t\t\t\t<\/a>\n\t\t\t\t<\/div>\n\t\t\t\t\t\t\t\t<\/div>\n\t\t\t\t<\/div>\n\t\t\t\t<div class=\"elementor-element elementor-element-d1b3b64 elementor-align-justify elementor-widget elementor-widget-button\" data-id=\"d1b3b64\" data-element_type=\"widget\" data-widget_type=\"button.default\">\n\t\t\t\t<div class=\"elementor-widget-container\">\n\t\t\t\t\t\t\t\t\t<div class=\"elementor-button-wrapper\">\n\t\t\t\t\t<a class=\"elementor-button elementor-button-link elementor-size-sm\" href=\"http:\/\/www.icmje.org\/\">\n\t\t\t\t\t\t<span class=\"elementor-button-content-wrapper\">\n\t\t\t\t\t\t\t\t\t<span class=\"elementor-button-text\">International Committee of  Medical Journal Editors<\/span>\n\t\t\t\t\t<\/span>\n\t\t\t\t\t<\/a>\n\t\t\t\t<\/div>\n\t\t\t\t\t\t\t\t<\/div>\n\t\t\t\t<\/div>\n\t\t\t\t<div class=\"elementor-element elementor-element-ef4544f elementor-align-justify elementor-widget elementor-widget-button\" data-id=\"ef4544f\" data-element_type=\"widget\" data-widget_type=\"button.default\">\n\t\t\t\t<div class=\"elementor-widget-container\">\n\t\t\t\t\t\t\t\t\t<div class=\"elementor-button-wrapper\">\n\t\t\t\t\t<a class=\"elementor-button elementor-button-link elementor-size-sm\" href=\"http:\/\/www.periodicos.capes.gov.br\/\">\n\t\t\t\t\t\t<span class=\"elementor-button-content-wrapper\">\n\t\t\t\t\t\t\t\t\t<span class=\"elementor-button-text\">Portal de Peri\u00f3dicos<\/span>\n\t\t\t\t\t<\/span>\n\t\t\t\t\t<\/a>\n\t\t\t\t<\/div>\n\t\t\t\t\t\t\t\t<\/div>\n\t\t\t\t<\/div>\n\t\t\t\t<div class=\"elementor-element elementor-element-b16de31 elementor-align-justify elementor-widget elementor-widget-button\" data-id=\"b16de31\" data-element_type=\"widget\" data-widget_type=\"button.default\">\n\t\t\t\t<div class=\"elementor-widget-container\">\n\t\t\t\t\t\t\t\t\t<div class=\"elementor-button-wrapper\">\n\t\t\t\t\t<a class=\"elementor-button elementor-button-link elementor-size-sm\" href=\"http:\/\/retractionwatch.wordpress.com\/\">\n\t\t\t\t\t\t<span class=\"elementor-button-content-wrapper\">\n\t\t\t\t\t\t\t\t\t<span class=\"elementor-button-text\">Retraction Watch<\/span>\n\t\t\t\t\t<\/span>\n\t\t\t\t\t<\/a>\n\t\t\t\t<\/div>\n\t\t\t\t\t\t\t\t<\/div>\n\t\t\t\t<\/div>\n\t\t\t\t<div class=\"elementor-element elementor-element-f2acfd5 elementor-align-justify elementor-widget elementor-widget-button\" data-id=\"f2acfd5\" data-element_type=\"widget\" data-widget_type=\"button.default\">\n\t\t\t\t<div class=\"elementor-widget-container\">\n\t\t\t\t\t\t\t\t\t<div class=\"elementor-button-wrapper\">\n\t\t\t\t\t<a class=\"elementor-button elementor-button-link elementor-size-sm\" href=\"https:\/\/www.scielo.org\/\">\n\t\t\t\t\t\t<span class=\"elementor-button-content-wrapper\">\n\t\t\t\t\t\t\t\t\t<span class=\"elementor-button-text\">SCIELO<\/span>\n\t\t\t\t\t<\/span>\n\t\t\t\t\t<\/a>\n\t\t\t\t<\/div>\n\t\t\t\t\t\t\t\t<\/div>\n\t\t\t\t<\/div>\n\t\t\t\t<div class=\"elementor-element elementor-element-a807fdd elementor-align-justify elementor-widget elementor-widget-button\" data-id=\"a807fdd\" data-element_type=\"widget\" data-widget_type=\"button.default\">\n\t\t\t\t<div class=\"elementor-widget-container\">\n\t\t\t\t\t\t\t\t\t<div class=\"elementor-button-wrapper\">\n\t\t\t\t\t<a class=\"elementor-button elementor-button-link elementor-size-sm\" href=\"http:\/\/www.scopus.com\/home.url\">\n\t\t\t\t\t\t<span class=\"elementor-button-content-wrapper\">\n\t\t\t\t\t\t\t\t\t<span class=\"elementor-button-text\">SCIELO<\/span>\n\t\t\t\t\t<\/span>\n\t\t\t\t\t<\/a>\n\t\t\t\t<\/div>\n\t\t\t\t\t\t\t\t<\/div>\n\t\t\t\t<\/div>\n\t\t\t\t<\/div>\n\t\t\t\t\t<\/div>\n\t\t\t\t<\/div>\n\t\t<div class=\"elementor-element elementor-element-0a24b23 e-flex e-con-boxed e-con e-parent\" data-id=\"0a24b23\" data-element_type=\"container\">\n\t\t\t\t\t<div class=\"e-con-inner\">\n\t\t\t\t\t<\/div>\n\t\t\t\t<\/div>\n\t\t\t\t<\/div>\n\t\t","protected":false},"excerpt":{"rendered":"<p>EDI\u00c7\u00c3O Ci\u00eancias Humanas, v.10, n.1 Janeiro\/Abril de 2015 Publica\u00e7\u00e3o quadrimestral do Museu Paraense Em\u00edlio Goeldi ISSN: 1981-8122 CARTA DO EDITOR ARTIGOS Rituais funer\u00e1rios e deposi\u00e7\u00e3o cer\u00e2mica nos s\u00edtios AM 41 e La Pointe de Balat\u00e9: repensando o per\u00edodo cer\u00e2mico tardio na plan\u00edcie costeira oeste da Guiana Francesa Mortuary rites and ceramic depositions at AM 41 [&hellip;]<\/p>\n","protected":false},"author":2,"featured_media":0,"parent":0,"menu_order":0,"comment_status":"closed","ping_status":"closed","template":"","meta":{"footnotes":""},"class_list":["post-985","page","type-page","status-publish","hentry"],"meta_box":[],"_links":{"self":[{"href":"https:\/\/boletimch.museu-goeldi.br\/index.php?rest_route=\/wp\/v2\/pages\/985","targetHints":{"allow":["GET"]}}],"collection":[{"href":"https:\/\/boletimch.museu-goeldi.br\/index.php?rest_route=\/wp\/v2\/pages"}],"about":[{"href":"https:\/\/boletimch.museu-goeldi.br\/index.php?rest_route=\/wp\/v2\/types\/page"}],"author":[{"embeddable":true,"href":"https:\/\/boletimch.museu-goeldi.br\/index.php?rest_route=\/wp\/v2\/users\/2"}],"replies":[{"embeddable":true,"href":"https:\/\/boletimch.museu-goeldi.br\/index.php?rest_route=%2Fwp%2Fv2%2Fcomments&post=985"}],"version-history":[{"count":19,"href":"https:\/\/boletimch.museu-goeldi.br\/index.php?rest_route=\/wp\/v2\/pages\/985\/revisions"}],"predecessor-version":[{"id":5072,"href":"https:\/\/boletimch.museu-goeldi.br\/index.php?rest_route=\/wp\/v2\/pages\/985\/revisions\/5072"}],"wp:attachment":[{"href":"https:\/\/boletimch.museu-goeldi.br\/index.php?rest_route=%2Fwp%2Fv2%2Fmedia&parent=985"}],"curies":[{"name":"wp","href":"https:\/\/api.w.org\/{rel}","templated":true}]}}